{"id":42,"date":"2014-11-26T20:11:54","date_gmt":"2014-11-26T20:11:54","guid":{"rendered":"http:\/\/www.blau-weiss-meer.de\/wordpress\/?page_id=42"},"modified":"2015-04-25T15:59:47","modified_gmt":"2015-04-25T15:59:47","slug":"die-anlage","status":"publish","type":"page","link":"https:\/\/www.blau-weiss-meer.de\/wordpress\/die-anlage\/","title":{"rendered":"Die Anlage"},"content":{"rendered":"<p style=\"text-align: left;\"><a href=\"https:\/\/www.blau-weiss-meer.de\/wordpress\/wp-content\/uploads\/2015\/04\/Anlage.jpg\"><img loading=\"lazy\" decoding=\"async\" class=\"alignnone wp-image-185 size-large\" src=\"https:\/\/www.blau-weiss-meer.de\/wordpress\/wp-content\/uploads\/2015\/04\/Anlage-1024x768.jpg\" alt=\"Anlage\" width=\"474\" height=\"355\" srcset=\"https:\/\/www.blau-weiss-meer.de\/wordpress\/wp-content\/uploads\/2015\/04\/Anlage-1024x768.jpg 1024w, https:\/\/www.blau-weiss-meer.de\/wordpress\/wp-content\/uploads\/2015\/04\/Anlage-300x225.jpg 300w\" sizes=\"auto, (max-width: 474px) 100vw, 474px\" \/><\/a><\/p>\n<p style=\"text-align: left;\">Unsere Anlage finden Sie im Zentrum von M\u00f6nchengladbach, im Schnittpunkt der Stadtteile Westend und Dahl.<br \/>\n<strong><a title=\"Anfahrt\" href=\"http:\/\/www.blau-weiss-meer.de\/kontakt\/ko-googlemap.htm\" target=\"_blank\">Anfahrtskizze<\/a><\/strong><\/p>\n<p>Unsere sportlichen Aktivit\u00e4ten finden auf <strong>f\u00fcnf Pl\u00e4tzen<\/strong> statt. Damit sind Wartezeiten die absolute Ausnahme.<\/p>\n","protected":false},"excerpt":{"rendered":"<p>Unsere Anlage finden Sie im Zentrum von M\u00f6nchengladbach, im Schnittpunkt der Stadtteile Westend und Dahl. Anfahrtskizze Unsere sportlichen Aktivit\u00e4ten finden&hellip;<\/p>\n","protected":false},"author":4,"featured_media":0,"parent":0,"menu_order":2,"comment_status":"open","ping_status":"open","template":"","meta":{"footnotes":""},"class_list":["post-42","page","type-page","status-publish","hentry"],"jetpack-related-posts":[{"id":126,"url":"https:\/\/www.blau-weiss-meer.de\/wordpress\/die-anlage\/die-plaetze\/","url_meta":{"origin":42,"position":0},"title":"Die Pl\u00e4tze","author":"Klaus Hardt","date":"24. Januar 2015","format":false,"excerpt":"Die Neuen Pl\u00e4tze 3 - 5 Auf f\u00fcnf Pl\u00e4tzen finden unsere sportlichen Aktivit\u00e4ten statt. Wartezeiten sind die absolute Ausnahme. Die Pl\u00e4tze 1 und 2 vor der neuen Zentrale der SMS Group.","rel":"","context":"\u00c4hnlicher Beitrag","block_context":{"text":"\u00c4hnlicher Beitrag","link":""},"img":{"alt_text":"","src":"https:\/\/i0.wp.com\/www.blau-weiss-meer.de\/wordpress\/wp-content\/uploads\/2024\/03\/20230730_102331-scaled.jpg?resize=350%2C200&ssl=1","width":350,"height":200,"srcset":"https:\/\/i0.wp.com\/www.blau-weiss-meer.de\/wordpress\/wp-content\/uploads\/2024\/03\/20230730_102331-scaled.jpg?resize=350%2C200&ssl=1 1x, https:\/\/i0.wp.com\/www.blau-weiss-meer.de\/wordpress\/wp-content\/uploads\/2024\/03\/20230730_102331-scaled.jpg?resize=525%2C300&ssl=1 1.5x, https:\/\/i0.wp.com\/www.blau-weiss-meer.de\/wordpress\/wp-content\/uploads\/2024\/03\/20230730_102331-scaled.jpg?resize=700%2C400&ssl=1 2x, https:\/\/i0.wp.com\/www.blau-weiss-meer.de\/wordpress\/wp-content\/uploads\/2024\/03\/20230730_102331-scaled.jpg?resize=1050%2C600&ssl=1 3x, https:\/\/i0.wp.com\/www.blau-weiss-meer.de\/wordpress\/wp-content\/uploads\/2024\/03\/20230730_102331-scaled.jpg?resize=1400%2C800&ssl=1 4x"},"classes":[]},{"id":134,"url":"https:\/\/www.blau-weiss-meer.de\/wordpress\/die-anlage\/trainingsplan\/","url_meta":{"origin":42,"position":1},"title":"Buchung","author":"Klaus Hardt","date":"24. Januar 2015","format":false,"excerpt":"Die Buchung der Pl\u00e4tze mit unserem Buchungssystem.","rel":"","context":"\u00c4hnlicher Beitrag","block_context":{"text":"\u00c4hnlicher Beitrag","link":""},"img":{"alt_text":"","src":"","width":0,"height":0},"classes":[]},{"id":132,"url":"https:\/\/www.blau-weiss-meer.de\/wordpress\/die-anlage\/impressionen\/","url_meta":{"origin":42,"position":2},"title":"Impressionen","author":"Klaus Hardt","date":"24. Januar 2015","format":false,"excerpt":"2. Mini Turnier des TK M\u00f6nchengladbach","rel":"","context":"\u00c4hnlicher Beitrag","block_context":{"text":"\u00c4hnlicher Beitrag","link":""},"img":{"alt_text":"P1110470","src":"https:\/\/i0.wp.com\/www.blau-weiss-meer.de\/wordpress\/wp-content\/uploads\/2015\/01\/P1110470-1024x768.jpg?resize=350%2C200","width":350,"height":200},"classes":[]},{"id":130,"url":"https:\/\/www.blau-weiss-meer.de\/wordpress\/die-anlage\/das-clubhaus\/","url_meta":{"origin":42,"position":3},"title":"Das Clubhaus","author":"Klaus Hardt","date":"24. Januar 2015","format":false,"excerpt":"Seit Sommer 2023 haben wir ein komplett neu gebautes Clubhaus. Bilder folgen hier in K\u00fcrze. Neben dem Tennissport ist nat\u00fcrlich auch Geselligkeit im und am Clubhaus gefragt. Zuschauer k\u00f6nnen von der Terrasse vor dem Clubhaus den Spielen folgen.","rel":"","context":"\u00c4hnlicher Beitrag","block_context":{"text":"\u00c4hnlicher Beitrag","link":""},"img":{"alt_text":"","src":"https:\/\/i0.wp.com\/www.blau-weiss-meer.de\/wordpress\/wp-content\/uploads\/2024\/03\/IMG_9896-scaled.jpg?resize=350%2C200&ssl=1","width":350,"height":200,"srcset":"https:\/\/i0.wp.com\/www.blau-weiss-meer.de\/wordpress\/wp-content\/uploads\/2024\/03\/IMG_9896-scaled.jpg?resize=350%2C200&ssl=1 1x, https:\/\/i0.wp.com\/www.blau-weiss-meer.de\/wordpress\/wp-content\/uploads\/2024\/03\/IMG_9896-scaled.jpg?resize=525%2C300&ssl=1 1.5x, https:\/\/i0.wp.com\/www.blau-weiss-meer.de\/wordpress\/wp-content\/uploads\/2024\/03\/IMG_9896-scaled.jpg?resize=700%2C400&ssl=1 2x, https:\/\/i0.wp.com\/www.blau-weiss-meer.de\/wordpress\/wp-content\/uploads\/2024\/03\/IMG_9896-scaled.jpg?resize=1050%2C600&ssl=1 3x, https:\/\/i0.wp.com\/www.blau-weiss-meer.de\/wordpress\/wp-content\/uploads\/2024\/03\/IMG_9896-scaled.jpg?resize=1400%2C800&ssl=1 4x"},"classes":[]},{"id":118,"url":"https:\/\/www.blau-weiss-meer.de\/wordpress\/beispiel-seite\/tennisschule\/","url_meta":{"origin":42,"position":4},"title":"Tennisschule","author":"Klaus Hardt","date":"24. Januar 2015","format":false,"excerpt":"Unser Verein hat eine eigene Tennisschule unter der Leitung von Migo Spenst! Hier finden Sie das Formular mit dem Sie sich f\u00fcr das Sommer-Training ab dem 13.04.26 - 16.10.26 schriftlich anmelden k\u00f6nnen: anmeldungSommer2026Herunterladen N\u00e4here Informationen zu unserem staatlich gepr\u00fcften Tennislehrer, Pr\u00e4ventionscoach und DTB-C Trainer\u00a0 finden Sie unter: http:\/\/www.tennis-lehrer.com Migo SpenstMaasweg\u2026","rel":"","context":"\u00c4hnlicher Beitrag","block_context":{"text":"\u00c4hnlicher Beitrag","link":""},"img":{"alt_text":"","src":"https:\/\/i0.wp.com\/www.blau-weiss-meer.de\/wordpress\/wp-content\/uploads\/2022\/08\/migo2022.jpg?resize=350%2C200&ssl=1","width":350,"height":200,"srcset":"https:\/\/i0.wp.com\/www.blau-weiss-meer.de\/wordpress\/wp-content\/uploads\/2022\/08\/migo2022.jpg?resize=350%2C200&ssl=1 1x, https:\/\/i0.wp.com\/www.blau-weiss-meer.de\/wordpress\/wp-content\/uploads\/2022\/08\/migo2022.jpg?resize=525%2C300&ssl=1 1.5x, https:\/\/i0.wp.com\/www.blau-weiss-meer.de\/wordpress\/wp-content\/uploads\/2022\/08\/migo2022.jpg?resize=700%2C400&ssl=1 2x, https:\/\/i0.wp.com\/www.blau-weiss-meer.de\/wordpress\/wp-content\/uploads\/2022\/08\/migo2022.jpg?resize=1050%2C600&ssl=1 3x, https:\/\/i0.wp.com\/www.blau-weiss-meer.de\/wordpress\/wp-content\/uploads\/2022\/08\/migo2022.jpg?resize=1400%2C800&ssl=1 4x"},"classes":[]},{"id":3648,"url":"https:\/\/www.blau-weiss-meer.de\/wordpress\/sponsoren\/","url_meta":{"origin":42,"position":5},"title":"Sponsoren","author":"Migo","date":"29. April 2022","format":false,"excerpt":"Hier finden Sie all unsere Sponsoren:","rel":"","context":"\u00c4hnlicher Beitrag","block_context":{"text":"\u00c4hnlicher Beitrag","link":""},"img":{"alt_text":"","src":"https:\/\/i0.wp.com\/www.blau-weiss-meer.de\/wordpress\/wp-content\/uploads\/2023\/08\/4496470f-e3f6-44a0-95ed-63568b93d796.jpeg?resize=350%2C200&ssl=1","width":350,"height":200,"srcset":"https:\/\/i0.wp.com\/www.blau-weiss-meer.de\/wordpress\/wp-content\/uploads\/2023\/08\/4496470f-e3f6-44a0-95ed-63568b93d796.jpeg?resize=350%2C200&ssl=1 1x, https:\/\/i0.wp.com\/www.blau-weiss-meer.de\/wordpress\/wp-content\/uploads\/2023\/08\/4496470f-e3f6-44a0-95ed-63568b93d796.jpeg?resize=525%2C300&ssl=1 1.5x, https:\/\/i0.wp.com\/www.blau-weiss-meer.de\/wordpress\/wp-content\/uploads\/2023\/08\/4496470f-e3f6-44a0-95ed-63568b93d796.jpeg?resize=700%2C400&ssl=1 2x"},"classes":[]}],"jetpack_sharing_enabled":true,"jetpack_likes_enabled":true,"_links":{"self":[{"href":"https:\/\/www.blau-weiss-meer.de\/wordpress\/wp-json\/wp\/v2\/pages\/42","targetHints":{"allow":["GET"]}}],"collection":[{"href":"https:\/\/www.blau-weiss-meer.de\/wordpress\/wp-json\/wp\/v2\/pages"}],"about":[{"href":"https:\/\/www.blau-weiss-meer.de\/wordpress\/wp-json\/wp\/v2\/types\/page"}],"author":[{"embeddable":true,"href":"https:\/\/www.blau-weiss-meer.de\/wordpress\/wp-json\/wp\/v2\/users\/4"}],"replies":[{"embeddable":true,"href":"https:\/\/www.blau-weiss-meer.de\/wordpress\/wp-json\/wp\/v2\/comments?post=42"}],"version-history":[{"count":10,"href":"https:\/\/www.blau-weiss-meer.de\/wordpress\/wp-json\/wp\/v2\/pages\/42\/revisions"}],"predecessor-version":[{"id":195,"href":"https:\/\/www.blau-weiss-meer.de\/wordpress\/wp-json\/wp\/v2\/pages\/42\/revisions\/195"}],"wp:attachment":[{"href":"https:\/\/www.blau-weiss-meer.de\/wordpress\/wp-json\/wp\/v2\/media?parent=42"}],"curies":[{"name":"wp","href":"https:\/\/api.w.org\/{rel}","templated":true}]}}