{"id":3688,"date":"2022-05-10T07:45:20","date_gmt":"2022-05-10T07:45:20","guid":{"rendered":"http:\/\/www.blau-weiss-meer.de\/wordpress\/?page_id=3688"},"modified":"2022-05-10T07:46:59","modified_gmt":"2022-05-10T07:46:59","slug":"herren-65","status":"publish","type":"page","link":"https:\/\/www.blau-weiss-meer.de\/wordpress\/herren-65\/","title":{"rendered":"Herren 65"},"content":{"rendered":"\n<figure class=\"wp-block-table\"><table><tbody><tr><td><\/td><td><a href=\"https:\/\/tvn.liga.nu\/cgi-bin\/WebObjects\/nuLigaTENDE.woa\/wa\/groupPage?targetFed=TVN&amp;championship=Linker+Niederrhein+S+22&amp;group=97\">Herren 65 Bezirksklasse B Gr. 097<\/a><\/td><\/tr><\/tbody><\/table><\/figure>\n\n\n\n<figure class=\"wp-block-table\"><table><tbody><tr><td><strong>Mannschaftsf\u00fchrer<\/strong><\/td><td>Vaehsen Heinz &nbsp;&#8211;&nbsp;Mobil: 0171-5242821<br><a href=\"mailto:HVaehsen@t-online.de\">HVaehsen@t-online.de<\/a><\/td><\/tr><\/tbody><\/table><\/figure>\n\n\n\n<p><\/p>\n\n\n\n<figure class=\"wp-block-table\"><table><tbody><tr><th>Rang<\/th><th>Mannschaft<\/th><th>LK<\/th><th>ID-Nummer<\/th><th>Name, Vorname<\/th><th>Nation<\/th><th>Info<\/th><th>SG<\/th><th>Einzel<\/th><th>Doppel<\/th><th>gesamt<\/th><\/tr><tr><td>1<\/td><td>1<\/td><td>LK19,9<\/td><td>15703465&nbsp;<\/td><td><a href=\"https:\/\/tvn.liga.nu\/cgi-bin\/WebObjects\/nuLigaTENDE.woa\/wa\/teamPortrait?team=2792646&amp;championship=Linker+Niederrhein+S+22&amp;group=97#e_0_1_1_65_9_0_1_1_41_5_1_0_13_1Container\">Peters, Rudolf<\/a> &nbsp;(1957)<\/td><td>&nbsp;<\/td><td><\/td><td>&nbsp;<\/td><td><\/td><td>&#8211;<\/td><td><\/td><\/tr><tr><td>2<\/td><td>1<\/td><td>LK21,1<\/td><td>15204350&nbsp;<\/td><td><a href=\"https:\/\/tvn.liga.nu\/cgi-bin\/WebObjects\/nuLigaTENDE.woa\/wa\/teamPortrait?team=2792646&amp;championship=Linker+Niederrhein+S+22&amp;group=97#e_0_1_1_65_9_0_1_1_41_5_1_1_13_1Container\">Schmitz, Georg<\/a> &nbsp;(1952)<\/td><td>&nbsp;<\/td><td><\/td><td>&nbsp;<\/td><td>&#8211;<\/td><td><\/td><td><\/td><\/tr><tr><td>3<\/td><td>1<\/td><td>LK21,5<\/td><td>15304055&nbsp;<\/td><td><a href=\"https:\/\/tvn.liga.nu\/cgi-bin\/WebObjects\/nuLigaTENDE.woa\/wa\/teamPortrait?team=2792646&amp;championship=Linker+Niederrhein+S+22&amp;group=97#e_0_1_1_65_9_0_1_1_41_5_1_2_13_1Container\">Khayat, Samer<\/a> &nbsp;(1953)<\/td><td>&nbsp;<\/td><td><\/td><td>&nbsp;<\/td><td>&#8211;<\/td><td>&#8211;<\/td><td>&#8211;<\/td><\/tr><tr><td>4<\/td><td>1<\/td><td>LK22,9<\/td><td>15106196&nbsp;<\/td><td><a href=\"https:\/\/tvn.liga.nu\/cgi-bin\/WebObjects\/nuLigaTENDE.woa\/wa\/teamPortrait?team=2792646&amp;championship=Linker+Niederrhein+S+22&amp;group=97#e_0_1_1_65_9_0_1_1_41_5_1_3_13_1Container\">Vaehsen, Heinz<\/a> &nbsp;(1951)<\/td><td>&nbsp;<\/td><td><\/td><td>&nbsp;<\/td><td><\/td><td>&#8211;<\/td><td><\/td><\/tr><tr><td>5<\/td><td>1<\/td><td>LK21,4<\/td><td>15303817&nbsp;<\/td><td><a href=\"https:\/\/tvn.liga.nu\/cgi-bin\/WebObjects\/nuLigaTENDE.woa\/wa\/teamPortrait?team=2792646&amp;championship=Linker+Niederrhein+S+22&amp;group=97#e_0_1_1_65_9_0_1_1_41_5_1_4_13_1Container\">Ingenerf, Willi<\/a> &nbsp;(1953)<\/td><td>&nbsp;<\/td><td><\/td><td>&nbsp;<\/td><td><\/td><td><\/td><td><\/td><\/tr><tr><td>6<\/td><td>1<\/td><td>LK23,9<\/td><td>15404101&nbsp;<\/td><td><a href=\"https:\/\/tvn.liga.nu\/cgi-bin\/WebObjects\/nuLigaTENDE.woa\/wa\/teamPortrait?team=2792646&amp;championship=Linker+Niederrhein+S+22&amp;group=97#e_0_1_1_65_9_0_1_1_41_5_1_5_13_1Container\">Steffen, Erich Bernhard<\/a> &nbsp;(1954)<\/td><td>&nbsp;<\/td><td><\/td><td>&nbsp;<\/td><td><\/td><td>&#8211;<\/td><td><\/td><\/tr><tr><td>7<\/td><td>1<\/td><td>LK23,9<\/td><td>15304165&nbsp;<\/td><td><a href=\"https:\/\/tvn.liga.nu\/cgi-bin\/WebObjects\/nuLigaTENDE.woa\/wa\/teamPortrait?team=2792646&amp;championship=Linker+Niederrhein+S+22&amp;group=97#e_0_1_1_65_9_0_1_1_41_5_1_6_13_1Container\">Schr\u00f6der, Wolfgang<\/a> &nbsp;(1953)<\/td><td>&nbsp;<\/td><td><\/td><td>&nbsp;<\/td><td>&#8211;<\/td><td>&#8211;<\/td><td>&#8211;<\/td><\/tr><tr><td>8<\/td><td>1<\/td><td>LK23,9<\/td><td>14502935&nbsp;<\/td><td><a href=\"https:\/\/tvn.liga.nu\/cgi-bin\/WebObjects\/nuLigaTENDE.woa\/wa\/teamPortrait?team=2792646&amp;championship=Linker+Niederrhein+S+22&amp;group=97#e_0_1_1_65_9_0_1_1_41_5_1_7_13_1Container\">Radtke, Peter<\/a> &nbsp;(1945)<\/td><td>&nbsp;<\/td><td><\/td><td>&nbsp;<\/td><td>&#8211;<\/td><td><\/td><td><\/td><\/tr><tr><td>9<\/td><td>1<\/td><td>LK23,4<\/td><td>15503994&nbsp;<\/td><td><a href=\"https:\/\/tvn.liga.nu\/cgi-bin\/WebObjects\/nuLigaTENDE.woa\/wa\/teamPortrait?team=2792646&amp;championship=Linker+Niederrhein+S+22&amp;group=97#e_0_1_1_65_9_0_1_1_41_5_1_8_13_1Container\">Nix, Hartmut<\/a> &nbsp;(1955)<\/td><td>&nbsp;<\/td><td><\/td><td>&nbsp;<\/td><td>&#8211;<\/td><td><\/td><td><\/td><\/tr><tr><td>10<\/td><td>1<\/td><td>LK23,4<\/td><td>14403984&nbsp;<\/td><td><a href=\"https:\/\/tvn.liga.nu\/cgi-bin\/WebObjects\/nuLigaTENDE.woa\/wa\/teamPortrait?team=2792646&amp;championship=Linker+Niederrhein+S+22&amp;group=97#e_0_1_1_65_9_0_1_1_41_5_1_9_13_1Container\">Richter, Dietmar<\/a> &nbsp;(1944)<\/td><td>&nbsp;<\/td><td><\/td><td>&nbsp;<\/td><td>&#8211;<\/td><td>&#8211;<\/td><td>&#8211;<\/td><\/tr><tr><td>11<\/td><td>1<\/td><td>LK22,9<\/td><td>14504330&nbsp;<\/td><td><a href=\"https:\/\/tvn.liga.nu\/cgi-bin\/WebObjects\/nuLigaTENDE.woa\/wa\/teamPortrait?team=2792646&amp;championship=Linker+Niederrhein+S+22&amp;group=97#e_0_1_1_65_9_0_1_1_41_5_1_10_13_1Container\">Kamensky, Bernd<\/a> &nbsp;(1945)<\/td><td>&nbsp;<\/td><td><\/td><td>&nbsp;<\/td><td>&#8211;<\/td><td>&#8211;<\/td><td>&#8211;<\/td><\/tr><tr><td>12<\/td><td>1<\/td><td>LK23,9<\/td><td>14480188&nbsp;<\/td><td><a href=\"https:\/\/tvn.liga.nu\/cgi-bin\/WebObjects\/nuLigaTENDE.woa\/wa\/teamPortrait?team=2792646&amp;championship=Linker+Niederrhein+S+22&amp;group=97#e_0_1_1_65_9_0_1_1_41_5_1_11_13_1Container\">Richter, Sigmar<\/a> &nbsp;(1944)<\/td><td>&nbsp;<\/td><td><\/td><td>&nbsp;<\/td><td>&#8211;<\/td><td>&#8211;<\/td><td>&#8211;<\/td><\/tr><\/tbody><\/table><\/figure>\n","protected":false},"excerpt":{"rendered":"<p>Herren 65 Bezirksklasse B Gr. 097 Mannschaftsf\u00fchrer Vaehsen Heinz &nbsp;&#8211;&nbsp;Mobil: 0171-5242821HVaehsen@t-online.de Rang Mannschaft LK ID-Nummer Name, Vorname Nation Info SG&hellip;<\/p>\n","protected":false},"author":10,"featured_media":0,"parent":0,"menu_order":0,"comment_status":"closed","ping_status":"closed","template":"","meta":{"footnotes":""},"class_list":["post-3688","page","type-page","status-publish","hentry"],"jetpack-related-posts":[{"id":90,"url":"https:\/\/www.blau-weiss-meer.de\/wordpress\/mannschaften\/herren-50-2\/","url_meta":{"origin":3688,"position":0},"title":"Herren 60","author":"Klaus Hardt","date":"24. Januar 2015","format":false,"excerpt":"Herren 60, Bezirksklasse B,\u00a01. Mannschaft Mannschaftsf\u00fchrer: Vaehsen, Heinz Handy: 0171-5242821 Tabelle 2022 Rang Mannschaft LK ID-Nummer Name, Vorname Nation Info SG Einzel Doppel gesamt 1 1 LK19,1 15303803 Prof.Dr. Hardt, Klaus\u00a0\u00a0(1953) 2 1 LK19,9 15703465 Peters, Rudolf\u00a0\u00a0(1957) 3 1 LK21,1 16003575 Mertens, Stefan\u00a0\u00a0(1960) 4 1 LK21,1 15204350 Schmitz, Georg\u00a0\u00a0(1952) 5\u2026","rel":"","context":"Mit 4 Kommentaren","block_context":{"text":"Mit 4 Kommentaren","link":"https:\/\/www.blau-weiss-meer.de\/wordpress\/mannschaften\/herren-50-2\/#comments"},"img":{"alt_text":"","src":"","width":0,"height":0},"classes":[]},{"id":189,"url":"https:\/\/www.blau-weiss-meer.de\/wordpress\/jugend\/mannschaften\/","url_meta":{"origin":3688,"position":1},"title":"Mannschaften","author":"Klaus Hardt","date":"25. April 2015","format":false,"excerpt":"Juniorinnen III\/IV Spielegemeinschaft mit dem TC Venn Junioren I\/II","rel":"","context":"\u00c4hnlicher Beitrag","block_context":{"text":"\u00c4hnlicher Beitrag","link":""},"img":{"alt_text":"","src":"","width":0,"height":0},"classes":[]},{"id":1573,"url":"https:\/\/www.blau-weiss-meer.de\/wordpress\/mannschaften\/herren-30\/","url_meta":{"origin":3688,"position":2},"title":"Herren 30","author":"Klaus Hardt","date":"16. Mai 2017","format":false,"excerpt":"Neues von den Herren 30 Herren 30, Kreisliga\u00a01. Mannschaft Mannschaftsf\u00fchrer: Kempken, Tim E-Mail: timkempken@gmx.net Tabelle 2022 Rang Mannschaft LK ID-Nummer Name, Vorname Nation Info SG Einzel Doppel gesamt 1 1 LK9,2 17551647 Spenst, Michael \u00a0(1975) - - - 2 1 LK11,4 17752158 Stallzus, J\u00fcrgen Markus \u00a0(1977) - - - 3\u2026","rel":"","context":"\u00c4hnlicher Beitrag","block_context":{"text":"\u00c4hnlicher Beitrag","link":""},"img":{"alt_text":"","src":"","width":0,"height":0},"classes":[]},{"id":89,"url":"https:\/\/www.blau-weiss-meer.de\/wordpress\/mannschaften\/herren-50-1\/","url_meta":{"origin":3688,"position":3},"title":"Herren 50","author":"Klaus Hardt","date":"24. Januar 2015","format":false,"excerpt":"Herren 50, Bezirksklasse B, Gruppe C, 1. Mannschaft Mannschaftsf\u00fchrer: Kellers, RalfTabelle 2022 RangMannschaftLKID-NummerName, VornameNationInfoSGEinzelDoppelgesamt11LK10,916601348\u00a0van Vlorop, J\u00f6rg \u00a0(1966)\u00a0\u00a00:10:10:221LK12,416803274\u00a0Hermanns, Ricardo \u00a0(1968)\u00a0\u00a0---31LK12,617159457\u00a0Link, Andreas \u00a0(1971)\u00a0\u00a0---41LK14,917202377\u00a0Otten, Frank \u00a0(1972)\u00a0\u00a0---51LK15,616990417\u00a0Kellers, Ralf \u00a0(1969)\u00a0\u00a00:10:10:261LK16,716303424\u00a0Donga, Kersten \u00a0(1963)\u00a0\u00a01:00:11:171LK19,115303803\u00a0Prof.Dr. Hardt, Klaus \u00a0(1953)\u00a0\u00a0-0:10:181LK19,216805727\u00a0Richter, Thomas \u00a0(1968)\u00a0\u00a0---91LK23,817053312\u00a0Elsenbruch, Thomas \u00a0(1970)\u00a0\u00a0---101LK20,216805395\u00a0Takacs, Thomas \u00a0(1968)\u00a0\u00a00:10:10:2111LK23,716753331\u00a0Kreuter-Heitmann, Thorsten \u00a0(1967)\u00a0\u00a00:1-0:1121LK22,916303830\u00a0Schmitz, Ingo \u00a0(1963)\u00a0\u00a0---131LK23,616452769\u00a0Heijendenrijk, Adamo \u00a0(1964)\u00a0\u00a00:10:10:2141LK21,116003575\u00a0Mertens, Stefan \u00a0(1960)\u00a0\u00a0---151LK23,815803517\u00a0Kelz, Olaf \u00a0(1958)\u00a0\u00a0---161LK23,915903610\u00a0Mitt, Robert \u00a0(1959)\u00a0\u00a0---171LK23,416803528\u00a0M\u00fccke, Harald \u00a0(1968)\u00a0\u00a0---181LK23,917283662\u00a0Stelten,\u2026","rel":"","context":"\u00c4hnlicher Beitrag","block_context":{"text":"\u00c4hnlicher Beitrag","link":""},"img":{"alt_text":"","src":"https:\/\/i0.wp.com\/www.blau-weiss-meer.de\/wordpress\/wp-content\/uploads\/2021\/03\/Cr7yekcA-1-scaled.jpeg?resize=350%2C200&ssl=1","width":350,"height":200,"srcset":"https:\/\/i0.wp.com\/www.blau-weiss-meer.de\/wordpress\/wp-content\/uploads\/2021\/03\/Cr7yekcA-1-scaled.jpeg?resize=350%2C200&ssl=1 1x, https:\/\/i0.wp.com\/www.blau-weiss-meer.de\/wordpress\/wp-content\/uploads\/2021\/03\/Cr7yekcA-1-scaled.jpeg?resize=525%2C300&ssl=1 1.5x, https:\/\/i0.wp.com\/www.blau-weiss-meer.de\/wordpress\/wp-content\/uploads\/2021\/03\/Cr7yekcA-1-scaled.jpeg?resize=700%2C400&ssl=1 2x, https:\/\/i0.wp.com\/www.blau-weiss-meer.de\/wordpress\/wp-content\/uploads\/2021\/03\/Cr7yekcA-1-scaled.jpeg?resize=1050%2C600&ssl=1 3x, https:\/\/i0.wp.com\/www.blau-weiss-meer.de\/wordpress\/wp-content\/uploads\/2021\/03\/Cr7yekcA-1-scaled.jpeg?resize=1400%2C800&ssl=1 4x"},"classes":[]},{"id":28,"url":"https:\/\/www.blau-weiss-meer.de\/wordpress\/mannschaften\/damen-40\/","url_meta":{"origin":3688,"position":4},"title":"Damen 40","author":"Klaus Hardt","date":"26. November 2014","format":false,"excerpt":"Unsere Damen 40 haben eine Spielgemeinschaft mit dem TC VENN, Bezirksklasse A, Mannschaftsf\u00fchrerin:\u00a0 Winter: Takacs,Claudia Sommer: Sandra K\u00fcppersTel.-p.: 02166\/340007Tel.-d.: 02166\/985024E-Mail-p.: sportwartin@blau-weiss-meer.de Handy: 0172\/3624223 RangMannschaftLKID-NummerName, VornameNationInfoSGEinzelDoppelgesamt11LK13,227101596\u00a0K\u00fcppers, Sandra\u00a0\u00a0(1971)\u00a0\u00a0---21LK13,227001742\u00a0Palm, Sabine\u00a0\u00a0(1970)\u00a0\u00a0---31LK13,626551922\u00a0Siebra\u00dfe, Kornelia\u00a0\u00a0(1965)\u00a0\u00a0---41LK15,526902321\u00a0Takacs, Claudia\u00a0\u00a0(1969)\u00a0\u00a0---51LK18,627201418\u00a0Heilmann, Andrea\u00a0\u00a0(1972)\u00a0\u00a0---61LK19,127450819\u00a0Werner-Netzer, Anna Monika\u00a0\u00a0(1974)\u00a0\u00a0---71LK19,927902054\u00a0Schaath, Simone\u00a0\u00a0(1979)\u00a0\u00a0---81LK21,128002260\u00a0Johann, Kirsten\u00a0\u00a0(1980)\u00a0\u00a0---91LK20,227082577\u00a0Link, Sonja\u00a0\u00a0(1970)\u00a0\u00a0---101LK23,427301194\u00a0M\u00fchlen, Carolin\u00a0\u00a0(1973)\u00a0\u00a0---111LK23,427702024\u00a0D\u00fclpers, Tina\u00a0\u00a0(1977)\u00a0\u00a0--- Medenspiele 2023Samstag, 06.05.2023 14h TC Venn: Rot-Weiss Uredingen Samstag, 13.05.2023 14h TC Venn\u2026","rel":"","context":"Mit 1 Kommentar","block_context":{"text":"Mit 1 Kommentar","link":"https:\/\/www.blau-weiss-meer.de\/wordpress\/mannschaften\/damen-40\/#comments"},"img":{"alt_text":"","src":"https:\/\/i0.wp.com\/www.blau-weiss-meer.de\/wordpress\/wp-content\/uploads\/2023\/05\/image0.jpeg?resize=350%2C200&ssl=1","width":350,"height":200,"srcset":"https:\/\/i0.wp.com\/www.blau-weiss-meer.de\/wordpress\/wp-content\/uploads\/2023\/05\/image0.jpeg?resize=350%2C200&ssl=1 1x, https:\/\/i0.wp.com\/www.blau-weiss-meer.de\/wordpress\/wp-content\/uploads\/2023\/05\/image0.jpeg?resize=525%2C300&ssl=1 1.5x"},"classes":[]},{"id":142,"url":"https:\/\/www.blau-weiss-meer.de\/wordpress\/clubmeisterschaften\/","url_meta":{"origin":3688,"position":5},"title":"Clubmeisterschaften","author":"Klaus Hardt","date":"4. September 2018","format":false,"excerpt":"Jedes Jahr veranstalten wir Clubmeisterschaften im Mixed, Doppel und Einzelkonkurrenzen. Sie werden teils in Form von Wochenend-Turnieren oder \u00fcber einen l\u00e4ngeren Zeitraum in Gruppen- und KO-Spielen ausgetragen. Neben dem sportlichen Wettkampf ist uns vor allem das gemeinsame Tennisspielen mannschafts\u00fcbergreifend wichtig. Impressionen vom Mixed-Turnier 2023:","rel":"","context":"\u00c4hnlicher Beitrag","block_context":{"text":"\u00c4hnlicher Beitrag","link":""},"img":{"alt_text":"","src":"https:\/\/i0.wp.com\/www.blau-weiss-meer.de\/wordpress\/wp-content\/uploads\/2024\/03\/IMG_9886-scaled.jpg?resize=350%2C200&ssl=1","width":350,"height":200,"srcset":"https:\/\/i0.wp.com\/www.blau-weiss-meer.de\/wordpress\/wp-content\/uploads\/2024\/03\/IMG_9886-scaled.jpg?resize=350%2C200&ssl=1 1x, https:\/\/i0.wp.com\/www.blau-weiss-meer.de\/wordpress\/wp-content\/uploads\/2024\/03\/IMG_9886-scaled.jpg?resize=525%2C300&ssl=1 1.5x, https:\/\/i0.wp.com\/www.blau-weiss-meer.de\/wordpress\/wp-content\/uploads\/2024\/03\/IMG_9886-scaled.jpg?resize=700%2C400&ssl=1 2x, https:\/\/i0.wp.com\/www.blau-weiss-meer.de\/wordpress\/wp-content\/uploads\/2024\/03\/IMG_9886-scaled.jpg?resize=1050%2C600&ssl=1 3x, https:\/\/i0.wp.com\/www.blau-weiss-meer.de\/wordpress\/wp-content\/uploads\/2024\/03\/IMG_9886-scaled.jpg?resize=1400%2C800&ssl=1 4x"},"classes":[]}],"jetpack_sharing_enabled":true,"jetpack_likes_enabled":true,"_links":{"self":[{"href":"https:\/\/www.blau-weiss-meer.de\/wordpress\/wp-json\/wp\/v2\/pages\/3688","targetHints":{"allow":["GET"]}}],"collection":[{"href":"https:\/\/www.blau-weiss-meer.de\/wordpress\/wp-json\/wp\/v2\/pages"}],"about":[{"href":"https:\/\/www.blau-weiss-meer.de\/wordpress\/wp-json\/wp\/v2\/types\/page"}],"author":[{"embeddable":true,"href":"https:\/\/www.blau-weiss-meer.de\/wordpress\/wp-json\/wp\/v2\/users\/10"}],"replies":[{"embeddable":true,"href":"https:\/\/www.blau-weiss-meer.de\/wordpress\/wp-json\/wp\/v2\/comments?post=3688"}],"version-history":[{"count":2,"href":"https:\/\/www.blau-weiss-meer.de\/wordpress\/wp-json\/wp\/v2\/pages\/3688\/revisions"}],"predecessor-version":[{"id":3691,"href":"https:\/\/www.blau-weiss-meer.de\/wordpress\/wp-json\/wp\/v2\/pages\/3688\/revisions\/3691"}],"wp:attachment":[{"href":"https:\/\/www.blau-weiss-meer.de\/wordpress\/wp-json\/wp\/v2\/media?parent=3688"}],"curies":[{"name":"wp","href":"https:\/\/api.w.org\/{rel}","templated":true}]}}