{"id":3630,"date":"2022-04-07T07:56:29","date_gmt":"2022-04-07T07:56:29","guid":{"rendered":"http:\/\/www.blau-weiss-meer.de\/wordpress\/?page_id=3630"},"modified":"2024-03-28T10:36:19","modified_gmt":"2024-03-28T10:36:19","slug":"platzbelegung-training-mannschaften-2022","status":"publish","type":"page","link":"https:\/\/www.blau-weiss-meer.de\/wordpress\/platzbelegung-training-mannschaften-2022\/","title":{"rendered":"Platzbelegung (Training Mannschaften 2024)"},"content":{"rendered":"\n<figure class=\"wp-block-image size-full\"><a href=\"https:\/\/www.blau-weiss-meer.de\/wordpress\/wp-content\/uploads\/2024\/03\/Platzbelegungsplan_2024.png\"><img loading=\"lazy\" decoding=\"async\" width=\"949\" height=\"529\" src=\"https:\/\/www.blau-weiss-meer.de\/wordpress\/wp-content\/uploads\/2024\/03\/Platzbelegungsplan_2024.png\" alt=\"\" class=\"wp-image-4572\" srcset=\"https:\/\/www.blau-weiss-meer.de\/wordpress\/wp-content\/uploads\/2024\/03\/Platzbelegungsplan_2024.png 949w, https:\/\/www.blau-weiss-meer.de\/wordpress\/wp-content\/uploads\/2024\/03\/Platzbelegungsplan_2024-300x167.png 300w, https:\/\/www.blau-weiss-meer.de\/wordpress\/wp-content\/uploads\/2024\/03\/Platzbelegungsplan_2024-768x428.png 768w\" sizes=\"auto, (max-width: 949px) 100vw, 949px\" \/><\/a><\/figure>\n","protected":false},"excerpt":{"rendered":"","protected":false},"author":10,"featured_media":0,"parent":0,"menu_order":0,"comment_status":"closed","ping_status":"closed","template":"","meta":{"footnotes":""},"class_list":["post-3630","page","type-page","status-publish","hentry"],"jetpack-related-posts":[{"id":933,"url":"https:\/\/www.blau-weiss-meer.de\/wordpress\/jugend\/trainingszeiten\/trainingsplatz-jugend\/","url_meta":{"origin":3630,"position":0},"title":"Trainingsplatz Jugend","author":"Claudia Takacs","date":"18. April 2016","format":false,"excerpt":"In dieser Saison gibt es f\u00fcr die Jugendmedenspieler die M\u00f6glichkeit, Freitags von 15.00-17.00 Uhr auf Platz 4 zu trainieren. \u00a0","rel":"","context":"\u00c4hnlicher Beitrag","block_context":{"text":"\u00c4hnlicher Beitrag","link":""},"img":{"alt_text":"","src":"","width":0,"height":0},"classes":[]},{"id":2052,"url":"https:\/\/www.blau-weiss-meer.de\/wordpress\/impressum\/datenschutzerklaerung\/","url_meta":{"origin":3630,"position":1},"title":"DATENSCHUTZORDNUNG","author":"Klaus Hardt","date":"7. Juni 2018","format":false,"excerpt":"DATENSCHUTZORDNUNGderTG Blau-Weiss Meer e. V. \u00a0in der revidierten Fassung vom 1. August 2024\u00a0 Datenschutz ist der TG Blau Weiss Meer e.V. sehr wichtig.Als Datenverantwortlicher versichert der Vorstand, dass die Erhebung, Verarbeitung und Nutzung von personenbezogenen Daten die Datenschutz-Grundrechte der Mitglieder angemessen ber\u00fccksichtigt. Diese Datenschutzordnung erf\u00fcllt die Vorgaben der\u00a0 Datenschutzgrundverordnung (DSGVO),\u00a0\u2026","rel":"","context":"\u00c4hnlicher Beitrag","block_context":{"text":"\u00c4hnlicher Beitrag","link":""},"img":{"alt_text":"","src":"","width":0,"height":0},"classes":[]},{"id":134,"url":"https:\/\/www.blau-weiss-meer.de\/wordpress\/die-anlage\/trainingsplan\/","url_meta":{"origin":3630,"position":2},"title":"Buchung","author":"Klaus Hardt","date":"24. Januar 2015","format":false,"excerpt":"Die Buchung der Pl\u00e4tze mit unserem Buchungssystem.","rel":"","context":"\u00c4hnlicher Beitrag","block_context":{"text":"\u00c4hnlicher Beitrag","link":""},"img":{"alt_text":"","src":"","width":0,"height":0},"classes":[]},{"id":189,"url":"https:\/\/www.blau-weiss-meer.de\/wordpress\/jugend\/mannschaften\/","url_meta":{"origin":3630,"position":3},"title":"Mannschaften","author":"Klaus Hardt","date":"25. April 2015","format":false,"excerpt":"Juniorinnen III\/IV Spielegemeinschaft mit dem TC Venn Junioren I\/II","rel":"","context":"\u00c4hnlicher Beitrag","block_context":{"text":"\u00c4hnlicher Beitrag","link":""},"img":{"alt_text":"","src":"","width":0,"height":0},"classes":[]},{"id":90,"url":"https:\/\/www.blau-weiss-meer.de\/wordpress\/mannschaften\/herren-50-2\/","url_meta":{"origin":3630,"position":4},"title":"Herren 60","author":"Klaus Hardt","date":"24. Januar 2015","format":false,"excerpt":"Herren 60, Bezirksklasse B,\u00a01. Mannschaft Mannschaftsf\u00fchrer: Vaehsen, Heinz Handy: 0171-5242821 Tabelle 2022 Rang Mannschaft LK ID-Nummer Name, Vorname Nation Info SG Einzel Doppel gesamt 1 1 LK19,1 15303803 Prof.Dr. Hardt, Klaus\u00a0\u00a0(1953) 2 1 LK19,9 15703465 Peters, Rudolf\u00a0\u00a0(1957) 3 1 LK21,1 16003575 Mertens, Stefan\u00a0\u00a0(1960) 4 1 LK21,1 15204350 Schmitz, Georg\u00a0\u00a0(1952) 5\u2026","rel":"","context":"Mit 4 Kommentaren","block_context":{"text":"Mit 4 Kommentaren","link":"https:\/\/www.blau-weiss-meer.de\/wordpress\/mannschaften\/herren-50-2\/#comments"},"img":{"alt_text":"","src":"","width":0,"height":0},"classes":[]},{"id":1573,"url":"https:\/\/www.blau-weiss-meer.de\/wordpress\/mannschaften\/herren-30\/","url_meta":{"origin":3630,"position":5},"title":"Herren 30","author":"Klaus Hardt","date":"16. Mai 2017","format":false,"excerpt":"Neues von den Herren 30 Herren 30, Kreisliga\u00a01. Mannschaft Mannschaftsf\u00fchrer: Kempken, Tim E-Mail: timkempken@gmx.net Tabelle 2022 Rang Mannschaft LK ID-Nummer Name, Vorname Nation Info SG Einzel Doppel gesamt 1 1 LK9,2 17551647 Spenst, Michael \u00a0(1975) - - - 2 1 LK11,4 17752158 Stallzus, J\u00fcrgen Markus \u00a0(1977) - - - 3\u2026","rel":"","context":"\u00c4hnlicher Beitrag","block_context":{"text":"\u00c4hnlicher Beitrag","link":""},"img":{"alt_text":"","src":"","width":0,"height":0},"classes":[]}],"jetpack_sharing_enabled":true,"jetpack_likes_enabled":true,"_links":{"self":[{"href":"https:\/\/www.blau-weiss-meer.de\/wordpress\/wp-json\/wp\/v2\/pages\/3630","targetHints":{"allow":["GET"]}}],"collection":[{"href":"https:\/\/www.blau-weiss-meer.de\/wordpress\/wp-json\/wp\/v2\/pages"}],"about":[{"href":"https:\/\/www.blau-weiss-meer.de\/wordpress\/wp-json\/wp\/v2\/types\/page"}],"author":[{"embeddable":true,"href":"https:\/\/www.blau-weiss-meer.de\/wordpress\/wp-json\/wp\/v2\/users\/10"}],"replies":[{"embeddable":true,"href":"https:\/\/www.blau-weiss-meer.de\/wordpress\/wp-json\/wp\/v2\/comments?post=3630"}],"version-history":[{"count":4,"href":"https:\/\/www.blau-weiss-meer.de\/wordpress\/wp-json\/wp\/v2\/pages\/3630\/revisions"}],"predecessor-version":[{"id":4573,"href":"https:\/\/www.blau-weiss-meer.de\/wordpress\/wp-json\/wp\/v2\/pages\/3630\/revisions\/4573"}],"wp:attachment":[{"href":"https:\/\/www.blau-weiss-meer.de\/wordpress\/wp-json\/wp\/v2\/media?parent=3630"}],"curies":[{"name":"wp","href":"https:\/\/api.w.org\/{rel}","templated":true}]}}