{"id":2211,"date":"2018-08-13T17:21:32","date_gmt":"2018-08-13T17:21:32","guid":{"rendered":"http:\/\/www.blau-weiss-meer.de\/wordpress\/?page_id=2211"},"modified":"2018-09-04T15:12:18","modified_gmt":"2018-09-04T15:12:18","slug":"veranstaltungen-2","status":"publish","type":"page","link":"https:\/\/www.blau-weiss-meer.de\/wordpress\/veranstaltungen-2\/","title":{"rendered":"Veranstaltungen"},"content":{"rendered":"<p>Eine <strong>\u00dcbersicht<\/strong> \u00fcber alle <strong>Medenspieltermine <\/strong>und sonstigen Termine dieser Saison findet Ihr in dieser <a title=\"Veranstaltungskalender\" href=\"http:\/\/www.blau-weiss-meer.de\/_NEU\/daten\/2017-Medenspiele und Veranstaltungen.xls\" target=\"_blank\">XLS-Datei<\/a>. Bitte achtet auf Aktualisierungen auf dem Aushang am Clubhaus!<\/p>\n<hr>\n<h5>Klickt ihr hier auf <a title=\"Veranstaltungsplan\" href=\"https:\/\/www.blau-weiss-meer.de\/wordpress\/?post_type=tribe_events\"><strong>Veranstaltungsplan<\/strong><\/a>, \u00f6ffnet sich die Kalenderansicht der Veranstaltungen.<\/h5>\n<hr>\n<p>Im folgenden noch ein paar weitere kommende Veranstaltungen, f\u00fcr die ihr euch <em>anmelden <\/em>k\u00f6nnt:<\/p>\n<p>[add_eventon show_et_ft_img=&#8220;no&#8220; ft_event_priority=&#8220;no&#8220; only_ft=&#8220;no&#8220;\u00a0 event_count=&#8220;12&#8243; etc_override=&#8220;yes&#8220; ux_val=&#8220;3&#8243; evc_open=&#8220;no&#8220; jumper=&#8220;no&#8220; hide_so=&#8220;no&#8220; evonotes=&#8220;&#8220; tiles=&#8220;yes&#8220; tile_count=&#8220;1&#8243; tile_height=&#8220;250&#8243; tile_bg=&#8220;0&#8243; tile_style=&#8220;0&#8243; ]<\/p>\n","protected":false},"excerpt":{"rendered":"<p>Eine \u00dcbersicht \u00fcber alle Medenspieltermine und sonstigen Termine dieser Saison findet Ihr in dieser XLS-Datei. Bitte achtet auf Aktualisierungen auf&hellip;<\/p>\n","protected":false},"author":4,"featured_media":0,"parent":0,"menu_order":4,"comment_status":"closed","ping_status":"open","template":"","meta":{"footnotes":""},"class_list":["post-2211","page","type-page","status-publish","hentry"],"jetpack-related-posts":[{"id":478,"url":"https:\/\/www.blau-weiss-meer.de\/wordpress\/jugend\/veranstaltungen-im-jugendbereich\/","url_meta":{"origin":2211,"position":0},"title":"Veranstaltungen im Jugendbereich","author":"Klaus Hardt","date":"16. Juni 2015","format":false,"excerpt":"Am\u00a009.07.17 findet wieder unsere Endrunde der Pausenlige von der Montessorischule von 11.00 bis 13.00 Uhr statt. Alle Mitglieder sind herzlich eingeladen. \u00a0","rel":"","context":"\u00c4hnlicher Beitrag","block_context":{"text":"\u00c4hnlicher Beitrag","link":""},"img":{"alt_text":"","src":"","width":0,"height":0},"classes":[]},{"id":197,"url":"https:\/\/www.blau-weiss-meer.de\/wordpress\/veranstaltungen-2\/spieleabend\/","url_meta":{"origin":2211,"position":1},"title":"Spieleabend","author":"Klaus Hardt","date":"25. April 2015","format":false,"excerpt":"Spielen und vorher ein wenig Essen Wir starten ab 19:00 Uhr mit der Speisung und k\u00f6nnen dann gegen 19:45 Uhr mit dem Spielen beginnen. Erfahrungsgem\u00e4\u00df endet der Abend gegen 22:30 Uhr. An den bisherigen Spielabenden haben folgende Spielgruppen gebildet : Skip-Bo Skat Pokern Schach (auch Anf\u00e4nger sind herzlich willkommen und\u2026","rel":"","context":"\u00c4hnlicher Beitrag","block_context":{"text":"\u00c4hnlicher Beitrag","link":""},"img":{"alt_text":"","src":"","width":0,"height":0},"classes":[]},{"id":142,"url":"https:\/\/www.blau-weiss-meer.de\/wordpress\/clubmeisterschaften\/","url_meta":{"origin":2211,"position":2},"title":"Clubmeisterschaften","author":"Klaus Hardt","date":"4. September 2018","format":false,"excerpt":"Jedes Jahr veranstalten wir Clubmeisterschaften im Mixed, Doppel und Einzelkonkurrenzen. Sie werden teils in Form von Wochenend-Turnieren oder \u00fcber einen l\u00e4ngeren Zeitraum in Gruppen- und KO-Spielen ausgetragen. Neben dem sportlichen Wettkampf ist uns vor allem das gemeinsame Tennisspielen mannschafts\u00fcbergreifend wichtig. Impressionen vom Mixed-Turnier 2023:","rel":"","context":"\u00c4hnlicher Beitrag","block_context":{"text":"\u00c4hnlicher Beitrag","link":""},"img":{"alt_text":"","src":"https:\/\/i0.wp.com\/www.blau-weiss-meer.de\/wordpress\/wp-content\/uploads\/2024\/03\/IMG_9886-scaled.jpg?resize=350%2C200&ssl=1","width":350,"height":200,"srcset":"https:\/\/i0.wp.com\/www.blau-weiss-meer.de\/wordpress\/wp-content\/uploads\/2024\/03\/IMG_9886-scaled.jpg?resize=350%2C200&ssl=1 1x, https:\/\/i0.wp.com\/www.blau-weiss-meer.de\/wordpress\/wp-content\/uploads\/2024\/03\/IMG_9886-scaled.jpg?resize=525%2C300&ssl=1 1.5x, https:\/\/i0.wp.com\/www.blau-weiss-meer.de\/wordpress\/wp-content\/uploads\/2024\/03\/IMG_9886-scaled.jpg?resize=700%2C400&ssl=1 2x, https:\/\/i0.wp.com\/www.blau-weiss-meer.de\/wordpress\/wp-content\/uploads\/2024\/03\/IMG_9886-scaled.jpg?resize=1050%2C600&ssl=1 3x, https:\/\/i0.wp.com\/www.blau-weiss-meer.de\/wordpress\/wp-content\/uploads\/2024\/03\/IMG_9886-scaled.jpg?resize=1400%2C800&ssl=1 4x"},"classes":[]},{"id":110,"url":"https:\/\/www.blau-weiss-meer.de\/wordpress\/beispiel-seite\/historie\/","url_meta":{"origin":2211,"position":3},"title":"Historie","author":"Klaus Hardt","date":"24. Januar 2015","format":false,"excerpt":"Kleine Historie Die Tennisgemeinschaft \"Blau-Weiss Meer e.V.\" wurde am 23.04.1959 gegr\u00fcndet und geh\u00f6rt damit zu den \u00e4ltesten Tennisclubs in M\u00f6nchengladbach. Bei der Gr\u00fcndung trug unser Verein noch den Namen \"Blau-Weiss Mannesmann-Meer\", wurde von der Firma Mannesmann-Meer AG tatkr\u00e4ftig unterst\u00fctzt und war als reine Betriebssportgemeinschaft ausschlie\u00dflich den Zielen des Betriebssports verpflichtet.\u2026","rel":"","context":"\u00c4hnlicher Beitrag","block_context":{"text":"\u00c4hnlicher Beitrag","link":""},"img":{"alt_text":"","src":"https:\/\/i0.wp.com\/www.blau-weiss-meer.de\/ueber_uns\/historie\/album-25-jahre\/thumbs\/th_Bild-01.jpg?resize=350%2C200","width":350,"height":200},"classes":[]},{"id":187,"url":"https:\/\/www.blau-weiss-meer.de\/wordpress\/jugend\/trainingszeiten\/","url_meta":{"origin":2211,"position":4},"title":"Trainingszeiten","author":"Klaus Hardt","date":"25. April 2015","format":false,"excerpt":"Noch verf\u00fcgbare Trainingszeiten Sommersaison 2022 Montags: 13.00 Uhr - 16.00 Uhr Donnerstags: 13.00 Uhr -16.00 Uhr Vormittags\u00a0 Mo bis Fr 8.00 - 12.00 Andere Termine auf Anfrage \u00fcber unsere Tennisschule. Ansprechpartner: Migo Spenst migo@tennis-lehrer.com 01578 39 20 125","rel":"","context":"\u00c4hnlicher Beitrag","block_context":{"text":"\u00c4hnlicher Beitrag","link":""},"img":{"alt_text":"","src":"","width":0,"height":0},"classes":[]},{"id":114,"url":"https:\/\/www.blau-weiss-meer.de\/wordpress\/beispiel-seite\/mitgliedschaft\/","url_meta":{"origin":2211,"position":5},"title":"Mitgliedschaft","author":"Klaus Hardt","date":"24. Januar 2015","format":false,"excerpt":"Sie interessieren sich f\u00fcr eine Mitgliedschaft? - Bitte schauen Sie sich den Aufnahmeantrag hier an. Bei Interesse f\u00fcllen Sie den Antrag in unserem Vereinsheim aus oder laden ihn hier herunter, drucken ihn beidseitig aus und schicken ihn an uns zur\u00fcck. Die notwendigen Informationen \/ Dateien: Aufnahmeantrag(Stand: 11\/2022) BEITRAGS\u00dcBERSICHT\u00a0(Stand: 04\/2022) Satzung\u2026","rel":"","context":"\u00c4hnlicher Beitrag","block_context":{"text":"\u00c4hnlicher Beitrag","link":""},"img":{"alt_text":"","src":"","width":0,"height":0},"classes":[]}],"jetpack_sharing_enabled":true,"jetpack_likes_enabled":true,"_links":{"self":[{"href":"https:\/\/www.blau-weiss-meer.de\/wordpress\/wp-json\/wp\/v2\/pages\/2211","targetHints":{"allow":["GET"]}}],"collection":[{"href":"https:\/\/www.blau-weiss-meer.de\/wordpress\/wp-json\/wp\/v2\/pages"}],"about":[{"href":"https:\/\/www.blau-weiss-meer.de\/wordpress\/wp-json\/wp\/v2\/types\/page"}],"author":[{"embeddable":true,"href":"https:\/\/www.blau-weiss-meer.de\/wordpress\/wp-json\/wp\/v2\/users\/4"}],"replies":[{"embeddable":true,"href":"https:\/\/www.blau-weiss-meer.de\/wordpress\/wp-json\/wp\/v2\/comments?post=2211"}],"version-history":[{"count":31,"href":"https:\/\/www.blau-weiss-meer.de\/wordpress\/wp-json\/wp\/v2\/pages\/2211\/revisions"}],"predecessor-version":[{"id":2342,"href":"https:\/\/www.blau-weiss-meer.de\/wordpress\/wp-json\/wp\/v2\/pages\/2211\/revisions\/2342"}],"wp:attachment":[{"href":"https:\/\/www.blau-weiss-meer.de\/wordpress\/wp-json\/wp\/v2\/media?parent=2211"}],"curies":[{"name":"wp","href":"https:\/\/api.w.org\/{rel}","templated":true}]}}