{"id":2,"date":"2014-11-26T17:06:04","date_gmt":"2014-11-26T17:06:04","guid":{"rendered":"http:\/\/www.blau-weiss-meer.de\/wordpress\/?page_id=2"},"modified":"2021-03-10T14:46:08","modified_gmt":"2021-03-10T14:46:08","slug":"beispiel-seite","status":"publish","type":"page","link":"https:\/\/www.blau-weiss-meer.de\/wordpress\/beispiel-seite\/","title":{"rendered":"Unser Verein"},"content":{"rendered":"\n<h4 class=\"wp-block-heading\">Willkommen auf den Internetseiten des TC Blau-Weiss Meer e.V.<\/h4>\n\n\n\n<p>Auf diesen Seiten stellen wir Ihnen unseren Verein gerne einmal vor.<\/p>\n\n\n\n<p>Alle evtl. dann noch offenen Fragen k\u00f6nnen Sie gerne stellen an:<\/p>\n\n\n\n<div class=\"wp-block-columns is-layout-flex wp-container-core-columns-is-layout-9d6595d7 wp-block-columns-is-layout-flex\">\n<div class=\"wp-block-column is-layout-flow wp-block-column-is-layout-flow\" style=\"flex-basis:100%\">\n<figure class=\"wp-block-table\"><table><tbody><tr><td><strong>Allgemeine Fragen<\/strong><\/td><td><strong><a href=\"mailto:info@blau-weiss-meer.de?subject=Informationen\">info@blau-weiss-meer.de<\/a><\/strong><\/td><\/tr><tr><td><strong>Nachricht an den Vorstand<\/strong><\/td><td><strong><a href=\"mailto:vorstand@blau-weiss-meer.de?subject=Website\">vorstand@blau-weiss-meer.de<\/a><\/strong><\/td><\/tr><tr><td><strong>Webmaster<\/strong><\/td><td><strong><a href=\"mailto:webmaster@blau-weiss-meer.de?subject=Website\">webmaster@blau-weiss-meer.de<\/a><\/strong><\/td><\/tr><tr><td><strong>Training<\/strong><\/td><td><strong><a href=\"mailto:migo@tennis-lehrer.com?subject=Website\">migo@tennis-lehrer.com<\/a><\/strong><\/td><\/tr><\/tbody><\/table><\/figure>\n<\/div>\n<\/div>\n","protected":false},"excerpt":{"rendered":"<p>Willkommen auf den Internetseiten des TC Blau-Weiss Meer e.V. Auf diesen Seiten stellen wir Ihnen unseren Verein gerne einmal vor.&hellip;<\/p>\n","protected":false},"author":4,"featured_media":0,"parent":0,"menu_order":1,"comment_status":"open","ping_status":"open","template":"","meta":{"footnotes":""},"class_list":["post-2","page","type-page","status-publish","hentry"],"jetpack-related-posts":[{"id":13,"url":"https:\/\/www.blau-weiss-meer.de\/wordpress\/impressum\/","url_meta":{"origin":2,"position":0},"title":"Impressum","author":"Klaus Hardt","date":"26. November 2014","format":false,"excerpt":"TG Blau-Weiss Meer e.V. Ohlerkirchweg 24 41069 M\u00f6nchengladbach Tel.: 0162-2006 516 info@blau-weiss-meer.de vorstand@blau-weiss-meer.de Vereinskennziffer: 1005060 Vereinsnummer: I\/051 Verantwortlich : Vorstand der TG Blau-Weiss Meer e.V. Copyright Alle Rechte vorbehalten. Eine Verwertung der urheberrechtlich gesch\u00fctzten Beitr\u00e4ge, insbesondere durch Vervielf\u00e4ltigung, Verbreitung auch in elektronischer Form\u00a0 ist ohne vorherige Zustimmung unzul\u00e4ssig und strafbar,\u2026","rel":"","context":"\u00c4hnlicher Beitrag","block_context":{"text":"\u00c4hnlicher Beitrag","link":""},"img":{"alt_text":"","src":"","width":0,"height":0},"classes":[]},{"id":114,"url":"https:\/\/www.blau-weiss-meer.de\/wordpress\/beispiel-seite\/mitgliedschaft\/","url_meta":{"origin":2,"position":1},"title":"Mitgliedschaft","author":"Klaus Hardt","date":"24. Januar 2015","format":false,"excerpt":"Sie interessieren sich f\u00fcr eine Mitgliedschaft? - Bitte schauen Sie sich den Aufnahmeantrag hier an. Bei Interesse f\u00fcllen Sie den Antrag in unserem Vereinsheim aus oder laden ihn hier herunter, drucken ihn beidseitig aus und schicken ihn an uns zur\u00fcck. Die notwendigen Informationen \/ Dateien: Aufnahmeantrag(Stand: 11\/2022) BEITRAGS\u00dcBERSICHT\u00a0(Stand: 04\/2022) Satzung\u2026","rel":"","context":"\u00c4hnlicher Beitrag","block_context":{"text":"\u00c4hnlicher Beitrag","link":""},"img":{"alt_text":"","src":"","width":0,"height":0},"classes":[]},{"id":110,"url":"https:\/\/www.blau-weiss-meer.de\/wordpress\/beispiel-seite\/historie\/","url_meta":{"origin":2,"position":2},"title":"Historie","author":"Klaus Hardt","date":"24. Januar 2015","format":false,"excerpt":"Kleine Historie Die Tennisgemeinschaft \"Blau-Weiss Meer e.V.\" wurde am 23.04.1959 gegr\u00fcndet und geh\u00f6rt damit zu den \u00e4ltesten Tennisclubs in M\u00f6nchengladbach. Bei der Gr\u00fcndung trug unser Verein noch den Namen \"Blau-Weiss Mannesmann-Meer\", wurde von der Firma Mannesmann-Meer AG tatkr\u00e4ftig unterst\u00fctzt und war als reine Betriebssportgemeinschaft ausschlie\u00dflich den Zielen des Betriebssports verpflichtet.\u2026","rel":"","context":"\u00c4hnlicher Beitrag","block_context":{"text":"\u00c4hnlicher Beitrag","link":""},"img":{"alt_text":"","src":"https:\/\/i0.wp.com\/www.blau-weiss-meer.de\/ueber_uns\/historie\/album-25-jahre\/thumbs\/th_Bild-01.jpg?resize=350%2C200","width":350,"height":200},"classes":[]},{"id":2052,"url":"https:\/\/www.blau-weiss-meer.de\/wordpress\/impressum\/datenschutzerklaerung\/","url_meta":{"origin":2,"position":3},"title":"DATENSCHUTZORDNUNG","author":"Klaus Hardt","date":"7. Juni 2018","format":false,"excerpt":"DATENSCHUTZORDNUNGderTG Blau-Weiss Meer e. V. \u00a0in der revidierten Fassung vom 1. August 2024\u00a0 Datenschutz ist der TG Blau Weiss Meer e.V. sehr wichtig.Als Datenverantwortlicher versichert der Vorstand, dass die Erhebung, Verarbeitung und Nutzung von personenbezogenen Daten die Datenschutz-Grundrechte der Mitglieder angemessen ber\u00fccksichtigt. Diese Datenschutzordnung erf\u00fcllt die Vorgaben der\u00a0 Datenschutzgrundverordnung (DSGVO),\u00a0\u2026","rel":"","context":"\u00c4hnlicher Beitrag","block_context":{"text":"\u00c4hnlicher Beitrag","link":""},"img":{"alt_text":"","src":"","width":0,"height":0},"classes":[]},{"id":115,"url":"https:\/\/www.blau-weiss-meer.de\/wordpress\/beispiel-seite\/mitglieder\/","url_meta":{"origin":2,"position":4},"title":"Mitglieder","author":"Klaus Hardt","date":"24. Januar 2015","format":false,"excerpt":"Derzeit hat unser Verein 110 Mitglieder (Stand: Anfang 2024), von denen rund 14 dem Jungendbereich zuzuordnen sind. Die Verteilung zwischen m\u00e4nnlichen und weiblichen Mitgliedern ist nahezu 50:50.","rel":"","context":"\u00c4hnlicher Beitrag","block_context":{"text":"\u00c4hnlicher Beitrag","link":""},"img":{"alt_text":"Mitglieder2","src":"https:\/\/i0.wp.com\/www.blau-weiss-meer.de\/wordpress\/wp-content\/uploads\/2015\/01\/Mitglieder2-1024x681.jpg?resize=350%2C200","width":350,"height":200},"classes":[]},{"id":44,"url":"https:\/\/www.blau-weiss-meer.de\/wordpress\/kontakt\/vorstand\/","url_meta":{"origin":2,"position":5},"title":"Vorstand","author":"Klaus Hardt","date":"26. November 2014","format":false,"excerpt":"1. Vorsitzender Uwe Repschl\u00e4ger E-Mail :1vorsitzender@blau-weiss-meer.de 2. Vorsitzender Robert Mitt E-Mail :2vorsitzender@blau-weiss-meer.de Jugendwartin Laura Gonzalez E-Mail :jugendwartin@blau-weiss-meer.de Sportwart Jens Singer E-Mail :sportwart@blau-weiss-meer.de Kassenwart Ralf Kellers E-Mail:kassenwart@blau-weiss-meer.de \u00a0","rel":"","context":"\u00c4hnlicher Beitrag","block_context":{"text":"\u00c4hnlicher Beitrag","link":""},"img":{"alt_text":"Repschlaeger","src":"https:\/\/i0.wp.com\/www.blau-weiss-meer.de\/wordpress\/wp-content\/uploads\/2014\/11\/Repschlaeger-150x150.jpg?resize=350%2C200","width":350,"height":200},"classes":[]}],"jetpack_sharing_enabled":true,"jetpack_likes_enabled":true,"_links":{"self":[{"href":"https:\/\/www.blau-weiss-meer.de\/wordpress\/wp-json\/wp\/v2\/pages\/2","targetHints":{"allow":["GET"]}}],"collection":[{"href":"https:\/\/www.blau-weiss-meer.de\/wordpress\/wp-json\/wp\/v2\/pages"}],"about":[{"href":"https:\/\/www.blau-weiss-meer.de\/wordpress\/wp-json\/wp\/v2\/types\/page"}],"author":[{"embeddable":true,"href":"https:\/\/www.blau-weiss-meer.de\/wordpress\/wp-json\/wp\/v2\/users\/4"}],"replies":[{"embeddable":true,"href":"https:\/\/www.blau-weiss-meer.de\/wordpress\/wp-json\/wp\/v2\/comments?post=2"}],"version-history":[{"count":11,"href":"https:\/\/www.blau-weiss-meer.de\/wordpress\/wp-json\/wp\/v2\/pages\/2\/revisions"}],"predecessor-version":[{"id":3016,"href":"https:\/\/www.blau-weiss-meer.de\/wordpress\/wp-json\/wp\/v2\/pages\/2\/revisions\/3016"}],"wp:attachment":[{"href":"https:\/\/www.blau-weiss-meer.de\/wordpress\/wp-json\/wp\/v2\/media?parent=2"}],"curies":[{"name":"wp","href":"https:\/\/api.w.org\/{rel}","templated":true}]}}