{"id":197,"date":"2015-04-25T16:03:50","date_gmt":"2015-04-25T16:03:50","guid":{"rendered":"http:\/\/www.blau-weiss-meer.de\/wordpress\/?page_id=197"},"modified":"2018-09-05T05:54:52","modified_gmt":"2018-09-05T05:54:52","slug":"spieleabend","status":"publish","type":"page","link":"https:\/\/www.blau-weiss-meer.de\/wordpress\/veranstaltungen-2\/spieleabend\/","title":{"rendered":"Spieleabend"},"content":{"rendered":"<h4><strong>Spielen und vorher ein wenig Essen<\/strong><\/h4>\n<p>Wir starten <strong>ab 19:00 Uhr<\/strong> mit der Speisung und k\u00f6nnen dann <strong>gegen 19:45 Uhr mit dem Spielen beginnen<\/strong>. Erfahrungsgem\u00e4\u00df endet der Abend gegen 22:30 Uhr.<\/p>\n<p>An den bisherigen Spielabenden haben folgende Spielgruppen gebildet :<\/p>\n<ul>\n<li>Skip-Bo<\/li>\n<li>Skat<\/li>\n<li>Pokern<\/li>\n<li>Schach (auch Anf\u00e4nger sind herzlich willkommen und werden von Willi Ingenerf gerne mit den Regeln vertraut gemacht und mit solidem Grundwissen versorgt)<\/li>\n<\/ul>\n<p>Nat\u00fcrlich kann jede\/jeder auch andere Spiele mitbringen (z. B. Romme, Doppelkopf, Uno). Spieleautor Harald bringt auch immer neue Spiele mit.<\/p>\n<p>Wer was mit wem spielt, kann jeder selbst entscheiden.<\/p>\n<p>\u201eDer pauschale Kostenbeitrag betr\u00e4gt pro Person EUR 3,00 f\u00fcr das Essen, den Willi bar kassieren wird.<br \/>\nDie Getr\u00e4nke schreibt weiter jeder auf seiner Thekenkarte selbst auf.\u201c<\/p>\n<p>Der Spieleabend soll dazu beitragen, die Kontakt untereinander zu vertiefen und gemeinsam ein wenig Spa\u00df zu haben. Die bisherigen Spieleabende haben allen Teilnehmern viel Freude gemacht.<\/p>\n<h4>Wir bitten jeweils um Anmeldung<\/h4>\n","protected":false},"excerpt":{"rendered":"<p>Spielen und vorher ein wenig Essen Wir starten ab 19:00 Uhr mit der Speisung und k\u00f6nnen dann gegen 19:45 Uhr&hellip;<\/p>\n","protected":false},"author":4,"featured_media":0,"parent":2211,"menu_order":0,"comment_status":"open","ping_status":"open","template":"","meta":{"footnotes":""},"class_list":["post-197","page","type-page","status-publish","hentry"],"jetpack-related-posts":[{"id":3963,"url":"https:\/\/www.blau-weiss-meer.de\/wordpress\/offener-spieltreff-jeden-sonntag\/","url_meta":{"origin":197,"position":0},"title":"offener Spieltreff &#8211; jeden Sonntag","author":"Migo","date":"8. August 2022","format":false,"excerpt":"hiermit m\u00f6chte ich Euch im Namen des Vorstands zum \"Offenen Spieltreff\" herzlich einladen. In der Zeit vom 07. August bis zum 25.September 2022 werden wir jeden Sonntag ab 11.00 Uhr einen offenen Spieltreff stattfinden lassen. Dieser Spieltreff\u00a0ist neu und wir m\u00f6chten mit Euch allen, den neuen Mitgliedern so die M\u00f6glichkeit\u2026","rel":"","context":"\u00c4hnlicher Beitrag","block_context":{"text":"\u00c4hnlicher Beitrag","link":""},"img":{"alt_text":"","src":"https:\/\/i0.wp.com\/www.blau-weiss-meer.de\/wordpress\/wp-content\/uploads\/2022\/08\/bwmeergesellschaft-logo-bl.png?resize=350%2C200&ssl=1","width":350,"height":200},"classes":[]},{"id":933,"url":"https:\/\/www.blau-weiss-meer.de\/wordpress\/jugend\/trainingszeiten\/trainingsplatz-jugend\/","url_meta":{"origin":197,"position":1},"title":"Trainingsplatz Jugend","author":"Claudia Takacs","date":"18. April 2016","format":false,"excerpt":"In dieser Saison gibt es f\u00fcr die Jugendmedenspieler die M\u00f6glichkeit, Freitags von 15.00-17.00 Uhr auf Platz 4 zu trainieren. \u00a0","rel":"","context":"\u00c4hnlicher Beitrag","block_context":{"text":"\u00c4hnlicher Beitrag","link":""},"img":{"alt_text":"","src":"","width":0,"height":0},"classes":[]},{"id":142,"url":"https:\/\/www.blau-weiss-meer.de\/wordpress\/clubmeisterschaften\/","url_meta":{"origin":197,"position":2},"title":"Clubmeisterschaften","author":"Klaus Hardt","date":"4. September 2018","format":false,"excerpt":"Jedes Jahr veranstalten wir Clubmeisterschaften im Mixed, Doppel und Einzelkonkurrenzen. Sie werden teils in Form von Wochenend-Turnieren oder \u00fcber einen l\u00e4ngeren Zeitraum in Gruppen- und KO-Spielen ausgetragen. Neben dem sportlichen Wettkampf ist uns vor allem das gemeinsame Tennisspielen mannschafts\u00fcbergreifend wichtig. Impressionen vom Mixed-Turnier 2023:","rel":"","context":"\u00c4hnlicher Beitrag","block_context":{"text":"\u00c4hnlicher Beitrag","link":""},"img":{"alt_text":"","src":"https:\/\/i0.wp.com\/www.blau-weiss-meer.de\/wordpress\/wp-content\/uploads\/2024\/03\/IMG_9886-scaled.jpg?resize=350%2C200&ssl=1","width":350,"height":200,"srcset":"https:\/\/i0.wp.com\/www.blau-weiss-meer.de\/wordpress\/wp-content\/uploads\/2024\/03\/IMG_9886-scaled.jpg?resize=350%2C200&ssl=1 1x, https:\/\/i0.wp.com\/www.blau-weiss-meer.de\/wordpress\/wp-content\/uploads\/2024\/03\/IMG_9886-scaled.jpg?resize=525%2C300&ssl=1 1.5x, https:\/\/i0.wp.com\/www.blau-weiss-meer.de\/wordpress\/wp-content\/uploads\/2024\/03\/IMG_9886-scaled.jpg?resize=700%2C400&ssl=1 2x, https:\/\/i0.wp.com\/www.blau-weiss-meer.de\/wordpress\/wp-content\/uploads\/2024\/03\/IMG_9886-scaled.jpg?resize=1050%2C600&ssl=1 3x, https:\/\/i0.wp.com\/www.blau-weiss-meer.de\/wordpress\/wp-content\/uploads\/2024\/03\/IMG_9886-scaled.jpg?resize=1400%2C800&ssl=1 4x"},"classes":[]},{"id":2052,"url":"https:\/\/www.blau-weiss-meer.de\/wordpress\/impressum\/datenschutzerklaerung\/","url_meta":{"origin":197,"position":3},"title":"DATENSCHUTZORDNUNG","author":"Klaus Hardt","date":"7. Juni 2018","format":false,"excerpt":"DATENSCHUTZORDNUNGderTG Blau-Weiss Meer e. V. \u00a0in der revidierten Fassung vom 1. August 2024\u00a0 Datenschutz ist der TG Blau Weiss Meer e.V. sehr wichtig.Als Datenverantwortlicher versichert der Vorstand, dass die Erhebung, Verarbeitung und Nutzung von personenbezogenen Daten die Datenschutz-Grundrechte der Mitglieder angemessen ber\u00fccksichtigt. Diese Datenschutzordnung erf\u00fcllt die Vorgaben der\u00a0 Datenschutzgrundverordnung (DSGVO),\u00a0\u2026","rel":"","context":"\u00c4hnlicher Beitrag","block_context":{"text":"\u00c4hnlicher Beitrag","link":""},"img":{"alt_text":"","src":"","width":0,"height":0},"classes":[]},{"id":187,"url":"https:\/\/www.blau-weiss-meer.de\/wordpress\/jugend\/trainingszeiten\/","url_meta":{"origin":197,"position":4},"title":"Trainingszeiten","author":"Klaus Hardt","date":"25. April 2015","format":false,"excerpt":"Noch verf\u00fcgbare Trainingszeiten Sommersaison 2022 Montags: 13.00 Uhr - 16.00 Uhr Donnerstags: 13.00 Uhr -16.00 Uhr Vormittags\u00a0 Mo bis Fr 8.00 - 12.00 Andere Termine auf Anfrage \u00fcber unsere Tennisschule. Ansprechpartner: Migo Spenst migo@tennis-lehrer.com 01578 39 20 125","rel":"","context":"\u00c4hnlicher Beitrag","block_context":{"text":"\u00c4hnlicher Beitrag","link":""},"img":{"alt_text":"","src":"","width":0,"height":0},"classes":[]},{"id":93,"url":"https:\/\/www.blau-weiss-meer.de\/wordpress\/jugend\/","url_meta":{"origin":197,"position":5},"title":"Jugend","author":"Klaus Hardt","date":"24. Januar 2015","format":false,"excerpt":"Neuigkeiten zum Jugendteam Bei uns wird Jugendarbeit gro\u00df geschrieben! Techniktraining, Spiel mit Tennisschl\u00e4ger und Ball und nat\u00fcrlich immer mit viel Spa\u00df - das genie\u00dfen unsere \"Kids\" bei Jugendwartin laura Gonzales und unserem Tennistrainer Migo Spenst. Das Alter spielt keine Rolle. Der j\u00fcngste Teilnehmer am Training ist vier, die \u00e4lteste siebzehn.\u2026","rel":"","context":"\u00c4hnlicher Beitrag","block_context":{"text":"\u00c4hnlicher Beitrag","link":""},"img":{"alt_text":"P1110353","src":"https:\/\/i0.wp.com\/www.blau-weiss-meer.de\/wordpress\/wp-content\/uploads\/2015\/05\/P1110353-1024x768.jpg?resize=350%2C200","width":350,"height":200},"classes":[]}],"jetpack_sharing_enabled":true,"jetpack_likes_enabled":true,"_links":{"self":[{"href":"https:\/\/www.blau-weiss-meer.de\/wordpress\/wp-json\/wp\/v2\/pages\/197","targetHints":{"allow":["GET"]}}],"collection":[{"href":"https:\/\/www.blau-weiss-meer.de\/wordpress\/wp-json\/wp\/v2\/pages"}],"about":[{"href":"https:\/\/www.blau-weiss-meer.de\/wordpress\/wp-json\/wp\/v2\/types\/page"}],"author":[{"embeddable":true,"href":"https:\/\/www.blau-weiss-meer.de\/wordpress\/wp-json\/wp\/v2\/users\/4"}],"replies":[{"embeddable":true,"href":"https:\/\/www.blau-weiss-meer.de\/wordpress\/wp-json\/wp\/v2\/comments?post=197"}],"version-history":[{"count":10,"href":"https:\/\/www.blau-weiss-meer.de\/wordpress\/wp-json\/wp\/v2\/pages\/197\/revisions"}],"predecessor-version":[{"id":2353,"href":"https:\/\/www.blau-weiss-meer.de\/wordpress\/wp-json\/wp\/v2\/pages\/197\/revisions\/2353"}],"up":[{"embeddable":true,"href":"https:\/\/www.blau-weiss-meer.de\/wordpress\/wp-json\/wp\/v2\/pages\/2211"}],"wp:attachment":[{"href":"https:\/\/www.blau-weiss-meer.de\/wordpress\/wp-json\/wp\/v2\/media?parent=197"}],"curies":[{"name":"wp","href":"https:\/\/api.w.org\/{rel}","templated":true}]}}