{"id":189,"date":"2015-04-25T15:56:39","date_gmt":"2015-04-25T15:56:39","guid":{"rendered":"http:\/\/www.blau-weiss-meer.de\/wordpress\/?page_id=189"},"modified":"2017-05-15T20:21:33","modified_gmt":"2017-05-15T20:21:33","slug":"mannschaften","status":"publish","type":"page","link":"https:\/\/www.blau-weiss-meer.de\/wordpress\/jugend\/mannschaften\/","title":{"rendered":"Mannschaften"},"content":{"rendered":"<p>Juniorinnen III\/IV Spielegemeinschaft mit dem TC Venn<\/p>\n<p>Junioren I\/II<\/p>\n","protected":false},"excerpt":{"rendered":"<p>Juniorinnen III\/IV Spielegemeinschaft mit dem TC Venn Junioren I\/II<\/p>\n","protected":false},"author":4,"featured_media":0,"parent":93,"menu_order":0,"comment_status":"open","ping_status":"open","template":"","meta":{"footnotes":""},"class_list":["post-189","page","type-page","status-publish","hentry"],"jetpack-related-posts":[{"id":28,"url":"https:\/\/www.blau-weiss-meer.de\/wordpress\/mannschaften\/damen-40\/","url_meta":{"origin":189,"position":0},"title":"Damen 40","author":"Klaus Hardt","date":"26. November 2014","format":false,"excerpt":"Unsere Damen 40 haben eine Spielgemeinschaft mit dem TC VENN, Bezirksklasse A, Mannschaftsf\u00fchrerin:\u00a0 Winter: Takacs,Claudia Sommer: Sandra K\u00fcppersTel.-p.: 02166\/340007Tel.-d.: 02166\/985024E-Mail-p.: sportwartin@blau-weiss-meer.de Handy: 0172\/3624223 RangMannschaftLKID-NummerName, VornameNationInfoSGEinzelDoppelgesamt11LK13,227101596\u00a0K\u00fcppers, Sandra\u00a0\u00a0(1971)\u00a0\u00a0---21LK13,227001742\u00a0Palm, Sabine\u00a0\u00a0(1970)\u00a0\u00a0---31LK13,626551922\u00a0Siebra\u00dfe, Kornelia\u00a0\u00a0(1965)\u00a0\u00a0---41LK15,526902321\u00a0Takacs, Claudia\u00a0\u00a0(1969)\u00a0\u00a0---51LK18,627201418\u00a0Heilmann, Andrea\u00a0\u00a0(1972)\u00a0\u00a0---61LK19,127450819\u00a0Werner-Netzer, Anna Monika\u00a0\u00a0(1974)\u00a0\u00a0---71LK19,927902054\u00a0Schaath, Simone\u00a0\u00a0(1979)\u00a0\u00a0---81LK21,128002260\u00a0Johann, Kirsten\u00a0\u00a0(1980)\u00a0\u00a0---91LK20,227082577\u00a0Link, Sonja\u00a0\u00a0(1970)\u00a0\u00a0---101LK23,427301194\u00a0M\u00fchlen, Carolin\u00a0\u00a0(1973)\u00a0\u00a0---111LK23,427702024\u00a0D\u00fclpers, Tina\u00a0\u00a0(1977)\u00a0\u00a0--- Medenspiele 2023Samstag, 06.05.2023 14h TC Venn: Rot-Weiss Uredingen Samstag, 13.05.2023 14h TC Venn\u2026","rel":"","context":"Mit 1 Kommentar","block_context":{"text":"Mit 1 Kommentar","link":"https:\/\/www.blau-weiss-meer.de\/wordpress\/mannschaften\/damen-40\/#comments"},"img":{"alt_text":"","src":"https:\/\/i0.wp.com\/www.blau-weiss-meer.de\/wordpress\/wp-content\/uploads\/2023\/05\/image0.jpeg?resize=350%2C200&ssl=1","width":350,"height":200,"srcset":"https:\/\/i0.wp.com\/www.blau-weiss-meer.de\/wordpress\/wp-content\/uploads\/2023\/05\/image0.jpeg?resize=350%2C200&ssl=1 1x, https:\/\/i0.wp.com\/www.blau-weiss-meer.de\/wordpress\/wp-content\/uploads\/2023\/05\/image0.jpeg?resize=525%2C300&ssl=1 1.5x"},"classes":[]},{"id":7,"url":"https:\/\/www.blau-weiss-meer.de\/wordpress\/mannschaften\/","url_meta":{"origin":189,"position":1},"title":"Mannschaften und Medenspiele 2022","author":"Claudia Takacs","date":"26. November 2014","format":false,"excerpt":"\u00a0 Damen 40 mit TC Venn Bezirksklasse A Herren 30 Kreisliga Herren 40 Bezirksklasse A Herren 50 Bezirksklasse B Herren 60 Bezirksklasse B Herren 65 Bezirksklasse B Alle Ergebnisse: https:\/\/tvn.liga.nu\/cgi-bin\/WebObjects\/nuLigaTENDE.woa\/wa\/clubMeetings?club=35793 \u00a0 nuLiga \u2013 SpielberichtDatumLigaHeimGastMatchpunkteS\u00e4tzeDi.03.05.2022 10:00\u00a0H65BKBTG BW Meer 1Gladbacher HTC 14:29:7anzeigen\u00a0Sa.07.05.2022 14:00\u00a0H40BKATG BW Meer 1BW Wickrath 11:83:17anzeigen\u00a0\u00a0\u00a0\u00a0H50BKBTV Lobberich 1[Routenplan]TG BW Meer\u2026","rel":"","context":"\u00c4hnlicher Beitrag","block_context":{"text":"\u00c4hnlicher Beitrag","link":""},"img":{"alt_text":"","src":"","width":0,"height":0},"classes":[]},{"id":142,"url":"https:\/\/www.blau-weiss-meer.de\/wordpress\/clubmeisterschaften\/","url_meta":{"origin":189,"position":2},"title":"Clubmeisterschaften","author":"Klaus Hardt","date":"4. September 2018","format":false,"excerpt":"Jedes Jahr veranstalten wir Clubmeisterschaften im Mixed, Doppel und Einzelkonkurrenzen. Sie werden teils in Form von Wochenend-Turnieren oder \u00fcber einen l\u00e4ngeren Zeitraum in Gruppen- und KO-Spielen ausgetragen. Neben dem sportlichen Wettkampf ist uns vor allem das gemeinsame Tennisspielen mannschafts\u00fcbergreifend wichtig. Impressionen vom Mixed-Turnier 2023:","rel":"","context":"\u00c4hnlicher Beitrag","block_context":{"text":"\u00c4hnlicher Beitrag","link":""},"img":{"alt_text":"","src":"https:\/\/i0.wp.com\/www.blau-weiss-meer.de\/wordpress\/wp-content\/uploads\/2024\/03\/IMG_9886-scaled.jpg?resize=350%2C200&ssl=1","width":350,"height":200,"srcset":"https:\/\/i0.wp.com\/www.blau-weiss-meer.de\/wordpress\/wp-content\/uploads\/2024\/03\/IMG_9886-scaled.jpg?resize=350%2C200&ssl=1 1x, https:\/\/i0.wp.com\/www.blau-weiss-meer.de\/wordpress\/wp-content\/uploads\/2024\/03\/IMG_9886-scaled.jpg?resize=525%2C300&ssl=1 1.5x, https:\/\/i0.wp.com\/www.blau-weiss-meer.de\/wordpress\/wp-content\/uploads\/2024\/03\/IMG_9886-scaled.jpg?resize=700%2C400&ssl=1 2x, https:\/\/i0.wp.com\/www.blau-weiss-meer.de\/wordpress\/wp-content\/uploads\/2024\/03\/IMG_9886-scaled.jpg?resize=1050%2C600&ssl=1 3x, https:\/\/i0.wp.com\/www.blau-weiss-meer.de\/wordpress\/wp-content\/uploads\/2024\/03\/IMG_9886-scaled.jpg?resize=1400%2C800&ssl=1 4x"},"classes":[]},{"id":2052,"url":"https:\/\/www.blau-weiss-meer.de\/wordpress\/impressum\/datenschutzerklaerung\/","url_meta":{"origin":189,"position":3},"title":"DATENSCHUTZORDNUNG","author":"Klaus Hardt","date":"7. Juni 2018","format":false,"excerpt":"DATENSCHUTZORDNUNGderTG Blau-Weiss Meer e. V. \u00a0in der revidierten Fassung vom 1. August 2024\u00a0 Datenschutz ist der TG Blau Weiss Meer e.V. sehr wichtig.Als Datenverantwortlicher versichert der Vorstand, dass die Erhebung, Verarbeitung und Nutzung von personenbezogenen Daten die Datenschutz-Grundrechte der Mitglieder angemessen ber\u00fccksichtigt. Diese Datenschutzordnung erf\u00fcllt die Vorgaben der\u00a0 Datenschutzgrundverordnung (DSGVO),\u00a0\u2026","rel":"","context":"\u00c4hnlicher Beitrag","block_context":{"text":"\u00c4hnlicher Beitrag","link":""},"img":{"alt_text":"","src":"","width":0,"height":0},"classes":[]},{"id":90,"url":"https:\/\/www.blau-weiss-meer.de\/wordpress\/mannschaften\/herren-50-2\/","url_meta":{"origin":189,"position":4},"title":"Herren 60","author":"Klaus Hardt","date":"24. Januar 2015","format":false,"excerpt":"Herren 60, Bezirksklasse B,\u00a01. Mannschaft Mannschaftsf\u00fchrer: Vaehsen, Heinz Handy: 0171-5242821 Tabelle 2022 Rang Mannschaft LK ID-Nummer Name, Vorname Nation Info SG Einzel Doppel gesamt 1 1 LK19,1 15303803 Prof.Dr. Hardt, Klaus\u00a0\u00a0(1953) 2 1 LK19,9 15703465 Peters, Rudolf\u00a0\u00a0(1957) 3 1 LK21,1 16003575 Mertens, Stefan\u00a0\u00a0(1960) 4 1 LK21,1 15204350 Schmitz, Georg\u00a0\u00a0(1952) 5\u2026","rel":"","context":"Mit 4 Kommentaren","block_context":{"text":"Mit 4 Kommentaren","link":"https:\/\/www.blau-weiss-meer.de\/wordpress\/mannschaften\/herren-50-2\/#comments"},"img":{"alt_text":"","src":"","width":0,"height":0},"classes":[]},{"id":1573,"url":"https:\/\/www.blau-weiss-meer.de\/wordpress\/mannschaften\/herren-30\/","url_meta":{"origin":189,"position":5},"title":"Herren 30","author":"Klaus Hardt","date":"16. Mai 2017","format":false,"excerpt":"Neues von den Herren 30 Herren 30, Kreisliga\u00a01. Mannschaft Mannschaftsf\u00fchrer: Kempken, Tim E-Mail: timkempken@gmx.net Tabelle 2022 Rang Mannschaft LK ID-Nummer Name, Vorname Nation Info SG Einzel Doppel gesamt 1 1 LK9,2 17551647 Spenst, Michael \u00a0(1975) - - - 2 1 LK11,4 17752158 Stallzus, J\u00fcrgen Markus \u00a0(1977) - - - 3\u2026","rel":"","context":"\u00c4hnlicher Beitrag","block_context":{"text":"\u00c4hnlicher Beitrag","link":""},"img":{"alt_text":"","src":"","width":0,"height":0},"classes":[]}],"jetpack_sharing_enabled":true,"jetpack_likes_enabled":true,"_links":{"self":[{"href":"https:\/\/www.blau-weiss-meer.de\/wordpress\/wp-json\/wp\/v2\/pages\/189","targetHints":{"allow":["GET"]}}],"collection":[{"href":"https:\/\/www.blau-weiss-meer.de\/wordpress\/wp-json\/wp\/v2\/pages"}],"about":[{"href":"https:\/\/www.blau-weiss-meer.de\/wordpress\/wp-json\/wp\/v2\/types\/page"}],"author":[{"embeddable":true,"href":"https:\/\/www.blau-weiss-meer.de\/wordpress\/wp-json\/wp\/v2\/users\/4"}],"replies":[{"embeddable":true,"href":"https:\/\/www.blau-weiss-meer.de\/wordpress\/wp-json\/wp\/v2\/comments?post=189"}],"version-history":[{"count":4,"href":"https:\/\/www.blau-weiss-meer.de\/wordpress\/wp-json\/wp\/v2\/pages\/189\/revisions"}],"predecessor-version":[{"id":1560,"href":"https:\/\/www.blau-weiss-meer.de\/wordpress\/wp-json\/wp\/v2\/pages\/189\/revisions\/1560"}],"up":[{"embeddable":true,"href":"https:\/\/www.blau-weiss-meer.de\/wordpress\/wp-json\/wp\/v2\/pages\/93"}],"wp:attachment":[{"href":"https:\/\/www.blau-weiss-meer.de\/wordpress\/wp-json\/wp\/v2\/media?parent=189"}],"curies":[{"name":"wp","href":"https:\/\/api.w.org\/{rel}","templated":true}]}}