{"id":187,"date":"2015-04-25T15:56:21","date_gmt":"2015-04-25T15:56:21","guid":{"rendered":"http:\/\/www.blau-weiss-meer.de\/wordpress\/?page_id=187"},"modified":"2022-03-10T16:35:13","modified_gmt":"2022-03-10T16:35:13","slug":"trainingszeiten","status":"publish","type":"page","link":"https:\/\/www.blau-weiss-meer.de\/wordpress\/jugend\/trainingszeiten\/","title":{"rendered":"Trainingszeiten"},"content":{"rendered":"<p><strong>Noch verf\u00fcgbare Trainingszeiten Sommersaison 2022<\/strong><\/p>\n<ul>\n<li>Montags: 13.00 Uhr &#8211; 16.00 Uhr<\/li>\n<li>Donnerstags: 13.00 Uhr -16.00 Uhr<\/li>\n<li>Vormittags\u00a0 Mo bis Fr 8.00 &#8211; 12.00<\/li>\n<\/ul>\n<p>Andere Termine auf Anfrage \u00fcber unsere Tennisschule.<\/p>\n<p>Ansprechpartner: Migo Spenst<br \/>\n<a href=\"mailto:migo@tennis-lehrer.com\">migo@tennis-lehrer.com<\/a><br \/>\n01578 39 20 125<\/p>\n","protected":false},"excerpt":{"rendered":"<p>Noch verf\u00fcgbare Trainingszeiten Sommersaison 2022 Montags: 13.00 Uhr &#8211; 16.00 Uhr Donnerstags: 13.00 Uhr -16.00 Uhr Vormittags\u00a0 Mo bis Fr&hellip;<\/p>\n","protected":false},"author":4,"featured_media":0,"parent":93,"menu_order":0,"comment_status":"open","ping_status":"open","template":"","meta":{"footnotes":""},"class_list":["post-187","page","type-page","status-publish","hentry"],"jetpack-related-posts":[{"id":933,"url":"https:\/\/www.blau-weiss-meer.de\/wordpress\/jugend\/trainingszeiten\/trainingsplatz-jugend\/","url_meta":{"origin":187,"position":0},"title":"Trainingsplatz Jugend","author":"Claudia Takacs","date":"18. April 2016","format":false,"excerpt":"In dieser Saison gibt es f\u00fcr die Jugendmedenspieler die M\u00f6glichkeit, Freitags von 15.00-17.00 Uhr auf Platz 4 zu trainieren. \u00a0","rel":"","context":"\u00c4hnlicher Beitrag","block_context":{"text":"\u00c4hnlicher Beitrag","link":""},"img":{"alt_text":"","src":"","width":0,"height":0},"classes":[]},{"id":478,"url":"https:\/\/www.blau-weiss-meer.de\/wordpress\/jugend\/veranstaltungen-im-jugendbereich\/","url_meta":{"origin":187,"position":1},"title":"Veranstaltungen im Jugendbereich","author":"Klaus Hardt","date":"16. Juni 2015","format":false,"excerpt":"Am\u00a009.07.17 findet wieder unsere Endrunde der Pausenlige von der Montessorischule von 11.00 bis 13.00 Uhr statt. Alle Mitglieder sind herzlich eingeladen. \u00a0","rel":"","context":"\u00c4hnlicher Beitrag","block_context":{"text":"\u00c4hnlicher Beitrag","link":""},"img":{"alt_text":"","src":"","width":0,"height":0},"classes":[]},{"id":118,"url":"https:\/\/www.blau-weiss-meer.de\/wordpress\/beispiel-seite\/tennisschule\/","url_meta":{"origin":187,"position":2},"title":"Tennisschule","author":"Klaus Hardt","date":"24. Januar 2015","format":false,"excerpt":"Unser Verein hat eine eigene Tennisschule unter der Leitung von Migo Spenst! Hier finden Sie das Formular mit dem Sie sich f\u00fcr das Sommer-Training ab dem 13.04.26 - 16.10.26 schriftlich anmelden k\u00f6nnen: anmeldungSommer2026Herunterladen N\u00e4here Informationen zu unserem staatlich gepr\u00fcften Tennislehrer, Pr\u00e4ventionscoach und DTB-C Trainer\u00a0 finden Sie unter: http:\/\/www.tennis-lehrer.com Migo SpenstMaasweg\u2026","rel":"","context":"\u00c4hnlicher Beitrag","block_context":{"text":"\u00c4hnlicher Beitrag","link":""},"img":{"alt_text":"","src":"https:\/\/i0.wp.com\/www.blau-weiss-meer.de\/wordpress\/wp-content\/uploads\/2022\/08\/migo2022.jpg?resize=350%2C200&ssl=1","width":350,"height":200,"srcset":"https:\/\/i0.wp.com\/www.blau-weiss-meer.de\/wordpress\/wp-content\/uploads\/2022\/08\/migo2022.jpg?resize=350%2C200&ssl=1 1x, https:\/\/i0.wp.com\/www.blau-weiss-meer.de\/wordpress\/wp-content\/uploads\/2022\/08\/migo2022.jpg?resize=525%2C300&ssl=1 1.5x, https:\/\/i0.wp.com\/www.blau-weiss-meer.de\/wordpress\/wp-content\/uploads\/2022\/08\/migo2022.jpg?resize=700%2C400&ssl=1 2x, https:\/\/i0.wp.com\/www.blau-weiss-meer.de\/wordpress\/wp-content\/uploads\/2022\/08\/migo2022.jpg?resize=1050%2C600&ssl=1 3x, https:\/\/i0.wp.com\/www.blau-weiss-meer.de\/wordpress\/wp-content\/uploads\/2022\/08\/migo2022.jpg?resize=1400%2C800&ssl=1 4x"},"classes":[]},{"id":3963,"url":"https:\/\/www.blau-weiss-meer.de\/wordpress\/offener-spieltreff-jeden-sonntag\/","url_meta":{"origin":187,"position":3},"title":"offener Spieltreff &#8211; jeden Sonntag","author":"Migo","date":"8. August 2022","format":false,"excerpt":"hiermit m\u00f6chte ich Euch im Namen des Vorstands zum \"Offenen Spieltreff\" herzlich einladen. In der Zeit vom 07. August bis zum 25.September 2022 werden wir jeden Sonntag ab 11.00 Uhr einen offenen Spieltreff stattfinden lassen. Dieser Spieltreff\u00a0ist neu und wir m\u00f6chten mit Euch allen, den neuen Mitgliedern so die M\u00f6glichkeit\u2026","rel":"","context":"\u00c4hnlicher Beitrag","block_context":{"text":"\u00c4hnlicher Beitrag","link":""},"img":{"alt_text":"","src":"https:\/\/i0.wp.com\/www.blau-weiss-meer.de\/wordpress\/wp-content\/uploads\/2022\/08\/bwmeergesellschaft-logo-bl.png?resize=350%2C200&ssl=1","width":350,"height":200},"classes":[]},{"id":93,"url":"https:\/\/www.blau-weiss-meer.de\/wordpress\/jugend\/","url_meta":{"origin":187,"position":4},"title":"Jugend","author":"Klaus Hardt","date":"24. Januar 2015","format":false,"excerpt":"Neuigkeiten zum Jugendteam Bei uns wird Jugendarbeit gro\u00df geschrieben! Techniktraining, Spiel mit Tennisschl\u00e4ger und Ball und nat\u00fcrlich immer mit viel Spa\u00df - das genie\u00dfen unsere \"Kids\" bei Jugendwartin laura Gonzales und unserem Tennistrainer Migo Spenst. Das Alter spielt keine Rolle. Der j\u00fcngste Teilnehmer am Training ist vier, die \u00e4lteste siebzehn.\u2026","rel":"","context":"\u00c4hnlicher Beitrag","block_context":{"text":"\u00c4hnlicher Beitrag","link":""},"img":{"alt_text":"P1110353","src":"https:\/\/i0.wp.com\/www.blau-weiss-meer.de\/wordpress\/wp-content\/uploads\/2015\/05\/P1110353-1024x768.jpg?resize=350%2C200","width":350,"height":200},"classes":[]},{"id":2,"url":"https:\/\/www.blau-weiss-meer.de\/wordpress\/beispiel-seite\/","url_meta":{"origin":187,"position":5},"title":"Unser Verein","author":"Klaus Hardt","date":"26. November 2014","format":false,"excerpt":"Willkommen auf den Internetseiten des TC Blau-Weiss Meer e.V. Auf diesen Seiten stellen wir Ihnen unseren Verein gerne einmal vor. Alle evtl. dann noch offenen Fragen k\u00f6nnen Sie gerne stellen an: Allgemeine Frageninfo@blau-weiss-meer.deNachricht an den Vorstandvorstand@blau-weiss-meer.deWebmasterwebmaster@blau-weiss-meer.deTrainingmigo@tennis-lehrer.com","rel":"","context":"\u00c4hnlicher Beitrag","block_context":{"text":"\u00c4hnlicher Beitrag","link":""},"img":{"alt_text":"","src":"","width":0,"height":0},"classes":[]}],"jetpack_sharing_enabled":true,"jetpack_likes_enabled":true,"_links":{"self":[{"href":"https:\/\/www.blau-weiss-meer.de\/wordpress\/wp-json\/wp\/v2\/pages\/187","targetHints":{"allow":["GET"]}}],"collection":[{"href":"https:\/\/www.blau-weiss-meer.de\/wordpress\/wp-json\/wp\/v2\/pages"}],"about":[{"href":"https:\/\/www.blau-weiss-meer.de\/wordpress\/wp-json\/wp\/v2\/types\/page"}],"author":[{"embeddable":true,"href":"https:\/\/www.blau-weiss-meer.de\/wordpress\/wp-json\/wp\/v2\/users\/4"}],"replies":[{"embeddable":true,"href":"https:\/\/www.blau-weiss-meer.de\/wordpress\/wp-json\/wp\/v2\/comments?post=187"}],"version-history":[{"count":9,"href":"https:\/\/www.blau-weiss-meer.de\/wordpress\/wp-json\/wp\/v2\/pages\/187\/revisions"}],"predecessor-version":[{"id":3615,"href":"https:\/\/www.blau-weiss-meer.de\/wordpress\/wp-json\/wp\/v2\/pages\/187\/revisions\/3615"}],"up":[{"embeddable":true,"href":"https:\/\/www.blau-weiss-meer.de\/wordpress\/wp-json\/wp\/v2\/pages\/93"}],"wp:attachment":[{"href":"https:\/\/www.blau-weiss-meer.de\/wordpress\/wp-json\/wp\/v2\/media?parent=187"}],"curies":[{"name":"wp","href":"https:\/\/api.w.org\/{rel}","templated":true}]}}