{"id":1580,"date":"2017-05-17T20:34:48","date_gmt":"2017-05-17T20:34:48","guid":{"rendered":"http:\/\/www.blau-weiss-meer.de\/wordpress\/?page_id=1580"},"modified":"2020-11-02T10:02:33","modified_gmt":"2020-11-02T10:02:33","slug":"ergebnisse-2016","status":"publish","type":"page","link":"https:\/\/www.blau-weiss-meer.de\/wordpress\/clubmeisterschaften\/ergebnisse-2016\/","title":{"rendered":"Ergebnisse 2019"},"content":{"rendered":"<p>Hier die\u00a0finalen Ergebnis-Tableaus der CM 2019:<\/p>\n<p><a href=\"https:\/\/www.blau-weiss-meer.de\/wordpress\/wp-content\/uploads\/2019\/10\/cm-2019_Herren-offeneKlasse.pdf\">cm-2019_Herren-offeneKlasse<\/a><br \/>\n<a href=\"https:\/\/www.blau-weiss-meer.de\/wordpress\/wp-content\/uploads\/2019\/09\/cm-2019_Herren-50.pdf\">cm-2019_Herren-50+<\/a><br \/>\n<a href=\"https:\/\/www.blau-weiss-meer.de\/wordpress\/wp-content\/uploads\/2019\/08\/cm-2019_Damen-Einzel.pdf\">cm-2019_Damen-Einzel<\/a><\/p>\n<p>&nbsp;<\/p>\n","protected":false},"excerpt":{"rendered":"<p>Hier die\u00a0finalen Ergebnis-Tableaus der CM 2019: cm-2019_Herren-offeneKlasse cm-2019_Herren-50+ cm-2019_Damen-Einzel &nbsp;<\/p>\n","protected":false},"author":4,"featured_media":0,"parent":142,"menu_order":9,"comment_status":"closed","ping_status":"open","template":"","meta":{"footnotes":""},"class_list":["post-1580","page","type-page","status-publish","hentry"],"jetpack-related-posts":[{"id":2343,"url":"https:\/\/www.blau-weiss-meer.de\/wordpress\/clubmeisterschaften\/ergebnisse-2017\/","url_meta":{"origin":1580,"position":0},"title":"Ergebnisse 2020","author":"Klaus Hardt","date":"4. September 2018","format":false,"excerpt":"Hier die finalen Ergebnis-Tableaus der CM 2020: cm-2020-Herren-Einzel_ZW-A cm-2020-Herren-Einzel_ZW-B cm-2020-Herren-Doppel cm-2020-Damen-Doppel","rel":"","context":"\u00c4hnlicher Beitrag","block_context":{"text":"\u00c4hnlicher Beitrag","link":""},"img":{"alt_text":"","src":"","width":0,"height":0},"classes":[]},{"id":89,"url":"https:\/\/www.blau-weiss-meer.de\/wordpress\/mannschaften\/herren-50-1\/","url_meta":{"origin":1580,"position":1},"title":"Herren 50","author":"Klaus Hardt","date":"24. Januar 2015","format":false,"excerpt":"Herren 50, Bezirksklasse B, Gruppe C, 1. Mannschaft Mannschaftsf\u00fchrer: Kellers, RalfTabelle 2022 RangMannschaftLKID-NummerName, VornameNationInfoSGEinzelDoppelgesamt11LK10,916601348\u00a0van Vlorop, J\u00f6rg \u00a0(1966)\u00a0\u00a00:10:10:221LK12,416803274\u00a0Hermanns, Ricardo \u00a0(1968)\u00a0\u00a0---31LK12,617159457\u00a0Link, Andreas \u00a0(1971)\u00a0\u00a0---41LK14,917202377\u00a0Otten, Frank \u00a0(1972)\u00a0\u00a0---51LK15,616990417\u00a0Kellers, Ralf \u00a0(1969)\u00a0\u00a00:10:10:261LK16,716303424\u00a0Donga, Kersten \u00a0(1963)\u00a0\u00a01:00:11:171LK19,115303803\u00a0Prof.Dr. Hardt, Klaus \u00a0(1953)\u00a0\u00a0-0:10:181LK19,216805727\u00a0Richter, Thomas \u00a0(1968)\u00a0\u00a0---91LK23,817053312\u00a0Elsenbruch, Thomas \u00a0(1970)\u00a0\u00a0---101LK20,216805395\u00a0Takacs, Thomas \u00a0(1968)\u00a0\u00a00:10:10:2111LK23,716753331\u00a0Kreuter-Heitmann, Thorsten \u00a0(1967)\u00a0\u00a00:1-0:1121LK22,916303830\u00a0Schmitz, Ingo \u00a0(1963)\u00a0\u00a0---131LK23,616452769\u00a0Heijendenrijk, Adamo \u00a0(1964)\u00a0\u00a00:10:10:2141LK21,116003575\u00a0Mertens, Stefan \u00a0(1960)\u00a0\u00a0---151LK23,815803517\u00a0Kelz, Olaf \u00a0(1958)\u00a0\u00a0---161LK23,915903610\u00a0Mitt, Robert \u00a0(1959)\u00a0\u00a0---171LK23,416803528\u00a0M\u00fccke, Harald \u00a0(1968)\u00a0\u00a0---181LK23,917283662\u00a0Stelten,\u2026","rel":"","context":"\u00c4hnlicher Beitrag","block_context":{"text":"\u00c4hnlicher Beitrag","link":""},"img":{"alt_text":"","src":"https:\/\/i0.wp.com\/www.blau-weiss-meer.de\/wordpress\/wp-content\/uploads\/2021\/03\/Cr7yekcA-1-scaled.jpeg?resize=350%2C200&ssl=1","width":350,"height":200,"srcset":"https:\/\/i0.wp.com\/www.blau-weiss-meer.de\/wordpress\/wp-content\/uploads\/2021\/03\/Cr7yekcA-1-scaled.jpeg?resize=350%2C200&ssl=1 1x, https:\/\/i0.wp.com\/www.blau-weiss-meer.de\/wordpress\/wp-content\/uploads\/2021\/03\/Cr7yekcA-1-scaled.jpeg?resize=525%2C300&ssl=1 1.5x, https:\/\/i0.wp.com\/www.blau-weiss-meer.de\/wordpress\/wp-content\/uploads\/2021\/03\/Cr7yekcA-1-scaled.jpeg?resize=700%2C400&ssl=1 2x, https:\/\/i0.wp.com\/www.blau-weiss-meer.de\/wordpress\/wp-content\/uploads\/2021\/03\/Cr7yekcA-1-scaled.jpeg?resize=1050%2C600&ssl=1 3x, https:\/\/i0.wp.com\/www.blau-weiss-meer.de\/wordpress\/wp-content\/uploads\/2021\/03\/Cr7yekcA-1-scaled.jpeg?resize=1400%2C800&ssl=1 4x"},"classes":[]},{"id":90,"url":"https:\/\/www.blau-weiss-meer.de\/wordpress\/mannschaften\/herren-50-2\/","url_meta":{"origin":1580,"position":2},"title":"Herren 60","author":"Klaus Hardt","date":"24. Januar 2015","format":false,"excerpt":"Herren 60, Bezirksklasse B,\u00a01. Mannschaft Mannschaftsf\u00fchrer: Vaehsen, Heinz Handy: 0171-5242821 Tabelle 2022 Rang Mannschaft LK ID-Nummer Name, Vorname Nation Info SG Einzel Doppel gesamt 1 1 LK19,1 15303803 Prof.Dr. Hardt, Klaus\u00a0\u00a0(1953) 2 1 LK19,9 15703465 Peters, Rudolf\u00a0\u00a0(1957) 3 1 LK21,1 16003575 Mertens, Stefan\u00a0\u00a0(1960) 4 1 LK21,1 15204350 Schmitz, Georg\u00a0\u00a0(1952) 5\u2026","rel":"","context":"Mit 4 Kommentaren","block_context":{"text":"Mit 4 Kommentaren","link":"https:\/\/www.blau-weiss-meer.de\/wordpress\/mannschaften\/herren-50-2\/#comments"},"img":{"alt_text":"","src":"","width":0,"height":0},"classes":[]},{"id":7,"url":"https:\/\/www.blau-weiss-meer.de\/wordpress\/mannschaften\/","url_meta":{"origin":1580,"position":3},"title":"Mannschaften und Medenspiele 2022","author":"Claudia Takacs","date":"26. November 2014","format":false,"excerpt":"\u00a0 Damen 40 mit TC Venn Bezirksklasse A Herren 30 Kreisliga Herren 40 Bezirksklasse A Herren 50 Bezirksklasse B Herren 60 Bezirksklasse B Herren 65 Bezirksklasse B Alle Ergebnisse: https:\/\/tvn.liga.nu\/cgi-bin\/WebObjects\/nuLigaTENDE.woa\/wa\/clubMeetings?club=35793 \u00a0 nuLiga \u2013 SpielberichtDatumLigaHeimGastMatchpunkteS\u00e4tzeDi.03.05.2022 10:00\u00a0H65BKBTG BW Meer 1Gladbacher HTC 14:29:7anzeigen\u00a0Sa.07.05.2022 14:00\u00a0H40BKATG BW Meer 1BW Wickrath 11:83:17anzeigen\u00a0\u00a0\u00a0\u00a0H50BKBTV Lobberich 1[Routenplan]TG BW Meer\u2026","rel":"","context":"\u00c4hnlicher Beitrag","block_context":{"text":"\u00c4hnlicher Beitrag","link":""},"img":{"alt_text":"","src":"","width":0,"height":0},"classes":[]},{"id":142,"url":"https:\/\/www.blau-weiss-meer.de\/wordpress\/clubmeisterschaften\/","url_meta":{"origin":1580,"position":4},"title":"Clubmeisterschaften","author":"Klaus Hardt","date":"4. September 2018","format":false,"excerpt":"Jedes Jahr veranstalten wir Clubmeisterschaften im Mixed, Doppel und Einzelkonkurrenzen. Sie werden teils in Form von Wochenend-Turnieren oder \u00fcber einen l\u00e4ngeren Zeitraum in Gruppen- und KO-Spielen ausgetragen. Neben dem sportlichen Wettkampf ist uns vor allem das gemeinsame Tennisspielen mannschafts\u00fcbergreifend wichtig. Impressionen vom Mixed-Turnier 2023:","rel":"","context":"\u00c4hnlicher Beitrag","block_context":{"text":"\u00c4hnlicher Beitrag","link":""},"img":{"alt_text":"","src":"https:\/\/i0.wp.com\/www.blau-weiss-meer.de\/wordpress\/wp-content\/uploads\/2024\/03\/IMG_9886-scaled.jpg?resize=350%2C200&ssl=1","width":350,"height":200,"srcset":"https:\/\/i0.wp.com\/www.blau-weiss-meer.de\/wordpress\/wp-content\/uploads\/2024\/03\/IMG_9886-scaled.jpg?resize=350%2C200&ssl=1 1x, https:\/\/i0.wp.com\/www.blau-weiss-meer.de\/wordpress\/wp-content\/uploads\/2024\/03\/IMG_9886-scaled.jpg?resize=525%2C300&ssl=1 1.5x, https:\/\/i0.wp.com\/www.blau-weiss-meer.de\/wordpress\/wp-content\/uploads\/2024\/03\/IMG_9886-scaled.jpg?resize=700%2C400&ssl=1 2x, https:\/\/i0.wp.com\/www.blau-weiss-meer.de\/wordpress\/wp-content\/uploads\/2024\/03\/IMG_9886-scaled.jpg?resize=1050%2C600&ssl=1 3x, https:\/\/i0.wp.com\/www.blau-weiss-meer.de\/wordpress\/wp-content\/uploads\/2024\/03\/IMG_9886-scaled.jpg?resize=1400%2C800&ssl=1 4x"},"classes":[]},{"id":115,"url":"https:\/\/www.blau-weiss-meer.de\/wordpress\/beispiel-seite\/mitglieder\/","url_meta":{"origin":1580,"position":5},"title":"Mitglieder","author":"Klaus Hardt","date":"24. Januar 2015","format":false,"excerpt":"Derzeit hat unser Verein 110 Mitglieder (Stand: Anfang 2024), von denen rund 14 dem Jungendbereich zuzuordnen sind. Die Verteilung zwischen m\u00e4nnlichen und weiblichen Mitgliedern ist nahezu 50:50.","rel":"","context":"\u00c4hnlicher Beitrag","block_context":{"text":"\u00c4hnlicher Beitrag","link":""},"img":{"alt_text":"Mitglieder2","src":"https:\/\/i0.wp.com\/www.blau-weiss-meer.de\/wordpress\/wp-content\/uploads\/2015\/01\/Mitglieder2-1024x681.jpg?resize=350%2C200","width":350,"height":200},"classes":[]}],"jetpack_sharing_enabled":true,"jetpack_likes_enabled":true,"_links":{"self":[{"href":"https:\/\/www.blau-weiss-meer.de\/wordpress\/wp-json\/wp\/v2\/pages\/1580","targetHints":{"allow":["GET"]}}],"collection":[{"href":"https:\/\/www.blau-weiss-meer.de\/wordpress\/wp-json\/wp\/v2\/pages"}],"about":[{"href":"https:\/\/www.blau-weiss-meer.de\/wordpress\/wp-json\/wp\/v2\/types\/page"}],"author":[{"embeddable":true,"href":"https:\/\/www.blau-weiss-meer.de\/wordpress\/wp-json\/wp\/v2\/users\/4"}],"replies":[{"embeddable":true,"href":"https:\/\/www.blau-weiss-meer.de\/wordpress\/wp-json\/wp\/v2\/comments?post=1580"}],"version-history":[{"count":5,"href":"https:\/\/www.blau-weiss-meer.de\/wordpress\/wp-json\/wp\/v2\/pages\/1580\/revisions"}],"predecessor-version":[{"id":2907,"href":"https:\/\/www.blau-weiss-meer.de\/wordpress\/wp-json\/wp\/v2\/pages\/1580\/revisions\/2907"}],"up":[{"embeddable":true,"href":"https:\/\/www.blau-weiss-meer.de\/wordpress\/wp-json\/wp\/v2\/pages\/142"}],"wp:attachment":[{"href":"https:\/\/www.blau-weiss-meer.de\/wordpress\/wp-json\/wp\/v2\/media?parent=1580"}],"curies":[{"name":"wp","href":"https:\/\/api.w.org\/{rel}","templated":true}]}}