{"id":142,"date":"2018-09-04T12:23:31","date_gmt":"2018-09-04T12:23:31","guid":{"rendered":"http:\/\/www.blau-weiss-meer.de\/wordpress\/?page_id=142"},"modified":"2024-03-28T11:21:47","modified_gmt":"2024-03-28T11:21:47","slug":"clubmeisterschaften","status":"publish","type":"page","link":"https:\/\/www.blau-weiss-meer.de\/wordpress\/clubmeisterschaften\/","title":{"rendered":"Clubmeisterschaften"},"content":{"rendered":"<p>Jedes Jahr veranstalten wir Clubmeisterschaften im Mixed, Doppel und Einzelkonkurrenzen. Sie werden teils in Form von Wochenend-Turnieren oder \u00fcber einen l\u00e4ngeren Zeitraum in Gruppen- und KO-Spielen ausgetragen. Neben dem sportlichen Wettkampf ist uns vor allem das gemeinsame Tennisspielen mannschafts\u00fcbergreifend wichtig.<\/p>\n<p>Impressionen vom Mixed-Turnier 2023:<a href=\"https:\/\/www.blau-weiss-meer.de\/wordpress\/wp-content\/uploads\/2018\/09\/cm-2018_Herren-Einzel.pdf\"><br \/><\/a><\/p>\n\n\n<figure class=\"wp-block-image size-large\"><a href=\"https:\/\/www.blau-weiss-meer.de\/wordpress\/wp-content\/uploads\/2024\/03\/IMG_9886-scaled.jpg\"><img loading=\"lazy\" decoding=\"async\" width=\"1024\" height=\"683\" src=\"https:\/\/www.blau-weiss-meer.de\/wordpress\/wp-content\/uploads\/2024\/03\/IMG_9886-1024x683.jpg\" alt=\"\" class=\"wp-image-4589\" srcset=\"https:\/\/www.blau-weiss-meer.de\/wordpress\/wp-content\/uploads\/2024\/03\/IMG_9886-1024x683.jpg 1024w, https:\/\/www.blau-weiss-meer.de\/wordpress\/wp-content\/uploads\/2024\/03\/IMG_9886-300x200.jpg 300w, https:\/\/www.blau-weiss-meer.de\/wordpress\/wp-content\/uploads\/2024\/03\/IMG_9886-768x512.jpg 768w, https:\/\/www.blau-weiss-meer.de\/wordpress\/wp-content\/uploads\/2024\/03\/IMG_9886-1536x1024.jpg 1536w, https:\/\/www.blau-weiss-meer.de\/wordpress\/wp-content\/uploads\/2024\/03\/IMG_9886-2048x1365.jpg 2048w\" sizes=\"auto, (max-width: 1024px) 100vw, 1024px\" \/><\/a><\/figure>\n\n\n\n<figure class=\"wp-block-image size-large\"><a href=\"https:\/\/www.blau-weiss-meer.de\/wordpress\/wp-content\/uploads\/2024\/03\/IMG_9857-scaled.jpg\"><img loading=\"lazy\" decoding=\"async\" width=\"1024\" height=\"683\" src=\"https:\/\/www.blau-weiss-meer.de\/wordpress\/wp-content\/uploads\/2024\/03\/IMG_9857-1024x683.jpg\" alt=\"\" class=\"wp-image-4588\" srcset=\"https:\/\/www.blau-weiss-meer.de\/wordpress\/wp-content\/uploads\/2024\/03\/IMG_9857-1024x683.jpg 1024w, https:\/\/www.blau-weiss-meer.de\/wordpress\/wp-content\/uploads\/2024\/03\/IMG_9857-300x200.jpg 300w, https:\/\/www.blau-weiss-meer.de\/wordpress\/wp-content\/uploads\/2024\/03\/IMG_9857-768x512.jpg 768w, https:\/\/www.blau-weiss-meer.de\/wordpress\/wp-content\/uploads\/2024\/03\/IMG_9857-1536x1024.jpg 1536w, https:\/\/www.blau-weiss-meer.de\/wordpress\/wp-content\/uploads\/2024\/03\/IMG_9857-2048x1365.jpg 2048w\" sizes=\"auto, (max-width: 1024px) 100vw, 1024px\" \/><\/a><\/figure>\n\n\n\n<figure class=\"wp-block-image size-large\"><a href=\"https:\/\/www.blau-weiss-meer.de\/wordpress\/wp-content\/uploads\/2024\/03\/IMG_9852-scaled.jpg\"><img loading=\"lazy\" decoding=\"async\" width=\"1024\" height=\"683\" src=\"https:\/\/www.blau-weiss-meer.de\/wordpress\/wp-content\/uploads\/2024\/03\/IMG_9852-1024x683.jpg\" alt=\"\" class=\"wp-image-4587\" srcset=\"https:\/\/www.blau-weiss-meer.de\/wordpress\/wp-content\/uploads\/2024\/03\/IMG_9852-1024x683.jpg 1024w, https:\/\/www.blau-weiss-meer.de\/wordpress\/wp-content\/uploads\/2024\/03\/IMG_9852-300x200.jpg 300w, https:\/\/www.blau-weiss-meer.de\/wordpress\/wp-content\/uploads\/2024\/03\/IMG_9852-768x512.jpg 768w, https:\/\/www.blau-weiss-meer.de\/wordpress\/wp-content\/uploads\/2024\/03\/IMG_9852-1536x1024.jpg 1536w, https:\/\/www.blau-weiss-meer.de\/wordpress\/wp-content\/uploads\/2024\/03\/IMG_9852-2048x1365.jpg 2048w\" sizes=\"auto, (max-width: 1024px) 100vw, 1024px\" \/><\/a><\/figure>\n","protected":false},"excerpt":{"rendered":"<p>Jedes Jahr veranstalten wir Clubmeisterschaften im Mixed, Doppel und Einzelkonkurrenzen. Sie werden teils in Form von Wochenend-Turnieren oder \u00fcber einen&hellip;<\/p>\n","protected":false},"author":4,"featured_media":0,"parent":0,"menu_order":0,"comment_status":"open","ping_status":"open","template":"","meta":{"footnotes":""},"class_list":["post-142","page","type-page","status-publish","hentry"],"jetpack-related-posts":[{"id":1580,"url":"https:\/\/www.blau-weiss-meer.de\/wordpress\/clubmeisterschaften\/ergebnisse-2016\/","url_meta":{"origin":142,"position":0},"title":"Ergebnisse 2019","author":"Klaus Hardt","date":"17. Mai 2017","format":false,"excerpt":"Hier die\u00a0finalen Ergebnis-Tableaus der CM 2019: cm-2019_Herren-offeneKlasse cm-2019_Herren-50+ cm-2019_Damen-Einzel \u00a0","rel":"","context":"\u00c4hnlicher Beitrag","block_context":{"text":"\u00c4hnlicher Beitrag","link":""},"img":{"alt_text":"","src":"","width":0,"height":0},"classes":[]},{"id":2343,"url":"https:\/\/www.blau-weiss-meer.de\/wordpress\/clubmeisterschaften\/ergebnisse-2017\/","url_meta":{"origin":142,"position":1},"title":"Ergebnisse 2020","author":"Klaus Hardt","date":"4. September 2018","format":false,"excerpt":"Hier die finalen Ergebnis-Tableaus der CM 2020: cm-2020-Herren-Einzel_ZW-A cm-2020-Herren-Einzel_ZW-B cm-2020-Herren-Doppel cm-2020-Damen-Doppel","rel":"","context":"\u00c4hnlicher Beitrag","block_context":{"text":"\u00c4hnlicher Beitrag","link":""},"img":{"alt_text":"","src":"","width":0,"height":0},"classes":[]},{"id":2052,"url":"https:\/\/www.blau-weiss-meer.de\/wordpress\/impressum\/datenschutzerklaerung\/","url_meta":{"origin":142,"position":2},"title":"DATENSCHUTZORDNUNG","author":"Klaus Hardt","date":"7. Juni 2018","format":false,"excerpt":"DATENSCHUTZORDNUNGderTG Blau-Weiss Meer e. V. \u00a0in der revidierten Fassung vom 1. August 2024\u00a0 Datenschutz ist der TG Blau Weiss Meer e.V. sehr wichtig.Als Datenverantwortlicher versichert der Vorstand, dass die Erhebung, Verarbeitung und Nutzung von personenbezogenen Daten die Datenschutz-Grundrechte der Mitglieder angemessen ber\u00fccksichtigt. Diese Datenschutzordnung erf\u00fcllt die Vorgaben der\u00a0 Datenschutzgrundverordnung (DSGVO),\u00a0\u2026","rel":"","context":"\u00c4hnlicher Beitrag","block_context":{"text":"\u00c4hnlicher Beitrag","link":""},"img":{"alt_text":"","src":"","width":0,"height":0},"classes":[]},{"id":93,"url":"https:\/\/www.blau-weiss-meer.de\/wordpress\/jugend\/","url_meta":{"origin":142,"position":3},"title":"Jugend","author":"Klaus Hardt","date":"24. Januar 2015","format":false,"excerpt":"Neuigkeiten zum Jugendteam Bei uns wird Jugendarbeit gro\u00df geschrieben! Techniktraining, Spiel mit Tennisschl\u00e4ger und Ball und nat\u00fcrlich immer mit viel Spa\u00df - das genie\u00dfen unsere \"Kids\" bei Jugendwartin laura Gonzales und unserem Tennistrainer Migo Spenst. Das Alter spielt keine Rolle. Der j\u00fcngste Teilnehmer am Training ist vier, die \u00e4lteste siebzehn.\u2026","rel":"","context":"\u00c4hnlicher Beitrag","block_context":{"text":"\u00c4hnlicher Beitrag","link":""},"img":{"alt_text":"P1110353","src":"https:\/\/i0.wp.com\/www.blau-weiss-meer.de\/wordpress\/wp-content\/uploads\/2015\/05\/P1110353-1024x768.jpg?resize=350%2C200","width":350,"height":200},"classes":[]},{"id":130,"url":"https:\/\/www.blau-weiss-meer.de\/wordpress\/die-anlage\/das-clubhaus\/","url_meta":{"origin":142,"position":4},"title":"Das Clubhaus","author":"Klaus Hardt","date":"24. Januar 2015","format":false,"excerpt":"Seit Sommer 2023 haben wir ein komplett neu gebautes Clubhaus. Bilder folgen hier in K\u00fcrze. Neben dem Tennissport ist nat\u00fcrlich auch Geselligkeit im und am Clubhaus gefragt. Zuschauer k\u00f6nnen von der Terrasse vor dem Clubhaus den Spielen folgen.","rel":"","context":"\u00c4hnlicher Beitrag","block_context":{"text":"\u00c4hnlicher Beitrag","link":""},"img":{"alt_text":"","src":"https:\/\/i0.wp.com\/www.blau-weiss-meer.de\/wordpress\/wp-content\/uploads\/2024\/03\/IMG_9896-scaled.jpg?resize=350%2C200&ssl=1","width":350,"height":200,"srcset":"https:\/\/i0.wp.com\/www.blau-weiss-meer.de\/wordpress\/wp-content\/uploads\/2024\/03\/IMG_9896-scaled.jpg?resize=350%2C200&ssl=1 1x, https:\/\/i0.wp.com\/www.blau-weiss-meer.de\/wordpress\/wp-content\/uploads\/2024\/03\/IMG_9896-scaled.jpg?resize=525%2C300&ssl=1 1.5x, https:\/\/i0.wp.com\/www.blau-weiss-meer.de\/wordpress\/wp-content\/uploads\/2024\/03\/IMG_9896-scaled.jpg?resize=700%2C400&ssl=1 2x, https:\/\/i0.wp.com\/www.blau-weiss-meer.de\/wordpress\/wp-content\/uploads\/2024\/03\/IMG_9896-scaled.jpg?resize=1050%2C600&ssl=1 3x, https:\/\/i0.wp.com\/www.blau-weiss-meer.de\/wordpress\/wp-content\/uploads\/2024\/03\/IMG_9896-scaled.jpg?resize=1400%2C800&ssl=1 4x"},"classes":[]},{"id":110,"url":"https:\/\/www.blau-weiss-meer.de\/wordpress\/beispiel-seite\/historie\/","url_meta":{"origin":142,"position":5},"title":"Historie","author":"Klaus Hardt","date":"24. Januar 2015","format":false,"excerpt":"Kleine Historie Die Tennisgemeinschaft \"Blau-Weiss Meer e.V.\" wurde am 23.04.1959 gegr\u00fcndet und geh\u00f6rt damit zu den \u00e4ltesten Tennisclubs in M\u00f6nchengladbach. Bei der Gr\u00fcndung trug unser Verein noch den Namen \"Blau-Weiss Mannesmann-Meer\", wurde von der Firma Mannesmann-Meer AG tatkr\u00e4ftig unterst\u00fctzt und war als reine Betriebssportgemeinschaft ausschlie\u00dflich den Zielen des Betriebssports verpflichtet.\u2026","rel":"","context":"\u00c4hnlicher Beitrag","block_context":{"text":"\u00c4hnlicher Beitrag","link":""},"img":{"alt_text":"","src":"https:\/\/i0.wp.com\/www.blau-weiss-meer.de\/ueber_uns\/historie\/album-25-jahre\/thumbs\/th_Bild-01.jpg?resize=350%2C200","width":350,"height":200},"classes":[]}],"jetpack_sharing_enabled":true,"jetpack_likes_enabled":true,"_links":{"self":[{"href":"https:\/\/www.blau-weiss-meer.de\/wordpress\/wp-json\/wp\/v2\/pages\/142","targetHints":{"allow":["GET"]}}],"collection":[{"href":"https:\/\/www.blau-weiss-meer.de\/wordpress\/wp-json\/wp\/v2\/pages"}],"about":[{"href":"https:\/\/www.blau-weiss-meer.de\/wordpress\/wp-json\/wp\/v2\/types\/page"}],"author":[{"embeddable":true,"href":"https:\/\/www.blau-weiss-meer.de\/wordpress\/wp-json\/wp\/v2\/users\/4"}],"replies":[{"embeddable":true,"href":"https:\/\/www.blau-weiss-meer.de\/wordpress\/wp-json\/wp\/v2\/comments?post=142"}],"version-history":[{"count":22,"href":"https:\/\/www.blau-weiss-meer.de\/wordpress\/wp-json\/wp\/v2\/pages\/142\/revisions"}],"predecessor-version":[{"id":4591,"href":"https:\/\/www.blau-weiss-meer.de\/wordpress\/wp-json\/wp\/v2\/pages\/142\/revisions\/4591"}],"wp:attachment":[{"href":"https:\/\/www.blau-weiss-meer.de\/wordpress\/wp-json\/wp\/v2\/media?parent=142"}],"curies":[{"name":"wp","href":"https:\/\/api.w.org\/{rel}","templated":true}]}}