{"id":132,"date":"2015-01-24T12:18:20","date_gmt":"2015-01-24T12:18:20","guid":{"rendered":"http:\/\/www.blau-weiss-meer.de\/wordpress\/?page_id=132"},"modified":"2015-05-17T20:03:54","modified_gmt":"2015-05-17T20:03:54","slug":"impressionen","status":"publish","type":"page","link":"https:\/\/www.blau-weiss-meer.de\/wordpress\/die-anlage\/impressionen\/","title":{"rendered":"Impressionen"},"content":{"rendered":"<p style=\"text-align: center;\"><strong>2. Mini Turnier des TK M\u00f6nchengladbach<\/strong><\/p>\n<p><a href=\"https:\/\/www.blau-weiss-meer.de\/wordpress\/wp-content\/uploads\/2015\/01\/P1110470.jpg\"><img loading=\"lazy\" decoding=\"async\" class=\"aligncenter wp-image-262 size-large\" src=\"https:\/\/www.blau-weiss-meer.de\/wordpress\/wp-content\/uploads\/2015\/01\/P1110470-1024x768.jpg\" alt=\"P1110470\" width=\"474\" height=\"355\" \/><\/a> <a href=\"https:\/\/www.blau-weiss-meer.de\/wordpress\/wp-content\/uploads\/2015\/01\/P1110474.jpg\"><img loading=\"lazy\" decoding=\"async\" class=\"aligncenter wp-image-263 size-large\" src=\"https:\/\/www.blau-weiss-meer.de\/wordpress\/wp-content\/uploads\/2015\/01\/P1110474-1024x768.jpg\" alt=\"P1110474\" width=\"474\" height=\"355\" \/><\/a> <a href=\"https:\/\/www.blau-weiss-meer.de\/wordpress\/wp-content\/uploads\/2015\/01\/P1110475.jpg\"><img loading=\"lazy\" decoding=\"async\" class=\"aligncenter wp-image-264 size-large\" src=\"https:\/\/www.blau-weiss-meer.de\/wordpress\/wp-content\/uploads\/2015\/01\/P1110475-1024x768.jpg\" alt=\"P1110475\" width=\"474\" height=\"355\" \/><\/a> <a href=\"https:\/\/www.blau-weiss-meer.de\/wordpress\/wp-content\/uploads\/2015\/01\/P1110481.jpg\"><img loading=\"lazy\" decoding=\"async\" class=\"aligncenter wp-image-265 size-large\" src=\"https:\/\/www.blau-weiss-meer.de\/wordpress\/wp-content\/uploads\/2015\/01\/P1110481-1024x768.jpg\" alt=\"P1110481\" width=\"474\" height=\"355\" \/><\/a> <a href=\"https:\/\/www.blau-weiss-meer.de\/wordpress\/wp-content\/uploads\/2015\/01\/P1110482.jpg\"><img loading=\"lazy\" decoding=\"async\" class=\"aligncenter wp-image-266 size-large\" src=\"https:\/\/www.blau-weiss-meer.de\/wordpress\/wp-content\/uploads\/2015\/01\/P1110482-1024x768.jpg\" alt=\"P1110482\" width=\"474\" height=\"355\" \/><\/a> <a href=\"https:\/\/www.blau-weiss-meer.de\/wordpress\/wp-content\/uploads\/2015\/01\/P1110486.jpg\"><img loading=\"lazy\" decoding=\"async\" class=\"aligncenter wp-image-267 size-large\" src=\"https:\/\/www.blau-weiss-meer.de\/wordpress\/wp-content\/uploads\/2015\/01\/P1110486-1024x768.jpg\" alt=\"P1110486\" width=\"474\" height=\"355\" \/><\/a><\/p>\n","protected":false},"excerpt":{"rendered":"<p>2. Mini Turnier des TK M\u00f6nchengladbach<\/p>\n","protected":false},"author":4,"featured_media":0,"parent":42,"menu_order":3,"comment_status":"open","ping_status":"open","template":"","meta":{"footnotes":""},"class_list":["post-132","page","type-page","status-publish","hentry"],"jetpack-related-posts":[{"id":142,"url":"https:\/\/www.blau-weiss-meer.de\/wordpress\/clubmeisterschaften\/","url_meta":{"origin":132,"position":0},"title":"Clubmeisterschaften","author":"Klaus Hardt","date":"4. September 2018","format":false,"excerpt":"Jedes Jahr veranstalten wir Clubmeisterschaften im Mixed, Doppel und Einzelkonkurrenzen. Sie werden teils in Form von Wochenend-Turnieren oder \u00fcber einen l\u00e4ngeren Zeitraum in Gruppen- und KO-Spielen ausgetragen. Neben dem sportlichen Wettkampf ist uns vor allem das gemeinsame Tennisspielen mannschafts\u00fcbergreifend wichtig. Impressionen vom Mixed-Turnier 2023:","rel":"","context":"\u00c4hnlicher Beitrag","block_context":{"text":"\u00c4hnlicher Beitrag","link":""},"img":{"alt_text":"","src":"https:\/\/i0.wp.com\/www.blau-weiss-meer.de\/wordpress\/wp-content\/uploads\/2024\/03\/IMG_9886-scaled.jpg?resize=350%2C200&ssl=1","width":350,"height":200,"srcset":"https:\/\/i0.wp.com\/www.blau-weiss-meer.de\/wordpress\/wp-content\/uploads\/2024\/03\/IMG_9886-scaled.jpg?resize=350%2C200&ssl=1 1x, https:\/\/i0.wp.com\/www.blau-weiss-meer.de\/wordpress\/wp-content\/uploads\/2024\/03\/IMG_9886-scaled.jpg?resize=525%2C300&ssl=1 1.5x, https:\/\/i0.wp.com\/www.blau-weiss-meer.de\/wordpress\/wp-content\/uploads\/2024\/03\/IMG_9886-scaled.jpg?resize=700%2C400&ssl=1 2x, https:\/\/i0.wp.com\/www.blau-weiss-meer.de\/wordpress\/wp-content\/uploads\/2024\/03\/IMG_9886-scaled.jpg?resize=1050%2C600&ssl=1 3x, https:\/\/i0.wp.com\/www.blau-weiss-meer.de\/wordpress\/wp-content\/uploads\/2024\/03\/IMG_9886-scaled.jpg?resize=1400%2C800&ssl=1 4x"},"classes":[]},{"id":2052,"url":"https:\/\/www.blau-weiss-meer.de\/wordpress\/impressum\/datenschutzerklaerung\/","url_meta":{"origin":132,"position":1},"title":"DATENSCHUTZORDNUNG","author":"Klaus Hardt","date":"7. Juni 2018","format":false,"excerpt":"DATENSCHUTZORDNUNGderTG Blau-Weiss Meer e. V. \u00a0in der revidierten Fassung vom 1. August 2024\u00a0 Datenschutz ist der TG Blau Weiss Meer e.V. sehr wichtig.Als Datenverantwortlicher versichert der Vorstand, dass die Erhebung, Verarbeitung und Nutzung von personenbezogenen Daten die Datenschutz-Grundrechte der Mitglieder angemessen ber\u00fccksichtigt. Diese Datenschutzordnung erf\u00fcllt die Vorgaben der\u00a0 Datenschutzgrundverordnung (DSGVO),\u00a0\u2026","rel":"","context":"\u00c4hnlicher Beitrag","block_context":{"text":"\u00c4hnlicher Beitrag","link":""},"img":{"alt_text":"","src":"","width":0,"height":0},"classes":[]},{"id":42,"url":"https:\/\/www.blau-weiss-meer.de\/wordpress\/die-anlage\/","url_meta":{"origin":132,"position":2},"title":"Die Anlage","author":"Klaus Hardt","date":"26. November 2014","format":false,"excerpt":"Unsere Anlage finden Sie im Zentrum von M\u00f6nchengladbach, im Schnittpunkt der Stadtteile Westend und Dahl. Anfahrtskizze Unsere sportlichen Aktivit\u00e4ten finden auf f\u00fcnf Pl\u00e4tzen statt. Damit sind Wartezeiten die absolute Ausnahme.","rel":"","context":"\u00c4hnlicher Beitrag","block_context":{"text":"\u00c4hnlicher Beitrag","link":""},"img":{"alt_text":"Anlage","src":"https:\/\/i0.wp.com\/www.blau-weiss-meer.de\/wordpress\/wp-content\/uploads\/2015\/04\/Anlage-1024x768.jpg?resize=350%2C200","width":350,"height":200},"classes":[]},{"id":13,"url":"https:\/\/www.blau-weiss-meer.de\/wordpress\/impressum\/","url_meta":{"origin":132,"position":3},"title":"Impressum","author":"Klaus Hardt","date":"26. November 2014","format":false,"excerpt":"TG Blau-Weiss Meer e.V. Ohlerkirchweg 24 41069 M\u00f6nchengladbach Tel.: 0162-2006 516 info@blau-weiss-meer.de vorstand@blau-weiss-meer.de Vereinskennziffer: 1005060 Vereinsnummer: I\/051 Verantwortlich : Vorstand der TG Blau-Weiss Meer e.V. Copyright Alle Rechte vorbehalten. Eine Verwertung der urheberrechtlich gesch\u00fctzten Beitr\u00e4ge, insbesondere durch Vervielf\u00e4ltigung, Verbreitung auch in elektronischer Form\u00a0 ist ohne vorherige Zustimmung unzul\u00e4ssig und strafbar,\u2026","rel":"","context":"\u00c4hnlicher Beitrag","block_context":{"text":"\u00c4hnlicher Beitrag","link":""},"img":{"alt_text":"","src":"","width":0,"height":0},"classes":[]},{"id":110,"url":"https:\/\/www.blau-weiss-meer.de\/wordpress\/beispiel-seite\/historie\/","url_meta":{"origin":132,"position":4},"title":"Historie","author":"Klaus Hardt","date":"24. Januar 2015","format":false,"excerpt":"Kleine Historie Die Tennisgemeinschaft \"Blau-Weiss Meer e.V.\" wurde am 23.04.1959 gegr\u00fcndet und geh\u00f6rt damit zu den \u00e4ltesten Tennisclubs in M\u00f6nchengladbach. Bei der Gr\u00fcndung trug unser Verein noch den Namen \"Blau-Weiss Mannesmann-Meer\", wurde von der Firma Mannesmann-Meer AG tatkr\u00e4ftig unterst\u00fctzt und war als reine Betriebssportgemeinschaft ausschlie\u00dflich den Zielen des Betriebssports verpflichtet.\u2026","rel":"","context":"\u00c4hnlicher Beitrag","block_context":{"text":"\u00c4hnlicher Beitrag","link":""},"img":{"alt_text":"","src":"https:\/\/i0.wp.com\/www.blau-weiss-meer.de\/ueber_uns\/historie\/album-25-jahre\/thumbs\/th_Bild-01.jpg?resize=350%2C200","width":350,"height":200},"classes":[]},{"id":7,"url":"https:\/\/www.blau-weiss-meer.de\/wordpress\/mannschaften\/","url_meta":{"origin":132,"position":5},"title":"Mannschaften und Medenspiele 2022","author":"Claudia Takacs","date":"26. November 2014","format":false,"excerpt":"\u00a0 Damen 40 mit TC Venn Bezirksklasse A Herren 30 Kreisliga Herren 40 Bezirksklasse A Herren 50 Bezirksklasse B Herren 60 Bezirksklasse B Herren 65 Bezirksklasse B Alle Ergebnisse: https:\/\/tvn.liga.nu\/cgi-bin\/WebObjects\/nuLigaTENDE.woa\/wa\/clubMeetings?club=35793 \u00a0 nuLiga \u2013 SpielberichtDatumLigaHeimGastMatchpunkteS\u00e4tzeDi.03.05.2022 10:00\u00a0H65BKBTG BW Meer 1Gladbacher HTC 14:29:7anzeigen\u00a0Sa.07.05.2022 14:00\u00a0H40BKATG BW Meer 1BW Wickrath 11:83:17anzeigen\u00a0\u00a0\u00a0\u00a0H50BKBTV Lobberich 1[Routenplan]TG BW Meer\u2026","rel":"","context":"\u00c4hnlicher Beitrag","block_context":{"text":"\u00c4hnlicher Beitrag","link":""},"img":{"alt_text":"","src":"","width":0,"height":0},"classes":[]}],"jetpack_sharing_enabled":true,"jetpack_likes_enabled":true,"_links":{"self":[{"href":"https:\/\/www.blau-weiss-meer.de\/wordpress\/wp-json\/wp\/v2\/pages\/132","targetHints":{"allow":["GET"]}}],"collection":[{"href":"https:\/\/www.blau-weiss-meer.de\/wordpress\/wp-json\/wp\/v2\/pages"}],"about":[{"href":"https:\/\/www.blau-weiss-meer.de\/wordpress\/wp-json\/wp\/v2\/types\/page"}],"author":[{"embeddable":true,"href":"https:\/\/www.blau-weiss-meer.de\/wordpress\/wp-json\/wp\/v2\/users\/4"}],"replies":[{"embeddable":true,"href":"https:\/\/www.blau-weiss-meer.de\/wordpress\/wp-json\/wp\/v2\/comments?post=132"}],"version-history":[{"count":7,"href":"https:\/\/www.blau-weiss-meer.de\/wordpress\/wp-json\/wp\/v2\/pages\/132\/revisions"}],"predecessor-version":[{"id":332,"href":"https:\/\/www.blau-weiss-meer.de\/wordpress\/wp-json\/wp\/v2\/pages\/132\/revisions\/332"}],"up":[{"embeddable":true,"href":"https:\/\/www.blau-weiss-meer.de\/wordpress\/wp-json\/wp\/v2\/pages\/42"}],"wp:attachment":[{"href":"https:\/\/www.blau-weiss-meer.de\/wordpress\/wp-json\/wp\/v2\/media?parent=132"}],"curies":[{"name":"wp","href":"https:\/\/api.w.org\/{rel}","templated":true}]}}