{"id":130,"date":"2015-01-24T12:17:48","date_gmt":"2015-01-24T12:17:48","guid":{"rendered":"http:\/\/www.blau-weiss-meer.de\/wordpress\/?page_id=130"},"modified":"2024-03-28T11:10:30","modified_gmt":"2024-03-28T11:10:30","slug":"das-clubhaus","status":"publish","type":"page","link":"https:\/\/www.blau-weiss-meer.de\/wordpress\/die-anlage\/das-clubhaus\/","title":{"rendered":"Das Clubhaus"},"content":{"rendered":"<p>Seit Sommer 2023 haben wir ein komplett neu gebautes Clubhaus.<\/p>\n<p>Bilder folgen hier in K\u00fcrze.<\/p>\n<p>Neben dem Tennissport ist nat\u00fcrlich auch Geselligkeit im und am Clubhaus gefragt.<\/p>\n\n\n<figure class=\"wp-block-image size-large\"><a href=\"https:\/\/www.blau-weiss-meer.de\/wordpress\/wp-content\/uploads\/2024\/03\/IMG_9896-scaled.jpg\"><img loading=\"lazy\" decoding=\"async\" width=\"1024\" height=\"683\" src=\"https:\/\/www.blau-weiss-meer.de\/wordpress\/wp-content\/uploads\/2024\/03\/IMG_9896-1024x683.jpg\" alt=\"\" class=\"wp-image-4582\" srcset=\"https:\/\/www.blau-weiss-meer.de\/wordpress\/wp-content\/uploads\/2024\/03\/IMG_9896-1024x683.jpg 1024w, https:\/\/www.blau-weiss-meer.de\/wordpress\/wp-content\/uploads\/2024\/03\/IMG_9896-300x200.jpg 300w, https:\/\/www.blau-weiss-meer.de\/wordpress\/wp-content\/uploads\/2024\/03\/IMG_9896-768x512.jpg 768w, https:\/\/www.blau-weiss-meer.de\/wordpress\/wp-content\/uploads\/2024\/03\/IMG_9896-1536x1024.jpg 1536w, https:\/\/www.blau-weiss-meer.de\/wordpress\/wp-content\/uploads\/2024\/03\/IMG_9896-2048x1365.jpg 2048w\" sizes=\"auto, (max-width: 1024px) 100vw, 1024px\" \/><\/a><\/figure>\n\n\n\n<p>Zuschauer k\u00f6nnen von der Terrasse vor dem Clubhaus den Spielen folgen.<\/p>\n\n\n\n<figure class=\"wp-block-image size-large\"><a href=\"https:\/\/www.blau-weiss-meer.de\/wordpress\/wp-content\/uploads\/2024\/03\/IMG_0007-scaled.jpg\"><img loading=\"lazy\" decoding=\"async\" width=\"1024\" height=\"683\" src=\"https:\/\/www.blau-weiss-meer.de\/wordpress\/wp-content\/uploads\/2024\/03\/IMG_0007-1024x683.jpg\" alt=\"\" class=\"wp-image-4584\" srcset=\"https:\/\/www.blau-weiss-meer.de\/wordpress\/wp-content\/uploads\/2024\/03\/IMG_0007-1024x683.jpg 1024w, https:\/\/www.blau-weiss-meer.de\/wordpress\/wp-content\/uploads\/2024\/03\/IMG_0007-300x200.jpg 300w, https:\/\/www.blau-weiss-meer.de\/wordpress\/wp-content\/uploads\/2024\/03\/IMG_0007-768x512.jpg 768w, https:\/\/www.blau-weiss-meer.de\/wordpress\/wp-content\/uploads\/2024\/03\/IMG_0007-1536x1024.jpg 1536w, https:\/\/www.blau-weiss-meer.de\/wordpress\/wp-content\/uploads\/2024\/03\/IMG_0007-2048x1365.jpg 2048w\" sizes=\"auto, (max-width: 1024px) 100vw, 1024px\" \/><\/a><\/figure>\n","protected":false},"excerpt":{"rendered":"<p>Seit Sommer 2023 haben wir ein komplett neu gebautes Clubhaus. Bilder folgen hier in K\u00fcrze. Neben dem Tennissport ist nat\u00fcrlich&hellip;<\/p>\n","protected":false},"author":4,"featured_media":0,"parent":42,"menu_order":2,"comment_status":"open","ping_status":"open","template":"","meta":{"footnotes":""},"class_list":["post-130","page","type-page","status-publish","hentry"],"jetpack-related-posts":[{"id":2211,"url":"https:\/\/www.blau-weiss-meer.de\/wordpress\/veranstaltungen-2\/","url_meta":{"origin":130,"position":0},"title":"Veranstaltungen","author":"Klaus Hardt","date":"13. August 2018","format":false,"excerpt":"Eine \u00dcbersicht \u00fcber alle Medenspieltermine und sonstigen Termine dieser Saison findet Ihr in dieser XLS-Datei. Bitte achtet auf Aktualisierungen auf dem Aushang am Clubhaus! Klickt ihr hier auf Veranstaltungsplan, \u00f6ffnet sich die Kalenderansicht der Veranstaltungen. Im folgenden noch ein paar weitere kommende Veranstaltungen, f\u00fcr die ihr euch anmelden k\u00f6nnt: [add_eventon\u2026","rel":"","context":"\u00c4hnlicher Beitrag","block_context":{"text":"\u00c4hnlicher Beitrag","link":""},"img":{"alt_text":"","src":"","width":0,"height":0},"classes":[]},{"id":142,"url":"https:\/\/www.blau-weiss-meer.de\/wordpress\/clubmeisterschaften\/","url_meta":{"origin":130,"position":1},"title":"Clubmeisterschaften","author":"Klaus Hardt","date":"4. September 2018","format":false,"excerpt":"Jedes Jahr veranstalten wir Clubmeisterschaften im Mixed, Doppel und Einzelkonkurrenzen. Sie werden teils in Form von Wochenend-Turnieren oder \u00fcber einen l\u00e4ngeren Zeitraum in Gruppen- und KO-Spielen ausgetragen. Neben dem sportlichen Wettkampf ist uns vor allem das gemeinsame Tennisspielen mannschafts\u00fcbergreifend wichtig. Impressionen vom Mixed-Turnier 2023:","rel":"","context":"\u00c4hnlicher Beitrag","block_context":{"text":"\u00c4hnlicher Beitrag","link":""},"img":{"alt_text":"","src":"https:\/\/i0.wp.com\/www.blau-weiss-meer.de\/wordpress\/wp-content\/uploads\/2024\/03\/IMG_9886-scaled.jpg?resize=350%2C200&ssl=1","width":350,"height":200,"srcset":"https:\/\/i0.wp.com\/www.blau-weiss-meer.de\/wordpress\/wp-content\/uploads\/2024\/03\/IMG_9886-scaled.jpg?resize=350%2C200&ssl=1 1x, https:\/\/i0.wp.com\/www.blau-weiss-meer.de\/wordpress\/wp-content\/uploads\/2024\/03\/IMG_9886-scaled.jpg?resize=525%2C300&ssl=1 1.5x, https:\/\/i0.wp.com\/www.blau-weiss-meer.de\/wordpress\/wp-content\/uploads\/2024\/03\/IMG_9886-scaled.jpg?resize=700%2C400&ssl=1 2x, https:\/\/i0.wp.com\/www.blau-weiss-meer.de\/wordpress\/wp-content\/uploads\/2024\/03\/IMG_9886-scaled.jpg?resize=1050%2C600&ssl=1 3x, https:\/\/i0.wp.com\/www.blau-weiss-meer.de\/wordpress\/wp-content\/uploads\/2024\/03\/IMG_9886-scaled.jpg?resize=1400%2C800&ssl=1 4x"},"classes":[]},{"id":1580,"url":"https:\/\/www.blau-weiss-meer.de\/wordpress\/clubmeisterschaften\/ergebnisse-2016\/","url_meta":{"origin":130,"position":2},"title":"Ergebnisse 2019","author":"Klaus Hardt","date":"17. Mai 2017","format":false,"excerpt":"Hier die\u00a0finalen Ergebnis-Tableaus der CM 2019: cm-2019_Herren-offeneKlasse cm-2019_Herren-50+ cm-2019_Damen-Einzel \u00a0","rel":"","context":"\u00c4hnlicher Beitrag","block_context":{"text":"\u00c4hnlicher Beitrag","link":""},"img":{"alt_text":"","src":"","width":0,"height":0},"classes":[]},{"id":2343,"url":"https:\/\/www.blau-weiss-meer.de\/wordpress\/clubmeisterschaften\/ergebnisse-2017\/","url_meta":{"origin":130,"position":3},"title":"Ergebnisse 2020","author":"Klaus Hardt","date":"4. September 2018","format":false,"excerpt":"Hier die finalen Ergebnis-Tableaus der CM 2020: cm-2020-Herren-Einzel_ZW-A cm-2020-Herren-Einzel_ZW-B cm-2020-Herren-Doppel cm-2020-Damen-Doppel","rel":"","context":"\u00c4hnlicher Beitrag","block_context":{"text":"\u00c4hnlicher Beitrag","link":""},"img":{"alt_text":"","src":"","width":0,"height":0},"classes":[]},{"id":110,"url":"https:\/\/www.blau-weiss-meer.de\/wordpress\/beispiel-seite\/historie\/","url_meta":{"origin":130,"position":4},"title":"Historie","author":"Klaus Hardt","date":"24. Januar 2015","format":false,"excerpt":"Kleine Historie Die Tennisgemeinschaft \"Blau-Weiss Meer e.V.\" wurde am 23.04.1959 gegr\u00fcndet und geh\u00f6rt damit zu den \u00e4ltesten Tennisclubs in M\u00f6nchengladbach. Bei der Gr\u00fcndung trug unser Verein noch den Namen \"Blau-Weiss Mannesmann-Meer\", wurde von der Firma Mannesmann-Meer AG tatkr\u00e4ftig unterst\u00fctzt und war als reine Betriebssportgemeinschaft ausschlie\u00dflich den Zielen des Betriebssports verpflichtet.\u2026","rel":"","context":"\u00c4hnlicher Beitrag","block_context":{"text":"\u00c4hnlicher Beitrag","link":""},"img":{"alt_text":"","src":"https:\/\/i0.wp.com\/www.blau-weiss-meer.de\/ueber_uns\/historie\/album-25-jahre\/thumbs\/th_Bild-01.jpg?resize=350%2C200","width":350,"height":200},"classes":[]},{"id":3963,"url":"https:\/\/www.blau-weiss-meer.de\/wordpress\/offener-spieltreff-jeden-sonntag\/","url_meta":{"origin":130,"position":5},"title":"offener Spieltreff &#8211; jeden Sonntag","author":"Migo","date":"8. August 2022","format":false,"excerpt":"hiermit m\u00f6chte ich Euch im Namen des Vorstands zum \"Offenen Spieltreff\" herzlich einladen. In der Zeit vom 07. August bis zum 25.September 2022 werden wir jeden Sonntag ab 11.00 Uhr einen offenen Spieltreff stattfinden lassen. Dieser Spieltreff\u00a0ist neu und wir m\u00f6chten mit Euch allen, den neuen Mitgliedern so die M\u00f6glichkeit\u2026","rel":"","context":"\u00c4hnlicher Beitrag","block_context":{"text":"\u00c4hnlicher Beitrag","link":""},"img":{"alt_text":"","src":"https:\/\/i0.wp.com\/www.blau-weiss-meer.de\/wordpress\/wp-content\/uploads\/2022\/08\/bwmeergesellschaft-logo-bl.png?resize=350%2C200&ssl=1","width":350,"height":200},"classes":[]}],"jetpack_sharing_enabled":true,"jetpack_likes_enabled":true,"_links":{"self":[{"href":"https:\/\/www.blau-weiss-meer.de\/wordpress\/wp-json\/wp\/v2\/pages\/130","targetHints":{"allow":["GET"]}}],"collection":[{"href":"https:\/\/www.blau-weiss-meer.de\/wordpress\/wp-json\/wp\/v2\/pages"}],"about":[{"href":"https:\/\/www.blau-weiss-meer.de\/wordpress\/wp-json\/wp\/v2\/types\/page"}],"author":[{"embeddable":true,"href":"https:\/\/www.blau-weiss-meer.de\/wordpress\/wp-json\/wp\/v2\/users\/4"}],"replies":[{"embeddable":true,"href":"https:\/\/www.blau-weiss-meer.de\/wordpress\/wp-json\/wp\/v2\/comments?post=130"}],"version-history":[{"count":8,"href":"https:\/\/www.blau-weiss-meer.de\/wordpress\/wp-json\/wp\/v2\/pages\/130\/revisions"}],"predecessor-version":[{"id":4585,"href":"https:\/\/www.blau-weiss-meer.de\/wordpress\/wp-json\/wp\/v2\/pages\/130\/revisions\/4585"}],"up":[{"embeddable":true,"href":"https:\/\/www.blau-weiss-meer.de\/wordpress\/wp-json\/wp\/v2\/pages\/42"}],"wp:attachment":[{"href":"https:\/\/www.blau-weiss-meer.de\/wordpress\/wp-json\/wp\/v2\/media?parent=130"}],"curies":[{"name":"wp","href":"https:\/\/api.w.org\/{rel}","templated":true}]}}