{"id":13,"date":"2014-11-26T19:12:11","date_gmt":"2014-11-26T19:12:11","guid":{"rendered":"http:\/\/www.blau-weiss-meer.de\/wordpress\/?page_id=13"},"modified":"2019-02-21T17:43:21","modified_gmt":"2019-02-21T17:43:21","slug":"impressum","status":"publish","type":"page","link":"https:\/\/www.blau-weiss-meer.de\/wordpress\/impressum\/","title":{"rendered":"Impressum"},"content":{"rendered":"<aside id=\"text-3\" class=\"widget widget_text\">\n<div class=\"textwidget\">\n<p>TG Blau-Weiss Meer e.V.<br \/>\nOhlerkirchweg 24<br \/>\n41069 M\u00f6nchengladbach<br \/>\nTel.: 0162-2006 516<\/p>\n<p>info@blau-weiss-meer.de<br \/>\nvorstand@blau-weiss-meer.de<\/p>\n<p>Vereinskennziffer: 1005060<br \/>\nVereinsnummer: I\/051<br \/>\nVerantwortlich :<br \/>\nVorstand der TG Blau-Weiss Meer e.V.<\/p>\n<p><strong>Copyright<\/strong><br \/>\nAlle Rechte vorbehalten. Eine Verwertung der urheberrechtlich gesch\u00fctzten Beitr\u00e4ge, insbesondere durch Vervielf\u00e4ltigung, Verbreitung auch in elektronischer Form\u00a0 ist ohne vorherige Zustimmung unzul\u00e4ssig und strafbar, soweit sich aus dem Urhebergesetz nichts anderes ergibt.<\/p>\n<\/div>\n<\/aside>\n","protected":false},"excerpt":{"rendered":"<p>TG Blau-Weiss Meer e.V. Ohlerkirchweg 24 41069 M\u00f6nchengladbach Tel.: 0162-2006 516 info@blau-weiss-meer.de vorstand@blau-weiss-meer.de Vereinskennziffer: 1005060 Vereinsnummer: I\/051 Verantwortlich : Vorstand&hellip;<\/p>\n","protected":false},"author":4,"featured_media":0,"parent":0,"menu_order":10,"comment_status":"open","ping_status":"open","template":"","meta":{"footnotes":""},"class_list":["post-13","page","type-page","status-publish","hentry"],"jetpack-related-posts":[{"id":2,"url":"https:\/\/www.blau-weiss-meer.de\/wordpress\/beispiel-seite\/","url_meta":{"origin":13,"position":0},"title":"Unser Verein","author":"Klaus Hardt","date":"26. November 2014","format":false,"excerpt":"Willkommen auf den Internetseiten des TC Blau-Weiss Meer e.V. Auf diesen Seiten stellen wir Ihnen unseren Verein gerne einmal vor. Alle evtl. dann noch offenen Fragen k\u00f6nnen Sie gerne stellen an: Allgemeine Frageninfo@blau-weiss-meer.deNachricht an den Vorstandvorstand@blau-weiss-meer.deWebmasterwebmaster@blau-weiss-meer.deTrainingmigo@tennis-lehrer.com","rel":"","context":"\u00c4hnlicher Beitrag","block_context":{"text":"\u00c4hnlicher Beitrag","link":""},"img":{"alt_text":"","src":"","width":0,"height":0},"classes":[]},{"id":110,"url":"https:\/\/www.blau-weiss-meer.de\/wordpress\/beispiel-seite\/historie\/","url_meta":{"origin":13,"position":1},"title":"Historie","author":"Klaus Hardt","date":"24. Januar 2015","format":false,"excerpt":"Kleine Historie Die Tennisgemeinschaft \"Blau-Weiss Meer e.V.\" wurde am 23.04.1959 gegr\u00fcndet und geh\u00f6rt damit zu den \u00e4ltesten Tennisclubs in M\u00f6nchengladbach. Bei der Gr\u00fcndung trug unser Verein noch den Namen \"Blau-Weiss Mannesmann-Meer\", wurde von der Firma Mannesmann-Meer AG tatkr\u00e4ftig unterst\u00fctzt und war als reine Betriebssportgemeinschaft ausschlie\u00dflich den Zielen des Betriebssports verpflichtet.\u2026","rel":"","context":"\u00c4hnlicher Beitrag","block_context":{"text":"\u00c4hnlicher Beitrag","link":""},"img":{"alt_text":"","src":"https:\/\/i0.wp.com\/www.blau-weiss-meer.de\/ueber_uns\/historie\/album-25-jahre\/thumbs\/th_Bild-01.jpg?resize=350%2C200","width":350,"height":200},"classes":[]},{"id":2052,"url":"https:\/\/www.blau-weiss-meer.de\/wordpress\/impressum\/datenschutzerklaerung\/","url_meta":{"origin":13,"position":2},"title":"DATENSCHUTZORDNUNG","author":"Klaus Hardt","date":"7. Juni 2018","format":false,"excerpt":"DATENSCHUTZORDNUNGderTG Blau-Weiss Meer e. V. \u00a0in der revidierten Fassung vom 1. August 2024\u00a0 Datenschutz ist der TG Blau Weiss Meer e.V. sehr wichtig.Als Datenverantwortlicher versichert der Vorstand, dass die Erhebung, Verarbeitung und Nutzung von personenbezogenen Daten die Datenschutz-Grundrechte der Mitglieder angemessen ber\u00fccksichtigt. Diese Datenschutzordnung erf\u00fcllt die Vorgaben der\u00a0 Datenschutzgrundverordnung (DSGVO),\u00a0\u2026","rel":"","context":"\u00c4hnlicher Beitrag","block_context":{"text":"\u00c4hnlicher Beitrag","link":""},"img":{"alt_text":"","src":"","width":0,"height":0},"classes":[]},{"id":44,"url":"https:\/\/www.blau-weiss-meer.de\/wordpress\/kontakt\/vorstand\/","url_meta":{"origin":13,"position":3},"title":"Vorstand","author":"Klaus Hardt","date":"26. November 2014","format":false,"excerpt":"1. Vorsitzender Uwe Repschl\u00e4ger E-Mail :1vorsitzender@blau-weiss-meer.de 2. Vorsitzender Robert Mitt E-Mail :2vorsitzender@blau-weiss-meer.de Jugendwartin Laura Gonzalez E-Mail :jugendwartin@blau-weiss-meer.de Sportwart Jens Singer E-Mail :sportwart@blau-weiss-meer.de Kassenwart Ralf Kellers E-Mail:kassenwart@blau-weiss-meer.de \u00a0","rel":"","context":"\u00c4hnlicher Beitrag","block_context":{"text":"\u00c4hnlicher Beitrag","link":""},"img":{"alt_text":"Repschlaeger","src":"https:\/\/i0.wp.com\/www.blau-weiss-meer.de\/wordpress\/wp-content\/uploads\/2014\/11\/Repschlaeger-150x150.jpg?resize=350%2C200","width":350,"height":200},"classes":[]},{"id":7,"url":"https:\/\/www.blau-weiss-meer.de\/wordpress\/mannschaften\/","url_meta":{"origin":13,"position":4},"title":"Mannschaften und Medenspiele 2022","author":"Claudia Takacs","date":"26. November 2014","format":false,"excerpt":"\u00a0 Damen 40 mit TC Venn Bezirksklasse A Herren 30 Kreisliga Herren 40 Bezirksklasse A Herren 50 Bezirksklasse B Herren 60 Bezirksklasse B Herren 65 Bezirksklasse B Alle Ergebnisse: https:\/\/tvn.liga.nu\/cgi-bin\/WebObjects\/nuLigaTENDE.woa\/wa\/clubMeetings?club=35793 \u00a0 nuLiga \u2013 SpielberichtDatumLigaHeimGastMatchpunkteS\u00e4tzeDi.03.05.2022 10:00\u00a0H65BKBTG BW Meer 1Gladbacher HTC 14:29:7anzeigen\u00a0Sa.07.05.2022 14:00\u00a0H40BKATG BW Meer 1BW Wickrath 11:83:17anzeigen\u00a0\u00a0\u00a0\u00a0H50BKBTV Lobberich 1[Routenplan]TG BW Meer\u2026","rel":"","context":"\u00c4hnlicher Beitrag","block_context":{"text":"\u00c4hnlicher Beitrag","link":""},"img":{"alt_text":"","src":"","width":0,"height":0},"classes":[]},{"id":9,"url":"https:\/\/www.blau-weiss-meer.de\/wordpress\/kontakt\/","url_meta":{"origin":13,"position":5},"title":"Kontakt","author":"Klaus Hardt","date":"26. November 2014","format":false,"excerpt":"Anschrift TG Blau-Weiss Meer e.V.Ohlerkirchweg 2441069 M\u00f6nchengladbachTel.: 0162-200 6516 Karte E-Mail \u00a0 \u00a0","rel":"","context":"\u00c4hnlicher Beitrag","block_context":{"text":"\u00c4hnlicher Beitrag","link":""},"img":{"alt_text":"","src":"","width":0,"height":0},"classes":[]}],"jetpack_sharing_enabled":true,"jetpack_likes_enabled":true,"_links":{"self":[{"href":"https:\/\/www.blau-weiss-meer.de\/wordpress\/wp-json\/wp\/v2\/pages\/13","targetHints":{"allow":["GET"]}}],"collection":[{"href":"https:\/\/www.blau-weiss-meer.de\/wordpress\/wp-json\/wp\/v2\/pages"}],"about":[{"href":"https:\/\/www.blau-weiss-meer.de\/wordpress\/wp-json\/wp\/v2\/types\/page"}],"author":[{"embeddable":true,"href":"https:\/\/www.blau-weiss-meer.de\/wordpress\/wp-json\/wp\/v2\/users\/4"}],"replies":[{"embeddable":true,"href":"https:\/\/www.blau-weiss-meer.de\/wordpress\/wp-json\/wp\/v2\/comments?post=13"}],"version-history":[{"count":6,"href":"https:\/\/www.blau-weiss-meer.de\/wordpress\/wp-json\/wp\/v2\/pages\/13\/revisions"}],"predecessor-version":[{"id":2421,"href":"https:\/\/www.blau-weiss-meer.de\/wordpress\/wp-json\/wp\/v2\/pages\/13\/revisions\/2421"}],"wp:attachment":[{"href":"https:\/\/www.blau-weiss-meer.de\/wordpress\/wp-json\/wp\/v2\/media?parent=13"}],"curies":[{"name":"wp","href":"https:\/\/api.w.org\/{rel}","templated":true}]}}