{"id":126,"date":"2015-01-24T12:17:03","date_gmt":"2015-01-24T12:17:03","guid":{"rendered":"http:\/\/www.blau-weiss-meer.de\/wordpress\/?page_id=126"},"modified":"2024-05-23T08:56:54","modified_gmt":"2024-05-23T08:56:54","slug":"die-plaetze","status":"publish","type":"page","link":"https:\/\/www.blau-weiss-meer.de\/wordpress\/die-anlage\/die-plaetze\/","title":{"rendered":"Die Pl\u00e4tze"},"content":{"rendered":"\n<div class=\"wp-block-cover\"><span aria-hidden=\"true\" class=\"wp-block-cover__background has-background-dim\"><\/span><img loading=\"lazy\" decoding=\"async\" width=\"1024\" height=\"768\" class=\"wp-block-cover__image-background wp-image-3247\" alt=\"\" src=\"https:\/\/www.blau-weiss-meer.de\/wordpress\/wp-content\/uploads\/2021\/07\/20210614_1909591-1024x768.jpg\" data-object-fit=\"cover\" srcset=\"https:\/\/www.blau-weiss-meer.de\/wordpress\/wp-content\/uploads\/2021\/07\/20210614_1909591-1024x768.jpg 1024w, https:\/\/www.blau-weiss-meer.de\/wordpress\/wp-content\/uploads\/2021\/07\/20210614_1909591-300x225.jpg 300w, https:\/\/www.blau-weiss-meer.de\/wordpress\/wp-content\/uploads\/2021\/07\/20210614_1909591-768x576.jpg 768w, https:\/\/www.blau-weiss-meer.de\/wordpress\/wp-content\/uploads\/2021\/07\/20210614_1909591-1536x1152.jpg 1536w, https:\/\/www.blau-weiss-meer.de\/wordpress\/wp-content\/uploads\/2021\/07\/20210614_1909591-2048x1536.jpg 2048w, https:\/\/www.blau-weiss-meer.de\/wordpress\/wp-content\/uploads\/2021\/07\/20210614_1909591-160x120.jpg 160w\" sizes=\"auto, (max-width: 1024px) 100vw, 1024px\" \/><div class=\"wp-block-cover__inner-container is-layout-flow wp-block-cover-is-layout-flow\">\n<p class=\"has-large-font-size\">Die Neuen Pl\u00e4tze 3 &#8211; 5<\/p>\n<\/div><\/div>\n\n\n<p><span style=\"color: #000000;\">Auf f\u00fcnf Pl\u00e4tzen finden unsere sportlichen Aktivit\u00e4ten statt. Wartezeiten sind die absolute Ausnahme.<\/span><\/p>\n\n\n<figure class=\"wp-block-image size-large\"><a href=\"https:\/\/www.blau-weiss-meer.de\/wordpress\/wp-content\/uploads\/2024\/03\/20230730_102331-scaled.jpg\"><img loading=\"lazy\" decoding=\"async\" width=\"1024\" height=\"455\" src=\"https:\/\/www.blau-weiss-meer.de\/wordpress\/wp-content\/uploads\/2024\/03\/20230730_102331-1024x455.jpg\" alt=\"\" class=\"wp-image-4577\" srcset=\"https:\/\/www.blau-weiss-meer.de\/wordpress\/wp-content\/uploads\/2024\/03\/20230730_102331-1024x455.jpg 1024w, https:\/\/www.blau-weiss-meer.de\/wordpress\/wp-content\/uploads\/2024\/03\/20230730_102331-300x133.jpg 300w, https:\/\/www.blau-weiss-meer.de\/wordpress\/wp-content\/uploads\/2024\/03\/20230730_102331-768x341.jpg 768w, https:\/\/www.blau-weiss-meer.de\/wordpress\/wp-content\/uploads\/2024\/03\/20230730_102331-1536x683.jpg 1536w, https:\/\/www.blau-weiss-meer.de\/wordpress\/wp-content\/uploads\/2024\/03\/20230730_102331-2048x910.jpg 2048w\" sizes=\"auto, (max-width: 1024px) 100vw, 1024px\" \/><\/a><\/figure>\n\n\n\n<p>Die Pl\u00e4tze 1 und 2 vor der neuen Zentrale der SMS Group. <\/p>\n","protected":false},"excerpt":{"rendered":"<p>Auf f\u00fcnf Pl\u00e4tzen finden unsere sportlichen Aktivit\u00e4ten statt. Wartezeiten sind die absolute Ausnahme. Die Pl\u00e4tze 1 und 2 vor der&hellip;<\/p>\n","protected":false},"author":4,"featured_media":0,"parent":42,"menu_order":1,"comment_status":"open","ping_status":"open","template":"","meta":{"footnotes":""},"class_list":["post-126","page","type-page","status-publish","hentry"],"jetpack-related-posts":[{"id":42,"url":"https:\/\/www.blau-weiss-meer.de\/wordpress\/die-anlage\/","url_meta":{"origin":126,"position":0},"title":"Die Anlage","author":"Klaus Hardt","date":"26. November 2014","format":false,"excerpt":"Unsere Anlage finden Sie im Zentrum von M\u00f6nchengladbach, im Schnittpunkt der Stadtteile Westend und Dahl. Anfahrtskizze Unsere sportlichen Aktivit\u00e4ten finden auf f\u00fcnf Pl\u00e4tzen statt. Damit sind Wartezeiten die absolute Ausnahme.","rel":"","context":"\u00c4hnlicher Beitrag","block_context":{"text":"\u00c4hnlicher Beitrag","link":""},"img":{"alt_text":"Anlage","src":"https:\/\/i0.wp.com\/www.blau-weiss-meer.de\/wordpress\/wp-content\/uploads\/2015\/04\/Anlage-1024x768.jpg?resize=350%2C200","width":350,"height":200},"classes":[]},{"id":933,"url":"https:\/\/www.blau-weiss-meer.de\/wordpress\/jugend\/trainingszeiten\/trainingsplatz-jugend\/","url_meta":{"origin":126,"position":1},"title":"Trainingsplatz Jugend","author":"Claudia Takacs","date":"18. April 2016","format":false,"excerpt":"In dieser Saison gibt es f\u00fcr die Jugendmedenspieler die M\u00f6glichkeit, Freitags von 15.00-17.00 Uhr auf Platz 4 zu trainieren. \u00a0","rel":"","context":"\u00c4hnlicher Beitrag","block_context":{"text":"\u00c4hnlicher Beitrag","link":""},"img":{"alt_text":"","src":"","width":0,"height":0},"classes":[]},{"id":3630,"url":"https:\/\/www.blau-weiss-meer.de\/wordpress\/platzbelegung-training-mannschaften-2022\/","url_meta":{"origin":126,"position":2},"title":"Platzbelegung (Training Mannschaften 2024)","author":"Migo","date":"7. April 2022","format":false,"excerpt":"","rel":"","context":"\u00c4hnlicher Beitrag","block_context":{"text":"\u00c4hnlicher Beitrag","link":""},"img":{"alt_text":"","src":"https:\/\/i0.wp.com\/www.blau-weiss-meer.de\/wordpress\/wp-content\/uploads\/2024\/03\/Platzbelegungsplan_2024.png?resize=350%2C200&ssl=1","width":350,"height":200,"srcset":"https:\/\/i0.wp.com\/www.blau-weiss-meer.de\/wordpress\/wp-content\/uploads\/2024\/03\/Platzbelegungsplan_2024.png?resize=350%2C200&ssl=1 1x, https:\/\/i0.wp.com\/www.blau-weiss-meer.de\/wordpress\/wp-content\/uploads\/2024\/03\/Platzbelegungsplan_2024.png?resize=525%2C300&ssl=1 1.5x, https:\/\/i0.wp.com\/www.blau-weiss-meer.de\/wordpress\/wp-content\/uploads\/2024\/03\/Platzbelegungsplan_2024.png?resize=700%2C400&ssl=1 2x"},"classes":[]},{"id":134,"url":"https:\/\/www.blau-weiss-meer.de\/wordpress\/die-anlage\/trainingsplan\/","url_meta":{"origin":126,"position":3},"title":"Buchung","author":"Klaus Hardt","date":"24. Januar 2015","format":false,"excerpt":"Die Buchung der Pl\u00e4tze mit unserem Buchungssystem.","rel":"","context":"\u00c4hnlicher Beitrag","block_context":{"text":"\u00c4hnlicher Beitrag","link":""},"img":{"alt_text":"","src":"","width":0,"height":0},"classes":[]},{"id":3963,"url":"https:\/\/www.blau-weiss-meer.de\/wordpress\/offener-spieltreff-jeden-sonntag\/","url_meta":{"origin":126,"position":4},"title":"offener Spieltreff &#8211; jeden Sonntag","author":"Migo","date":"8. August 2022","format":false,"excerpt":"hiermit m\u00f6chte ich Euch im Namen des Vorstands zum \"Offenen Spieltreff\" herzlich einladen. In der Zeit vom 07. August bis zum 25.September 2022 werden wir jeden Sonntag ab 11.00 Uhr einen offenen Spieltreff stattfinden lassen. Dieser Spieltreff\u00a0ist neu und wir m\u00f6chten mit Euch allen, den neuen Mitgliedern so die M\u00f6glichkeit\u2026","rel":"","context":"\u00c4hnlicher Beitrag","block_context":{"text":"\u00c4hnlicher Beitrag","link":""},"img":{"alt_text":"","src":"https:\/\/i0.wp.com\/www.blau-weiss-meer.de\/wordpress\/wp-content\/uploads\/2022\/08\/bwmeergesellschaft-logo-bl.png?resize=350%2C200&ssl=1","width":350,"height":200},"classes":[]},{"id":2052,"url":"https:\/\/www.blau-weiss-meer.de\/wordpress\/impressum\/datenschutzerklaerung\/","url_meta":{"origin":126,"position":5},"title":"DATENSCHUTZORDNUNG","author":"Klaus Hardt","date":"7. Juni 2018","format":false,"excerpt":"DATENSCHUTZORDNUNGderTG Blau-Weiss Meer e. V. \u00a0in der revidierten Fassung vom 1. August 2024\u00a0 Datenschutz ist der TG Blau Weiss Meer e.V. sehr wichtig.Als Datenverantwortlicher versichert der Vorstand, dass die Erhebung, Verarbeitung und Nutzung von personenbezogenen Daten die Datenschutz-Grundrechte der Mitglieder angemessen ber\u00fccksichtigt. Diese Datenschutzordnung erf\u00fcllt die Vorgaben der\u00a0 Datenschutzgrundverordnung (DSGVO),\u00a0\u2026","rel":"","context":"\u00c4hnlicher Beitrag","block_context":{"text":"\u00c4hnlicher Beitrag","link":""},"img":{"alt_text":"","src":"","width":0,"height":0},"classes":[]}],"jetpack_sharing_enabled":true,"jetpack_likes_enabled":true,"_links":{"self":[{"href":"https:\/\/www.blau-weiss-meer.de\/wordpress\/wp-json\/wp\/v2\/pages\/126","targetHints":{"allow":["GET"]}}],"collection":[{"href":"https:\/\/www.blau-weiss-meer.de\/wordpress\/wp-json\/wp\/v2\/pages"}],"about":[{"href":"https:\/\/www.blau-weiss-meer.de\/wordpress\/wp-json\/wp\/v2\/types\/page"}],"author":[{"embeddable":true,"href":"https:\/\/www.blau-weiss-meer.de\/wordpress\/wp-json\/wp\/v2\/users\/4"}],"replies":[{"embeddable":true,"href":"https:\/\/www.blau-weiss-meer.de\/wordpress\/wp-json\/wp\/v2\/comments?post=126"}],"version-history":[{"count":10,"href":"https:\/\/www.blau-weiss-meer.de\/wordpress\/wp-json\/wp\/v2\/pages\/126\/revisions"}],"predecessor-version":[{"id":4606,"href":"https:\/\/www.blau-weiss-meer.de\/wordpress\/wp-json\/wp\/v2\/pages\/126\/revisions\/4606"}],"up":[{"embeddable":true,"href":"https:\/\/www.blau-weiss-meer.de\/wordpress\/wp-json\/wp\/v2\/pages\/42"}],"wp:attachment":[{"href":"https:\/\/www.blau-weiss-meer.de\/wordpress\/wp-json\/wp\/v2\/media?parent=126"}],"curies":[{"name":"wp","href":"https:\/\/api.w.org\/{rel}","templated":true}]}}