{"id":124,"date":"2015-01-24T12:14:36","date_gmt":"2015-01-24T12:14:36","guid":{"rendered":"http:\/\/www.blau-weiss-meer.de\/wordpress\/?page_id=124"},"modified":"2022-05-10T08:36:38","modified_gmt":"2022-05-10T08:36:38","slug":"links","status":"publish","type":"page","link":"https:\/\/www.blau-weiss-meer.de\/wordpress\/links\/","title":{"rendered":"Links"},"content":{"rendered":"<ul>\n<li style=\"list-style-type: none;\">\n<ul>\n<li><a href=\"http:\/\/www.tvn-tennis.de\/\">Seite des TVN (Tennisverband Niederrhein)<\/a><br \/>\n(Nr. unseres Vereins beim TVN : 1051)<\/li>\n<li><a href=\"http:\/\/www.sms-group.com\">SMS Group<\/a><\/li>\n<\/ul>\n<\/li>\n<\/ul>\n<p><strong>Rechtlicher Hinweis<\/strong><br \/>\n<em>Externe Links<\/em><br \/>\nLinks zu den Webseiten Dritter im Rahmen unserer Website verweisen auf fremde Inhalte. Sie sind keine Angebote von Blau-Weiss Meer. Wir betonen ausdr\u00fccklich, dass Blau-Weiss Meer weder technisch noch tats\u00e4chlich Einfluss auf die Gestaltung und die Inhalte evtl. gelinkter Seiten hat. Deshalb distanzieren wir uns hiermit ausdr\u00fccklich von allen Inhalten aller gelinkten Seiten auf www.blau-weiss-meer.de und machen uns ihre Inhalte nicht zu eigen. Diese Erkl\u00e4rung gilt f\u00fcr alle auf www.blau-weiss-meer.de angebrachten Links.<\/p>\n","protected":false},"excerpt":{"rendered":"<p>Seite des TVN (Tennisverband Niederrhein) (Nr. unseres Vereins beim TVN : 1051) SMS Group Rechtlicher Hinweis Externe Links Links zu&hellip;<\/p>\n","protected":false},"author":4,"featured_media":0,"parent":0,"menu_order":10,"comment_status":"open","ping_status":"open","template":"","meta":{"footnotes":""},"class_list":["post-124","page","type-page","status-publish","hentry"],"jetpack-related-posts":[{"id":2,"url":"https:\/\/www.blau-weiss-meer.de\/wordpress\/beispiel-seite\/","url_meta":{"origin":124,"position":0},"title":"Unser Verein","author":"Klaus Hardt","date":"26. November 2014","format":false,"excerpt":"Willkommen auf den Internetseiten des TC Blau-Weiss Meer e.V. Auf diesen Seiten stellen wir Ihnen unseren Verein gerne einmal vor. Alle evtl. dann noch offenen Fragen k\u00f6nnen Sie gerne stellen an: Allgemeine Frageninfo@blau-weiss-meer.deNachricht an den Vorstandvorstand@blau-weiss-meer.deWebmasterwebmaster@blau-weiss-meer.deTrainingmigo@tennis-lehrer.com","rel":"","context":"\u00c4hnlicher Beitrag","block_context":{"text":"\u00c4hnlicher Beitrag","link":""},"img":{"alt_text":"","src":"","width":0,"height":0},"classes":[]},{"id":115,"url":"https:\/\/www.blau-weiss-meer.de\/wordpress\/beispiel-seite\/mitglieder\/","url_meta":{"origin":124,"position":1},"title":"Mitglieder","author":"Klaus Hardt","date":"24. Januar 2015","format":false,"excerpt":"Derzeit hat unser Verein 110 Mitglieder (Stand: Anfang 2024), von denen rund 14 dem Jungendbereich zuzuordnen sind. Die Verteilung zwischen m\u00e4nnlichen und weiblichen Mitgliedern ist nahezu 50:50.","rel":"","context":"\u00c4hnlicher Beitrag","block_context":{"text":"\u00c4hnlicher Beitrag","link":""},"img":{"alt_text":"Mitglieder2","src":"https:\/\/i0.wp.com\/www.blau-weiss-meer.de\/wordpress\/wp-content\/uploads\/2015\/01\/Mitglieder2-1024x681.jpg?resize=350%2C200","width":350,"height":200},"classes":[]},{"id":3648,"url":"https:\/\/www.blau-weiss-meer.de\/wordpress\/sponsoren\/","url_meta":{"origin":124,"position":2},"title":"Sponsoren","author":"Migo","date":"29. April 2022","format":false,"excerpt":"Hier finden Sie all unsere Sponsoren:","rel":"","context":"\u00c4hnlicher Beitrag","block_context":{"text":"\u00c4hnlicher Beitrag","link":""},"img":{"alt_text":"","src":"https:\/\/i0.wp.com\/www.blau-weiss-meer.de\/wordpress\/wp-content\/uploads\/2023\/08\/4496470f-e3f6-44a0-95ed-63568b93d796.jpeg?resize=350%2C200&ssl=1","width":350,"height":200,"srcset":"https:\/\/i0.wp.com\/www.blau-weiss-meer.de\/wordpress\/wp-content\/uploads\/2023\/08\/4496470f-e3f6-44a0-95ed-63568b93d796.jpeg?resize=350%2C200&ssl=1 1x, https:\/\/i0.wp.com\/www.blau-weiss-meer.de\/wordpress\/wp-content\/uploads\/2023\/08\/4496470f-e3f6-44a0-95ed-63568b93d796.jpeg?resize=525%2C300&ssl=1 1.5x, https:\/\/i0.wp.com\/www.blau-weiss-meer.de\/wordpress\/wp-content\/uploads\/2023\/08\/4496470f-e3f6-44a0-95ed-63568b93d796.jpeg?resize=700%2C400&ssl=1 2x"},"classes":[]},{"id":130,"url":"https:\/\/www.blau-weiss-meer.de\/wordpress\/die-anlage\/das-clubhaus\/","url_meta":{"origin":124,"position":3},"title":"Das Clubhaus","author":"Klaus Hardt","date":"24. Januar 2015","format":false,"excerpt":"Seit Sommer 2023 haben wir ein komplett neu gebautes Clubhaus. Bilder folgen hier in K\u00fcrze. Neben dem Tennissport ist nat\u00fcrlich auch Geselligkeit im und am Clubhaus gefragt. Zuschauer k\u00f6nnen von der Terrasse vor dem Clubhaus den Spielen folgen.","rel":"","context":"\u00c4hnlicher Beitrag","block_context":{"text":"\u00c4hnlicher Beitrag","link":""},"img":{"alt_text":"","src":"https:\/\/i0.wp.com\/www.blau-weiss-meer.de\/wordpress\/wp-content\/uploads\/2024\/03\/IMG_9896-scaled.jpg?resize=350%2C200&ssl=1","width":350,"height":200,"srcset":"https:\/\/i0.wp.com\/www.blau-weiss-meer.de\/wordpress\/wp-content\/uploads\/2024\/03\/IMG_9896-scaled.jpg?resize=350%2C200&ssl=1 1x, https:\/\/i0.wp.com\/www.blau-weiss-meer.de\/wordpress\/wp-content\/uploads\/2024\/03\/IMG_9896-scaled.jpg?resize=525%2C300&ssl=1 1.5x, https:\/\/i0.wp.com\/www.blau-weiss-meer.de\/wordpress\/wp-content\/uploads\/2024\/03\/IMG_9896-scaled.jpg?resize=700%2C400&ssl=1 2x, https:\/\/i0.wp.com\/www.blau-weiss-meer.de\/wordpress\/wp-content\/uploads\/2024\/03\/IMG_9896-scaled.jpg?resize=1050%2C600&ssl=1 3x, https:\/\/i0.wp.com\/www.blau-weiss-meer.de\/wordpress\/wp-content\/uploads\/2024\/03\/IMG_9896-scaled.jpg?resize=1400%2C800&ssl=1 4x"},"classes":[]},{"id":13,"url":"https:\/\/www.blau-weiss-meer.de\/wordpress\/impressum\/","url_meta":{"origin":124,"position":4},"title":"Impressum","author":"Klaus Hardt","date":"26. November 2014","format":false,"excerpt":"TG Blau-Weiss Meer e.V. Ohlerkirchweg 24 41069 M\u00f6nchengladbach Tel.: 0162-2006 516 info@blau-weiss-meer.de vorstand@blau-weiss-meer.de Vereinskennziffer: 1005060 Vereinsnummer: I\/051 Verantwortlich : Vorstand der TG Blau-Weiss Meer e.V. Copyright Alle Rechte vorbehalten. Eine Verwertung der urheberrechtlich gesch\u00fctzten Beitr\u00e4ge, insbesondere durch Vervielf\u00e4ltigung, Verbreitung auch in elektronischer Form\u00a0 ist ohne vorherige Zustimmung unzul\u00e4ssig und strafbar,\u2026","rel":"","context":"\u00c4hnlicher Beitrag","block_context":{"text":"\u00c4hnlicher Beitrag","link":""},"img":{"alt_text":"","src":"","width":0,"height":0},"classes":[]},{"id":114,"url":"https:\/\/www.blau-weiss-meer.de\/wordpress\/beispiel-seite\/mitgliedschaft\/","url_meta":{"origin":124,"position":5},"title":"Mitgliedschaft","author":"Klaus Hardt","date":"24. Januar 2015","format":false,"excerpt":"Sie interessieren sich f\u00fcr eine Mitgliedschaft? - Bitte schauen Sie sich den Aufnahmeantrag hier an. Bei Interesse f\u00fcllen Sie den Antrag in unserem Vereinsheim aus oder laden ihn hier herunter, drucken ihn beidseitig aus und schicken ihn an uns zur\u00fcck. Die notwendigen Informationen \/ Dateien: Aufnahmeantrag(Stand: 11\/2022) BEITRAGS\u00dcBERSICHT\u00a0(Stand: 04\/2022) Satzung\u2026","rel":"","context":"\u00c4hnlicher Beitrag","block_context":{"text":"\u00c4hnlicher Beitrag","link":""},"img":{"alt_text":"","src":"","width":0,"height":0},"classes":[]}],"jetpack_sharing_enabled":true,"jetpack_likes_enabled":true,"_links":{"self":[{"href":"https:\/\/www.blau-weiss-meer.de\/wordpress\/wp-json\/wp\/v2\/pages\/124","targetHints":{"allow":["GET"]}}],"collection":[{"href":"https:\/\/www.blau-weiss-meer.de\/wordpress\/wp-json\/wp\/v2\/pages"}],"about":[{"href":"https:\/\/www.blau-weiss-meer.de\/wordpress\/wp-json\/wp\/v2\/types\/page"}],"author":[{"embeddable":true,"href":"https:\/\/www.blau-weiss-meer.de\/wordpress\/wp-json\/wp\/v2\/users\/4"}],"replies":[{"embeddable":true,"href":"https:\/\/www.blau-weiss-meer.de\/wordpress\/wp-json\/wp\/v2\/comments?post=124"}],"version-history":[{"count":10,"href":"https:\/\/www.blau-weiss-meer.de\/wordpress\/wp-json\/wp\/v2\/pages\/124\/revisions"}],"predecessor-version":[{"id":3699,"href":"https:\/\/www.blau-weiss-meer.de\/wordpress\/wp-json\/wp\/v2\/pages\/124\/revisions\/3699"}],"wp:attachment":[{"href":"https:\/\/www.blau-weiss-meer.de\/wordpress\/wp-json\/wp\/v2\/media?parent=124"}],"curies":[{"name":"wp","href":"https:\/\/api.w.org\/{rel}","templated":true}]}}