{"id":118,"date":"2015-01-24T12:12:12","date_gmt":"2015-01-24T12:12:12","guid":{"rendered":"http:\/\/www.blau-weiss-meer.de\/wordpress\/?page_id=118"},"modified":"2026-02-10T12:11:19","modified_gmt":"2026-02-10T12:11:19","slug":"tennisschule","status":"publish","type":"page","link":"https:\/\/www.blau-weiss-meer.de\/wordpress\/beispiel-seite\/tennisschule\/","title":{"rendered":"Tennisschule"},"content":{"rendered":"\n<p>Unser Verein hat eine eigene Tennisschule unter der Leitung von Migo Spenst!<\/p>\n\n\n\n<p>Hier finden Sie das Formular mit dem Sie sich f\u00fcr das Sommer-Training ab dem 13.04.26 &#8211; 16.10.26 schriftlich anmelden k\u00f6nnen:<\/p>\n\n\n\n<div data-wp-interactive=\"core\/file\" class=\"wp-block-file\"><object data-wp-bind--hidden=\"!state.hasPdfPreview\" hidden class=\"wp-block-file__embed\" data=\"https:\/\/www.blau-weiss-meer.de\/wordpress\/wp-content\/uploads\/2026\/02\/anmeldungSommer2026.pdf\" type=\"application\/pdf\" style=\"width:100%;height:600px\" aria-label=\"Einbettung von anmeldungSommer2026.\"><\/object><a id=\"wp-block-file--media-38f32417-b9e0-436a-8d83-8994f22522e3\" href=\"https:\/\/www.blau-weiss-meer.de\/wordpress\/wp-content\/uploads\/2026\/02\/anmeldungSommer2026.pdf\">anmeldungSommer2026<\/a><a href=\"https:\/\/www.blau-weiss-meer.de\/wordpress\/wp-content\/uploads\/2026\/02\/anmeldungSommer2026.pdf\" class=\"wp-block-file__button wp-element-button\" download aria-describedby=\"wp-block-file--media-38f32417-b9e0-436a-8d83-8994f22522e3\">Herunterladen<\/a><\/div>\n\n\n\n<p>N\u00e4here Informationen zu unserem staatlich gepr\u00fcften Tennislehrer, Pr\u00e4ventionscoach und DTB-C Trainer&nbsp; finden Sie unter: <a href=\"http:\/\/www.tennis-lehrer.com\">http:\/\/www.tennis-lehrer.com<\/a><\/p>\n\n\n\n<figure class=\"wp-block-image\"><a href=\"https:\/\/www.blau-weiss-meer.de\/wordpress\/wp-content\/uploads\/2022\/08\/migo2022.jpg\"><img loading=\"lazy\" decoding=\"async\" width=\"225\" height=\"300\" src=\"https:\/\/www.blau-weiss-meer.de\/wordpress\/wp-content\/uploads\/2022\/08\/migo2022-225x300.jpg\" alt=\"\" class=\"wp-image-3968\" srcset=\"https:\/\/www.blau-weiss-meer.de\/wordpress\/wp-content\/uploads\/2022\/08\/migo2022-225x300.jpg 225w, https:\/\/www.blau-weiss-meer.de\/wordpress\/wp-content\/uploads\/2022\/08\/migo2022-768x1024.jpg 768w, https:\/\/www.blau-weiss-meer.de\/wordpress\/wp-content\/uploads\/2022\/08\/migo2022-1152x1536.jpg 1152w, https:\/\/www.blau-weiss-meer.de\/wordpress\/wp-content\/uploads\/2022\/08\/migo2022.jpg 1536w\" sizes=\"auto, (max-width: 225px) 100vw, 225px\" \/><\/a><\/figure>\n\n\n\n<p>Migo Spenst<br>Maasweg 17<br>41748 Viersen<br>Tel: 01578 39 20 125<br>Fax: 02162 &#8211; 36 47 898<br><a href=\"http:\/\/www.tennis-lehrer.com\">http:\/\/www.tennis-lehrer.com<\/a><\/p>\n","protected":false},"excerpt":{"rendered":"<p>Unser Verein hat eine eigene Tennisschule unter der Leitung von Migo Spenst! Hier finden Sie das Formular mit dem Sie&hellip;<\/p>\n","protected":false},"author":4,"featured_media":0,"parent":2,"menu_order":3,"comment_status":"open","ping_status":"open","template":"","meta":{"footnotes":""},"class_list":["post-118","page","type-page","status-publish","hentry"],"jetpack-related-posts":[{"id":187,"url":"https:\/\/www.blau-weiss-meer.de\/wordpress\/jugend\/trainingszeiten\/","url_meta":{"origin":118,"position":0},"title":"Trainingszeiten","author":"Klaus Hardt","date":"25. April 2015","format":false,"excerpt":"Noch verf\u00fcgbare Trainingszeiten Sommersaison 2022 Montags: 13.00 Uhr - 16.00 Uhr Donnerstags: 13.00 Uhr -16.00 Uhr Vormittags\u00a0 Mo bis Fr 8.00 - 12.00 Andere Termine auf Anfrage \u00fcber unsere Tennisschule. Ansprechpartner: Migo Spenst migo@tennis-lehrer.com 01578 39 20 125","rel":"","context":"\u00c4hnlicher Beitrag","block_context":{"text":"\u00c4hnlicher Beitrag","link":""},"img":{"alt_text":"","src":"","width":0,"height":0},"classes":[]},{"id":93,"url":"https:\/\/www.blau-weiss-meer.de\/wordpress\/jugend\/","url_meta":{"origin":118,"position":1},"title":"Jugend","author":"Klaus Hardt","date":"24. Januar 2015","format":false,"excerpt":"Neuigkeiten zum Jugendteam Bei uns wird Jugendarbeit gro\u00df geschrieben! Techniktraining, Spiel mit Tennisschl\u00e4ger und Ball und nat\u00fcrlich immer mit viel Spa\u00df - das genie\u00dfen unsere \"Kids\" bei Jugendwartin laura Gonzales und unserem Tennistrainer Migo Spenst. Das Alter spielt keine Rolle. Der j\u00fcngste Teilnehmer am Training ist vier, die \u00e4lteste siebzehn.\u2026","rel":"","context":"\u00c4hnlicher Beitrag","block_context":{"text":"\u00c4hnlicher Beitrag","link":""},"img":{"alt_text":"P1110353","src":"https:\/\/i0.wp.com\/www.blau-weiss-meer.de\/wordpress\/wp-content\/uploads\/2015\/05\/P1110353-1024x768.jpg?resize=350%2C200","width":350,"height":200},"classes":[]},{"id":130,"url":"https:\/\/www.blau-weiss-meer.de\/wordpress\/die-anlage\/das-clubhaus\/","url_meta":{"origin":118,"position":2},"title":"Das Clubhaus","author":"Klaus Hardt","date":"24. Januar 2015","format":false,"excerpt":"Seit Sommer 2023 haben wir ein komplett neu gebautes Clubhaus. Bilder folgen hier in K\u00fcrze. Neben dem Tennissport ist nat\u00fcrlich auch Geselligkeit im und am Clubhaus gefragt. Zuschauer k\u00f6nnen von der Terrasse vor dem Clubhaus den Spielen folgen.","rel":"","context":"\u00c4hnlicher Beitrag","block_context":{"text":"\u00c4hnlicher Beitrag","link":""},"img":{"alt_text":"","src":"https:\/\/i0.wp.com\/www.blau-weiss-meer.de\/wordpress\/wp-content\/uploads\/2024\/03\/IMG_9896-scaled.jpg?resize=350%2C200&ssl=1","width":350,"height":200,"srcset":"https:\/\/i0.wp.com\/www.blau-weiss-meer.de\/wordpress\/wp-content\/uploads\/2024\/03\/IMG_9896-scaled.jpg?resize=350%2C200&ssl=1 1x, https:\/\/i0.wp.com\/www.blau-weiss-meer.de\/wordpress\/wp-content\/uploads\/2024\/03\/IMG_9896-scaled.jpg?resize=525%2C300&ssl=1 1.5x, https:\/\/i0.wp.com\/www.blau-weiss-meer.de\/wordpress\/wp-content\/uploads\/2024\/03\/IMG_9896-scaled.jpg?resize=700%2C400&ssl=1 2x, https:\/\/i0.wp.com\/www.blau-weiss-meer.de\/wordpress\/wp-content\/uploads\/2024\/03\/IMG_9896-scaled.jpg?resize=1050%2C600&ssl=1 3x, https:\/\/i0.wp.com\/www.blau-weiss-meer.de\/wordpress\/wp-content\/uploads\/2024\/03\/IMG_9896-scaled.jpg?resize=1400%2C800&ssl=1 4x"},"classes":[]},{"id":142,"url":"https:\/\/www.blau-weiss-meer.de\/wordpress\/clubmeisterschaften\/","url_meta":{"origin":118,"position":3},"title":"Clubmeisterschaften","author":"Klaus Hardt","date":"4. September 2018","format":false,"excerpt":"Jedes Jahr veranstalten wir Clubmeisterschaften im Mixed, Doppel und Einzelkonkurrenzen. Sie werden teils in Form von Wochenend-Turnieren oder \u00fcber einen l\u00e4ngeren Zeitraum in Gruppen- und KO-Spielen ausgetragen. Neben dem sportlichen Wettkampf ist uns vor allem das gemeinsame Tennisspielen mannschafts\u00fcbergreifend wichtig. Impressionen vom Mixed-Turnier 2023:","rel":"","context":"\u00c4hnlicher Beitrag","block_context":{"text":"\u00c4hnlicher Beitrag","link":""},"img":{"alt_text":"","src":"https:\/\/i0.wp.com\/www.blau-weiss-meer.de\/wordpress\/wp-content\/uploads\/2024\/03\/IMG_9886-scaled.jpg?resize=350%2C200&ssl=1","width":350,"height":200,"srcset":"https:\/\/i0.wp.com\/www.blau-weiss-meer.de\/wordpress\/wp-content\/uploads\/2024\/03\/IMG_9886-scaled.jpg?resize=350%2C200&ssl=1 1x, https:\/\/i0.wp.com\/www.blau-weiss-meer.de\/wordpress\/wp-content\/uploads\/2024\/03\/IMG_9886-scaled.jpg?resize=525%2C300&ssl=1 1.5x, https:\/\/i0.wp.com\/www.blau-weiss-meer.de\/wordpress\/wp-content\/uploads\/2024\/03\/IMG_9886-scaled.jpg?resize=700%2C400&ssl=1 2x, https:\/\/i0.wp.com\/www.blau-weiss-meer.de\/wordpress\/wp-content\/uploads\/2024\/03\/IMG_9886-scaled.jpg?resize=1050%2C600&ssl=1 3x, https:\/\/i0.wp.com\/www.blau-weiss-meer.de\/wordpress\/wp-content\/uploads\/2024\/03\/IMG_9886-scaled.jpg?resize=1400%2C800&ssl=1 4x"},"classes":[]},{"id":478,"url":"https:\/\/www.blau-weiss-meer.de\/wordpress\/jugend\/veranstaltungen-im-jugendbereich\/","url_meta":{"origin":118,"position":4},"title":"Veranstaltungen im Jugendbereich","author":"Klaus Hardt","date":"16. Juni 2015","format":false,"excerpt":"Am\u00a009.07.17 findet wieder unsere Endrunde der Pausenlige von der Montessorischule von 11.00 bis 13.00 Uhr statt. Alle Mitglieder sind herzlich eingeladen. \u00a0","rel":"","context":"\u00c4hnlicher Beitrag","block_context":{"text":"\u00c4hnlicher Beitrag","link":""},"img":{"alt_text":"","src":"","width":0,"height":0},"classes":[]},{"id":2,"url":"https:\/\/www.blau-weiss-meer.de\/wordpress\/beispiel-seite\/","url_meta":{"origin":118,"position":5},"title":"Unser Verein","author":"Klaus Hardt","date":"26. November 2014","format":false,"excerpt":"Willkommen auf den Internetseiten des TC Blau-Weiss Meer e.V. Auf diesen Seiten stellen wir Ihnen unseren Verein gerne einmal vor. Alle evtl. dann noch offenen Fragen k\u00f6nnen Sie gerne stellen an: Allgemeine Frageninfo@blau-weiss-meer.deNachricht an den Vorstandvorstand@blau-weiss-meer.deWebmasterwebmaster@blau-weiss-meer.deTrainingmigo@tennis-lehrer.com","rel":"","context":"\u00c4hnlicher Beitrag","block_context":{"text":"\u00c4hnlicher Beitrag","link":""},"img":{"alt_text":"","src":"","width":0,"height":0},"classes":[]}],"jetpack_sharing_enabled":true,"jetpack_likes_enabled":true,"_links":{"self":[{"href":"https:\/\/www.blau-weiss-meer.de\/wordpress\/wp-json\/wp\/v2\/pages\/118","targetHints":{"allow":["GET"]}}],"collection":[{"href":"https:\/\/www.blau-weiss-meer.de\/wordpress\/wp-json\/wp\/v2\/pages"}],"about":[{"href":"https:\/\/www.blau-weiss-meer.de\/wordpress\/wp-json\/wp\/v2\/types\/page"}],"author":[{"embeddable":true,"href":"https:\/\/www.blau-weiss-meer.de\/wordpress\/wp-json\/wp\/v2\/users\/4"}],"replies":[{"embeddable":true,"href":"https:\/\/www.blau-weiss-meer.de\/wordpress\/wp-json\/wp\/v2\/comments?post=118"}],"version-history":[{"count":22,"href":"https:\/\/www.blau-weiss-meer.de\/wordpress\/wp-json\/wp\/v2\/pages\/118\/revisions"}],"predecessor-version":[{"id":5220,"href":"https:\/\/www.blau-weiss-meer.de\/wordpress\/wp-json\/wp\/v2\/pages\/118\/revisions\/5220"}],"up":[{"embeddable":true,"href":"https:\/\/www.blau-weiss-meer.de\/wordpress\/wp-json\/wp\/v2\/pages\/2"}],"wp:attachment":[{"href":"https:\/\/www.blau-weiss-meer.de\/wordpress\/wp-json\/wp\/v2\/media?parent=118"}],"curies":[{"name":"wp","href":"https:\/\/api.w.org\/{rel}","templated":true}]}}