{"id":110,"date":"2015-01-24T12:09:18","date_gmt":"2015-01-24T12:09:18","guid":{"rendered":"http:\/\/www.blau-weiss-meer.de\/wordpress\/?page_id=110"},"modified":"2015-04-25T15:22:47","modified_gmt":"2015-04-25T15:22:47","slug":"historie","status":"publish","type":"page","link":"https:\/\/www.blau-weiss-meer.de\/wordpress\/beispiel-seite\/historie\/","title":{"rendered":"Historie"},"content":{"rendered":"<h4 align=\"justify\">Kleine Historie<\/h4>\n<p align=\"justify\">Die Tennisgemeinschaft &#8222;Blau-Weiss Meer e.V.&#8220; wurde am 23.04.1959 gegr\u00fcndet und geh\u00f6rt damit zu den \u00e4ltesten Tennisclubs in M\u00f6nchengladbach.<\/p>\n<p align=\"justify\">Bei der Gr\u00fcndung trug unser Verein noch den Namen &#8222;Blau-Weiss Mannesmann-Meer&#8220;, wurde von der Firma Mannesmann-Meer AG tatkr\u00e4ftig unterst\u00fctzt und war als reine Betriebssportgemeinschaft ausschlie\u00dflich den Zielen des Betriebssports verpflichtet.<br \/>\nFolglich stand in der ersten Satzung aus dem Jahre 1959, dass nur Betriebsangeh\u00f6rige der Mannesmann-Meer AG und der Mannesmann-Pulvermetall GmbH sowie deren Ehefrauen und im Elternhaus lebende Kinder Mitglied werden konnten.<br \/>\nAuch endete laut Satzung die Mitgliedschaft durch Ausscheiden aus der Firma. Eine weitere Merkw\u00fcrdigkeit der Satzung war, dass auf Wunsch von 2\/3 der bei Mitgliedsversammlungen anwesenden Belegschaftsangeh\u00f6rigen Ehegatten und Kinder von Abstimmungen ausgeschlossen werden konnten.<br \/>\nErst mit der Satzung von 1967 wurde der Vorstand erm\u00e4chtigt, auch Nicht-Firmenangeh\u00f6rige als Mitglieder aufzunehmen.<\/p>\n<p align=\"justify\"><a href=\"http:\/\/www.blau-weiss-meer.de\/ueber_uns\/historie\/album-25-jahre\/feier-25-jahre.htm\"> <img loading=\"lazy\" decoding=\"async\" src=\"http:\/\/www.blau-weiss-meer.de\/ueber_uns\/historie\/album-25-jahre\/thumbs\/th_Bild-01.jpg\" alt=\"\" width=\"120\" height=\"80\" align=\"right\" border=\"0\" hspace=\"5\" \/><\/a>Das erste &#8222;runde&#8220; Clubjubil\u00e4um zum 25-j\u00e4hrigen Bestehen wurde am 18. August 1984 feierlich begangen. Ein Blick in die Vergangenheit auf die <a href=\"http:\/\/www.blau-weiss-meer.de\/ueber_uns\/historie\/album-25-jahre\/Einladung-25-Jahr-Feier.pdf\"> Einladung<\/a> und <a href=\"http:\/\/www.blau-weiss-meer.de\/ueber_uns\/historie\/album-25-jahre\/feier-25-jahre.htm\">Bilder<\/a> dieser Veranstaltung.<\/p>\n<h4 align=\"justify\">Ein neuer Name<\/h4>\n<p align=\"justify\">Bereits 1999 gr\u00fcnden die Firmen SMS AG und Mannesmann Demag AG unter dem Namen SMS Demag ein Joint Venture zu dem auch die Firma Meer geh\u00f6rt. Mit der \u00dcbernahme durch Vodafone verabschiedet sich der Name Mannesmann kurz darauf aus der deutschen Industriekultur. Im Jahr 2000 wurde die SMS Meer GmbH ein selbstst\u00e4ndiges Unternehmen im SMS Verbund. Und ein Jahr sp\u00e4ter verschwindet dann der Name Mannesmann auch aus unserem Vereinsnamen &#8211; nunmehr \u201eTG Blau-Weiss Meer e. V.\u201c<\/p>\n<p align=\"justify\">\u00dcber die ganzen Jahre unseres Bestehens war und ist die wohlwollende Unterst\u00fctzung durch die Firma Meer ein wesentlicher und unverzichtbarer Bestandteil unseres Vereins.<\/p>\n","protected":false},"excerpt":{"rendered":"<p>Kleine Historie Die Tennisgemeinschaft &#8222;Blau-Weiss Meer e.V.&#8220; wurde am 23.04.1959 gegr\u00fcndet und geh\u00f6rt damit zu den \u00e4ltesten Tennisclubs in M\u00f6nchengladbach.&hellip;<\/p>\n","protected":false},"author":4,"featured_media":0,"parent":2,"menu_order":4,"comment_status":"open","ping_status":"open","template":"","meta":{"footnotes":""},"class_list":["post-110","page","type-page","status-publish","hentry"],"jetpack-related-posts":[{"id":115,"url":"https:\/\/www.blau-weiss-meer.de\/wordpress\/beispiel-seite\/mitglieder\/","url_meta":{"origin":110,"position":0},"title":"Mitglieder","author":"Klaus Hardt","date":"24. Januar 2015","format":false,"excerpt":"Derzeit hat unser Verein 110 Mitglieder (Stand: Anfang 2024), von denen rund 14 dem Jungendbereich zuzuordnen sind. Die Verteilung zwischen m\u00e4nnlichen und weiblichen Mitgliedern ist nahezu 50:50.","rel":"","context":"\u00c4hnlicher Beitrag","block_context":{"text":"\u00c4hnlicher Beitrag","link":""},"img":{"alt_text":"Mitglieder2","src":"https:\/\/i0.wp.com\/www.blau-weiss-meer.de\/wordpress\/wp-content\/uploads\/2015\/01\/Mitglieder2-1024x681.jpg?resize=350%2C200","width":350,"height":200},"classes":[]},{"id":114,"url":"https:\/\/www.blau-weiss-meer.de\/wordpress\/beispiel-seite\/mitgliedschaft\/","url_meta":{"origin":110,"position":1},"title":"Mitgliedschaft","author":"Klaus Hardt","date":"24. Januar 2015","format":false,"excerpt":"Sie interessieren sich f\u00fcr eine Mitgliedschaft? - Bitte schauen Sie sich den Aufnahmeantrag hier an. Bei Interesse f\u00fcllen Sie den Antrag in unserem Vereinsheim aus oder laden ihn hier herunter, drucken ihn beidseitig aus und schicken ihn an uns zur\u00fcck. Die notwendigen Informationen \/ Dateien: Aufnahmeantrag(Stand: 11\/2022) BEITRAGS\u00dcBERSICHT\u00a0(Stand: 04\/2022) Satzung\u2026","rel":"","context":"\u00c4hnlicher Beitrag","block_context":{"text":"\u00c4hnlicher Beitrag","link":""},"img":{"alt_text":"","src":"","width":0,"height":0},"classes":[]},{"id":2052,"url":"https:\/\/www.blau-weiss-meer.de\/wordpress\/impressum\/datenschutzerklaerung\/","url_meta":{"origin":110,"position":2},"title":"DATENSCHUTZORDNUNG","author":"Klaus Hardt","date":"7. Juni 2018","format":false,"excerpt":"DATENSCHUTZORDNUNGderTG Blau-Weiss Meer e. V. \u00a0in der revidierten Fassung vom 1. August 2024\u00a0 Datenschutz ist der TG Blau Weiss Meer e.V. sehr wichtig.Als Datenverantwortlicher versichert der Vorstand, dass die Erhebung, Verarbeitung und Nutzung von personenbezogenen Daten die Datenschutz-Grundrechte der Mitglieder angemessen ber\u00fccksichtigt. Diese Datenschutzordnung erf\u00fcllt die Vorgaben der\u00a0 Datenschutzgrundverordnung (DSGVO),\u00a0\u2026","rel":"","context":"\u00c4hnlicher Beitrag","block_context":{"text":"\u00c4hnlicher Beitrag","link":""},"img":{"alt_text":"","src":"","width":0,"height":0},"classes":[]},{"id":189,"url":"https:\/\/www.blau-weiss-meer.de\/wordpress\/jugend\/mannschaften\/","url_meta":{"origin":110,"position":3},"title":"Mannschaften","author":"Klaus Hardt","date":"25. April 2015","format":false,"excerpt":"Juniorinnen III\/IV Spielegemeinschaft mit dem TC Venn Junioren I\/II","rel":"","context":"\u00c4hnlicher Beitrag","block_context":{"text":"\u00c4hnlicher Beitrag","link":""},"img":{"alt_text":"","src":"","width":0,"height":0},"classes":[]},{"id":28,"url":"https:\/\/www.blau-weiss-meer.de\/wordpress\/mannschaften\/damen-40\/","url_meta":{"origin":110,"position":4},"title":"Damen 40","author":"Klaus Hardt","date":"26. November 2014","format":false,"excerpt":"Unsere Damen 40 haben eine Spielgemeinschaft mit dem TC VENN, Bezirksklasse A, Mannschaftsf\u00fchrerin:\u00a0 Winter: Takacs,Claudia Sommer: Sandra K\u00fcppersTel.-p.: 02166\/340007Tel.-d.: 02166\/985024E-Mail-p.: sportwartin@blau-weiss-meer.de Handy: 0172\/3624223 RangMannschaftLKID-NummerName, VornameNationInfoSGEinzelDoppelgesamt11LK13,227101596\u00a0K\u00fcppers, Sandra\u00a0\u00a0(1971)\u00a0\u00a0---21LK13,227001742\u00a0Palm, Sabine\u00a0\u00a0(1970)\u00a0\u00a0---31LK13,626551922\u00a0Siebra\u00dfe, Kornelia\u00a0\u00a0(1965)\u00a0\u00a0---41LK15,526902321\u00a0Takacs, Claudia\u00a0\u00a0(1969)\u00a0\u00a0---51LK18,627201418\u00a0Heilmann, Andrea\u00a0\u00a0(1972)\u00a0\u00a0---61LK19,127450819\u00a0Werner-Netzer, Anna Monika\u00a0\u00a0(1974)\u00a0\u00a0---71LK19,927902054\u00a0Schaath, Simone\u00a0\u00a0(1979)\u00a0\u00a0---81LK21,128002260\u00a0Johann, Kirsten\u00a0\u00a0(1980)\u00a0\u00a0---91LK20,227082577\u00a0Link, Sonja\u00a0\u00a0(1970)\u00a0\u00a0---101LK23,427301194\u00a0M\u00fchlen, Carolin\u00a0\u00a0(1973)\u00a0\u00a0---111LK23,427702024\u00a0D\u00fclpers, Tina\u00a0\u00a0(1977)\u00a0\u00a0--- Medenspiele 2023Samstag, 06.05.2023 14h TC Venn: Rot-Weiss Uredingen Samstag, 13.05.2023 14h TC Venn\u2026","rel":"","context":"Mit 1 Kommentar","block_context":{"text":"Mit 1 Kommentar","link":"https:\/\/www.blau-weiss-meer.de\/wordpress\/mannschaften\/damen-40\/#comments"},"img":{"alt_text":"","src":"https:\/\/i0.wp.com\/www.blau-weiss-meer.de\/wordpress\/wp-content\/uploads\/2023\/05\/image0.jpeg?resize=350%2C200&ssl=1","width":350,"height":200,"srcset":"https:\/\/i0.wp.com\/www.blau-weiss-meer.de\/wordpress\/wp-content\/uploads\/2023\/05\/image0.jpeg?resize=350%2C200&ssl=1 1x, https:\/\/i0.wp.com\/www.blau-weiss-meer.de\/wordpress\/wp-content\/uploads\/2023\/05\/image0.jpeg?resize=525%2C300&ssl=1 1.5x"},"classes":[]},{"id":142,"url":"https:\/\/www.blau-weiss-meer.de\/wordpress\/clubmeisterschaften\/","url_meta":{"origin":110,"position":5},"title":"Clubmeisterschaften","author":"Klaus Hardt","date":"4. September 2018","format":false,"excerpt":"Jedes Jahr veranstalten wir Clubmeisterschaften im Mixed, Doppel und Einzelkonkurrenzen. Sie werden teils in Form von Wochenend-Turnieren oder \u00fcber einen l\u00e4ngeren Zeitraum in Gruppen- und KO-Spielen ausgetragen. Neben dem sportlichen Wettkampf ist uns vor allem das gemeinsame Tennisspielen mannschafts\u00fcbergreifend wichtig. Impressionen vom Mixed-Turnier 2023:","rel":"","context":"\u00c4hnlicher Beitrag","block_context":{"text":"\u00c4hnlicher Beitrag","link":""},"img":{"alt_text":"","src":"https:\/\/i0.wp.com\/www.blau-weiss-meer.de\/wordpress\/wp-content\/uploads\/2024\/03\/IMG_9886-scaled.jpg?resize=350%2C200&ssl=1","width":350,"height":200,"srcset":"https:\/\/i0.wp.com\/www.blau-weiss-meer.de\/wordpress\/wp-content\/uploads\/2024\/03\/IMG_9886-scaled.jpg?resize=350%2C200&ssl=1 1x, https:\/\/i0.wp.com\/www.blau-weiss-meer.de\/wordpress\/wp-content\/uploads\/2024\/03\/IMG_9886-scaled.jpg?resize=525%2C300&ssl=1 1.5x, https:\/\/i0.wp.com\/www.blau-weiss-meer.de\/wordpress\/wp-content\/uploads\/2024\/03\/IMG_9886-scaled.jpg?resize=700%2C400&ssl=1 2x, https:\/\/i0.wp.com\/www.blau-weiss-meer.de\/wordpress\/wp-content\/uploads\/2024\/03\/IMG_9886-scaled.jpg?resize=1050%2C600&ssl=1 3x, https:\/\/i0.wp.com\/www.blau-weiss-meer.de\/wordpress\/wp-content\/uploads\/2024\/03\/IMG_9886-scaled.jpg?resize=1400%2C800&ssl=1 4x"},"classes":[]}],"jetpack_sharing_enabled":true,"jetpack_likes_enabled":true,"_links":{"self":[{"href":"https:\/\/www.blau-weiss-meer.de\/wordpress\/wp-json\/wp\/v2\/pages\/110","targetHints":{"allow":["GET"]}}],"collection":[{"href":"https:\/\/www.blau-weiss-meer.de\/wordpress\/wp-json\/wp\/v2\/pages"}],"about":[{"href":"https:\/\/www.blau-weiss-meer.de\/wordpress\/wp-json\/wp\/v2\/types\/page"}],"author":[{"embeddable":true,"href":"https:\/\/www.blau-weiss-meer.de\/wordpress\/wp-json\/wp\/v2\/users\/4"}],"replies":[{"embeddable":true,"href":"https:\/\/www.blau-weiss-meer.de\/wordpress\/wp-json\/wp\/v2\/comments?post=110"}],"version-history":[{"count":7,"href":"https:\/\/www.blau-weiss-meer.de\/wordpress\/wp-json\/wp\/v2\/pages\/110\/revisions"}],"predecessor-version":[{"id":176,"href":"https:\/\/www.blau-weiss-meer.de\/wordpress\/wp-json\/wp\/v2\/pages\/110\/revisions\/176"}],"up":[{"embeddable":true,"href":"https:\/\/www.blau-weiss-meer.de\/wordpress\/wp-json\/wp\/v2\/pages\/2"}],"wp:attachment":[{"href":"https:\/\/www.blau-weiss-meer.de\/wordpress\/wp-json\/wp\/v2\/media?parent=110"}],"curies":[{"name":"wp","href":"https:\/\/api.w.org\/{rel}","templated":true}]}}